{"id":10014,"date":"2022-10-05T16:39:53","date_gmt":"2022-10-05T16:39:53","guid":{"rendered":"https:\/\/flytechltd.com\/?post_type=product&#038;p=10014"},"modified":"2022-10-05T19:58:38","modified_gmt":"2022-10-05T19:58:38","slug":"klavye-mouse-seti-oyuncu-isikli-8014","status":"publish","type":"product","link":"https:\/\/flytechltd.com\/en\/p\/klavye-mouse-seti-oyuncu-isikli-8014\/","title":{"rendered":"Klavye Mouse Seti Oyuncu I\u015f\u0131kl\u0131 8014"},"content":{"rendered":"<p>Klavye Mouse Seti Oyuncu I\u015f\u0131kl\u0131 8014<\/p>\n","protected":false},"excerpt":{"rendered":"<p>Klavye Mouse Seti Oyuncu I\u015f\u0131kl\u0131 8014<\/p>\n","protected":false},"featured_media":10015,"comment_status":"open","ping_status":"closed","template":"","meta":[],"product_brand":[],"product_cat":[305],"product_tag":[],"class_list":{"0":"post-10014","1":"product","2":"type-product","3":"status-publish","4":"has-post-thumbnail","6":"product_cat-tus-takimi","8":"first","9":"instock","10":"shipping-taxable","11":"purchasable","12":"product-type-simple"},"aioseo_notices":[],"_links":{"self":[{"href":"https:\/\/flytechltd.com\/en\/wp-json\/wp\/v2\/product\/10014","targetHints":{"allow":["GET"]}}],"collection":[{"href":"https:\/\/flytechltd.com\/en\/wp-json\/wp\/v2\/product"}],"about":[{"href":"https:\/\/flytechltd.com\/en\/wp-json\/wp\/v2\/types\/product"}],"replies":[{"embeddable":true,"href":"https:\/\/flytechltd.com\/en\/wp-json\/wp\/v2\/comments?post=10014"}],"version-history":[{"count":0,"href":"https:\/\/flytechltd.com\/en\/wp-json\/wp\/v2\/product\/10014\/revisions"}],"wp:featuredmedia":[{"embeddable":true,"href":"https:\/\/flytechltd.com\/en\/wp-json\/wp\/v2\/media\/10015"}],"wp:attachment":[{"href":"https:\/\/flytechltd.com\/en\/wp-json\/wp\/v2\/media?parent=10014"}],"wp:term":[{"taxonomy":"product_brand","embeddable":true,"href":"https:\/\/flytechltd.com\/en\/wp-json\/wp\/v2\/product_brand?post=10014"},{"taxonomy":"product_cat","embeddable":true,"href":"https:\/\/flytechltd.com\/en\/wp-json\/wp\/v2\/product_cat?post=10014"},{"taxonomy":"product_tag","embeddable":true,"href":"https:\/\/flytechltd.com\/en\/wp-json\/wp\/v2\/product_tag?post=10014"}],"curies":[{"name":"wp","href":"https:\/\/api.w.org\/{rel}","templated":true}]}}