{"id":10040,"date":"2022-10-05T16:53:12","date_gmt":"2022-10-05T16:53:12","guid":{"rendered":"https:\/\/flytechltd.com\/?post_type=product&#038;p=10040"},"modified":"2023-01-18T11:03:04","modified_gmt":"2023-01-18T11:03:04","slug":"animasyonlu-kumandali-rgb-serit-isik-aydinlatma-5-metre","status":"publish","type":"product","link":"https:\/\/flytechltd.com\/en\/p\/animasyonlu-kumandali-rgb-serit-isik-aydinlatma-5-metre\/","title":{"rendered":"Animasyonlu Kumandal\u0131 Rgb \u015eerit I\u015f\u0131k Ayd\u0131nlatma 5 Metre"},"content":{"rendered":"<p><strong>Animasyonlu Tak \u00c7al\u0131\u015ft\u0131r Kumandal\u0131 Rgb \u015eerit I\u015f\u0131k Ayd\u0131nlatma 5 Metre-yap\u0131\u015fkan Set Ultra Pixel<\/strong><\/p>\n<p>\u00d6zellikleri:Silikonlu \u015ferit led 4 mod (strobe, fade, smooth, flash) kumanda ile renkleri de\u011fi\u015ftirebilir, istedi\u011finiz moda ge\u00e7ebilir,<br \/>\nKumanda ile a\u00e7ma\/kapama yapabilirsiniz<br \/>\ng\u00fc\u00e7l\u00fc ve parlak ayd\u0131nlatmya a enerji s\u0131n\u0131f\u0131 ile d\u00fc\u015f\u00fck elektrik t\u00fcketimi 5 metre \u015ferit led \u00e7al\u0131\u015fma g\u00fcc\u00fc 12volt yap\u0131\u015fkanl\u0131 bant\u0131 ile istedi\u011finiz y\u00fczeye uygulayabilirsiniz<br \/>\ni\u00e7 ve d\u0131\u015f mekanlarda ayd\u0131nlatma ve dekor ama\u00e7l\u0131 kullan\u0131ma uygundur su ge\u00e7irmez tozlanmaz kirlenmez<br \/>\npaket i\u00e7eri\u011fi: 5 mt \u015ferit led kumanda adapt\u00f6r kontrol kutusu( kumanda )<\/p>\n","protected":false},"excerpt":{"rendered":"<p>Animasyonlu Kumandal\u0131 Rgb \u015eerit I\u015f\u0131k Ayd\u0131nlatma 5 Metre<\/p>\n","protected":false},"featured_media":10041,"comment_status":"open","ping_status":"closed","template":"","meta":[],"product_brand":[],"product_cat":[325],"product_tag":[],"class_list":{"0":"post-10040","1":"product","2":"type-product","3":"status-publish","4":"has-post-thumbnail","6":"product_cat-lamba","8":"first","9":"instock","10":"shipping-taxable","11":"purchasable","12":"product-type-simple"},"aioseo_notices":[],"_links":{"self":[{"href":"https:\/\/flytechltd.com\/en\/wp-json\/wp\/v2\/product\/10040","targetHints":{"allow":["GET"]}}],"collection":[{"href":"https:\/\/flytechltd.com\/en\/wp-json\/wp\/v2\/product"}],"about":[{"href":"https:\/\/flytechltd.com\/en\/wp-json\/wp\/v2\/types\/product"}],"replies":[{"embeddable":true,"href":"https:\/\/flytechltd.com\/en\/wp-json\/wp\/v2\/comments?post=10040"}],"version-history":[{"count":0,"href":"https:\/\/flytechltd.com\/en\/wp-json\/wp\/v2\/product\/10040\/revisions"}],"wp:featuredmedia":[{"embeddable":true,"href":"https:\/\/flytechltd.com\/en\/wp-json\/wp\/v2\/media\/10041"}],"wp:attachment":[{"href":"https:\/\/flytechltd.com\/en\/wp-json\/wp\/v2\/media?parent=10040"}],"wp:term":[{"taxonomy":"product_brand","embeddable":true,"href":"https:\/\/flytechltd.com\/en\/wp-json\/wp\/v2\/product_brand?post=10040"},{"taxonomy":"product_cat","embeddable":true,"href":"https:\/\/flytechltd.com\/en\/wp-json\/wp\/v2\/product_cat?post=10040"},{"taxonomy":"product_tag","embeddable":true,"href":"https:\/\/flytechltd.com\/en\/wp-json\/wp\/v2\/product_tag?post=10040"}],"curies":[{"name":"wp","href":"https:\/\/api.w.org\/{rel}","templated":true}]}}