{"id":10048,"date":"2022-10-05T17:02:43","date_gmt":"2022-10-05T17:02:43","guid":{"rendered":"https:\/\/flytechltd.com\/?post_type=product&#038;p=10048"},"modified":"2022-11-12T20:03:57","modified_gmt":"2022-11-12T20:03:57","slug":"gimbal-pilli-robot-kameraman-telefon-tutucu-beyaz","status":"publish","type":"product","link":"https:\/\/flytechltd.com\/en\/p\/gimbal-pilli-robot-kameraman-telefon-tutucu-beyaz\/","title":{"rendered":"Gimbal Pilli Robot Kameraman Telefon Tutucu Beyaz"},"content":{"rendered":"<p><strong>Apai Genie Pilli Robot Kameraman Gimbal Telefon Tutucu-Robot<\/strong><\/p>\n<p>Apai Genie 3 Pilli Robot Kameraman Gimball 360 Derece D\u00f6nebilen Hem Telefon Hem Kamera Destekli Ve Kamera Aparat\u0131 Giri\u015fli VLOG \u00c7ekimi \u0130\u00e7in Uygundur Nesne Takip Y\u00fcz Takip Smart Shoting( Ak\u0131ll\u0131 \u00c7ekim) Otomatik Odaklama A\u00e7ma Kapama Tu\u015fu Mevcuttur Kendi Tripot \u00d6zellikli<\/p>\n","protected":false},"excerpt":{"rendered":"<p>Gimbal Pilli Robot Kameraman Telefon Tutucu<\/p>\n","protected":false},"featured_media":10050,"comment_status":"open","ping_status":"closed","template":"","meta":[],"product_brand":[],"product_cat":[317],"product_tag":[],"class_list":{"0":"post-10048","1":"product","2":"type-product","3":"status-publish","4":"has-post-thumbnail","6":"product_cat-tripod-ve-selfie-stick","8":"first","9":"instock","10":"shipping-taxable","11":"purchasable","12":"product-type-simple"},"aioseo_notices":[],"_links":{"self":[{"href":"https:\/\/flytechltd.com\/en\/wp-json\/wp\/v2\/product\/10048","targetHints":{"allow":["GET"]}}],"collection":[{"href":"https:\/\/flytechltd.com\/en\/wp-json\/wp\/v2\/product"}],"about":[{"href":"https:\/\/flytechltd.com\/en\/wp-json\/wp\/v2\/types\/product"}],"replies":[{"embeddable":true,"href":"https:\/\/flytechltd.com\/en\/wp-json\/wp\/v2\/comments?post=10048"}],"version-history":[{"count":0,"href":"https:\/\/flytechltd.com\/en\/wp-json\/wp\/v2\/product\/10048\/revisions"}],"wp:featuredmedia":[{"embeddable":true,"href":"https:\/\/flytechltd.com\/en\/wp-json\/wp\/v2\/media\/10050"}],"wp:attachment":[{"href":"https:\/\/flytechltd.com\/en\/wp-json\/wp\/v2\/media?parent=10048"}],"wp:term":[{"taxonomy":"product_brand","embeddable":true,"href":"https:\/\/flytechltd.com\/en\/wp-json\/wp\/v2\/product_brand?post=10048"},{"taxonomy":"product_cat","embeddable":true,"href":"https:\/\/flytechltd.com\/en\/wp-json\/wp\/v2\/product_cat?post=10048"},{"taxonomy":"product_tag","embeddable":true,"href":"https:\/\/flytechltd.com\/en\/wp-json\/wp\/v2\/product_tag?post=10048"}],"curies":[{"name":"wp","href":"https:\/\/api.w.org\/{rel}","templated":true}]}}