{"id":10101,"date":"2022-10-05T17:24:07","date_gmt":"2022-10-05T17:24:07","guid":{"rendered":"https:\/\/flytechltd.com\/?post_type=product&#038;p=10101"},"modified":"2022-10-05T17:24:08","modified_gmt":"2022-10-05T17:24:08","slug":"pilates-squat-aerobik-spor-egzersiz-direnc-lastigi","status":"publish","type":"product","link":"https:\/\/flytechltd.com\/en\/p\/pilates-squat-aerobik-spor-egzersiz-direnc-lastigi\/","title":{"rendered":"Pilates Squat Aerobik Spor Egzersiz Diren\u00e7 Lasti\u011fi"},"content":{"rendered":"<p>Pilates Squat Aerobik Spor Egzersiz Diren\u00e7 Lasti\u011fi 5li Paket<\/p>\n<p>&nbsp;<\/p>\n<p>Pilates Squat Aerobik Diren\u00e7 Lasti\u011fi 5 Li Paket Farkl\u0131 Diren\u00e7te Aerobik Band\u0131 Hafif Orta Sert Pilates Squat \u00c7al\u0131\u015fma Lasti\u011fi 5 adet Aerobik squat band\u0131Ayak parma\u011f\u0131ndan ba\u015f\u0131m\u0131za kadar v\u00fccudun t\u00fcm kas gruplar\u0131n\u0131n hareket etmesini sa\u011flayan, v\u00fccudu geli\u015ftiren, dengede tutan ve sa\u011flamla\u015ft\u0131ran minimum hareket ile v\u00fccudumuzun maksimum performans\u0131n\u0131 sa\u011flayan, ki\u015fisel kullan\u0131m ve hafif jimnastik \u00fcr\u00fcn\u00fcd\u00fcr. Son zamanlar\u0131n en g\u00f6zde sporu pilatesi evinizde yapmak i\u00e7in gerekli \u00fcr\u00fcnlerden biridir. Pilates egzersizlerine ek olarak kullan\u0131labildi\u011fi gibi, aerobik ve di\u011fer spor \u00e7al\u0131\u015fmalar\u0131 \u00f6ncesi kaslar\u0131 \u0131s\u0131tmak i\u00e7in m\u00fckemmel bir yard\u0131mc\u0131d\u0131r. Kopmaya ve y\u0131rt\u0131lmaya kar\u015f\u0131 dayanakl\u0131 latex malzemeden \u00fcretilmi\u015ftir. Aerobik band\u0131n\u0131n yararlar\u0131Pilates egzersizlerine ek olarak kullan\u0131labildi\u011fi gibi, aerobik ve di\u011fer spor \u00e7al\u0131\u015fmalar\u0131 \u00d6ncesi kaslar\u0131 \u0131s\u0131tmak i\u00e7in m\u00fckemmel bir yard\u0131mc\u0131d\u0131r. Kaslar\u0131 g\u00fc\u00e7lendirmek i\u00e7in Fiziktedavide kullan\u0131lar. \u00dcr\u00fcn \u00d6zellikleri<br \/>\nUzunluk: 60 cm<br \/>\nGeni\u015flik: 5 cm<br \/>\nFarkl\u0131 Diren\u00e7 ve RenkteMalzeme<br \/>\nKopmaya ve y\u0131rt\u0131lmaya kar\u015f\u0131 dayanakl\u0131<br \/>\nLatex malzemeden \u00fcretilmi\u015ftir<br \/>\nBu \u00fcr\u00fcnden en fazla 10 adet sipari\u015f verilebilir. 10 adetin \u00fczerindeki sipari\u015fleri Trendyol iptal etme hakk\u0131n\u0131 sakl\u0131 tutar.<br \/>\nKampanya fiyat\u0131ndan sat\u0131lmak \u00fczere 100 adetten fazla stok sunulmu\u015ftur.<br \/>\n\u0130ncelemi\u015f oldu\u011funuz \u00fcr\u00fcn\u00fcn sat\u0131\u015f fiyat\u0131n\u0131 sat\u0131c\u0131 belirlemektedir.<br \/>\nBu \u00fcr\u00fcn indirim kampanyas\u0131na dahil de\u011fildir.<br \/>\nBir \u00fcr\u00fcn, birden fazla sat\u0131c\u0131 taraf\u0131ndan sat\u0131labilir. Birden fazla sat\u0131c\u0131 taraf\u0131ndan sat\u0131\u015fa sunulan \u00fcr\u00fcnlerin sat\u0131c\u0131lar\u0131 \u00fcr\u00fcn i\u00e7in belirledikleri fiyata, sat\u0131c\u0131 puanlar\u0131na, teslimat stat\u00fclerine, \u00fcr\u00fcnlerdeki promosyonlara, kargonun bedava olup olmamas\u0131na ve \u00fcr\u00fcnlerin h\u0131zl\u0131 teslimat ile teslim edilip edilememesine, \u00fcr\u00fcnlerin stok ve kategorileri bilgilerine g\u00f6re s\u0131ralanmaktad\u0131r.<\/p>\n","protected":false},"excerpt":{"rendered":"<p>Pilates Squat Aerobik Spor Egzersiz Diren\u00e7 Lasti\u011fi<\/p>\n","protected":false},"featured_media":10102,"comment_status":"open","ping_status":"closed","template":"","meta":[],"product_brand":[],"product_cat":[659],"product_tag":[],"class_list":{"0":"post-10101","1":"product","2":"type-product","3":"status-publish","4":"has-post-thumbnail","6":"product_cat-spor-outdoor","8":"first","9":"instock","10":"shipping-taxable","11":"purchasable","12":"product-type-simple"},"aioseo_notices":[],"_links":{"self":[{"href":"https:\/\/flytechltd.com\/en\/wp-json\/wp\/v2\/product\/10101","targetHints":{"allow":["GET"]}}],"collection":[{"href":"https:\/\/flytechltd.com\/en\/wp-json\/wp\/v2\/product"}],"about":[{"href":"https:\/\/flytechltd.com\/en\/wp-json\/wp\/v2\/types\/product"}],"replies":[{"embeddable":true,"href":"https:\/\/flytechltd.com\/en\/wp-json\/wp\/v2\/comments?post=10101"}],"version-history":[{"count":0,"href":"https:\/\/flytechltd.com\/en\/wp-json\/wp\/v2\/product\/10101\/revisions"}],"wp:featuredmedia":[{"embeddable":true,"href":"https:\/\/flytechltd.com\/en\/wp-json\/wp\/v2\/media\/10102"}],"wp:attachment":[{"href":"https:\/\/flytechltd.com\/en\/wp-json\/wp\/v2\/media?parent=10101"}],"wp:term":[{"taxonomy":"product_brand","embeddable":true,"href":"https:\/\/flytechltd.com\/en\/wp-json\/wp\/v2\/product_brand?post=10101"},{"taxonomy":"product_cat","embeddable":true,"href":"https:\/\/flytechltd.com\/en\/wp-json\/wp\/v2\/product_cat?post=10101"},{"taxonomy":"product_tag","embeddable":true,"href":"https:\/\/flytechltd.com\/en\/wp-json\/wp\/v2\/product_tag?post=10101"}],"curies":[{"name":"wp","href":"https:\/\/api.w.org\/{rel}","templated":true}]}}