{"id":10115,"date":"2022-10-05T17:29:40","date_gmt":"2022-10-05T17:29:40","guid":{"rendered":"https:\/\/flytechltd.com\/?post_type=product&#038;p=10115"},"modified":"2022-10-05T17:29:41","modified_gmt":"2022-10-05T17:29:41","slug":"portable-studio-pilates-jimnastik-egzersiz-cubugu-siyah-kondisyon-bari-aleti-direnc-lastigi","status":"publish","type":"product","link":"https:\/\/flytechltd.com\/en\/p\/portable-studio-pilates-jimnastik-egzersiz-cubugu-siyah-kondisyon-bari-aleti-direnc-lastigi\/","title":{"rendered":"Portable Studio Pilates Jimnastik Egzersiz \u00c7ubu\u011fu Siyah Kondisyon Bar\u0131 Aleti Diren\u00e7 Lasti\u011fi"},"content":{"rendered":"<p><strong>Portable Studio Pilates Jimnastik Egzersiz \u00c7ubu\u011fu Siyah Kondisyon Bar\u0131 Aleti Diren\u00e7 Lasti\u011fi<\/strong><\/p>\n<p>P\u0130LATES STUD\u0130O EGZERS\u0130Z ALET\u0130 Plates Studio, bacak, kal\u00e7a, basen, kar\u0131n ve kol b\u00f6lgelerinizi ayr\u0131 ayr\u0131 \u00e7al\u0131\u015ft\u0131rarak g\u00f6z kama\u015ft\u0131r\u0131c\u0131, sa\u011fl\u0131kl\u0131 bir v\u00fccuda sahip olman\u0131za yard\u0131mc\u0131 olur. Ta\u015f\u0131nabilir Pilates Studio ile a\u011f\u0131r ekipmanlar olmadan, spor salonlar\u0131na bir servet harcamadan, zaman ve randevulara ba\u011f\u0131ml\u0131 olmadan evinizin konforunda formunuzu ve tarz\u0131n\u0131z\u0131 koruyabilirsiniz. Pilates Studio olduk\u00e7a hafif ve s\u00f6k\u00fcl\u00fcp tak\u0131lmas\u0131 sebebiyle ta\u015f\u0131nmas\u0131 kolay ve fonksiyonel bir \u00fcr\u00fcnd\u00fcr. Bar\u0131 kolay saklama i\u00e7in s\u00f6k\u00fclebilir. Pilates Studioyu ayakta, s\u0131rt\u00fcst\u00fc yatarak ve \u00e7\u00f6melerek ayr\u0131 ayr\u0131 kaslar\u0131n\u0131z\u0131 \u00e7al\u0131\u015ft\u0131rabilirsiniz. \u00dcr\u00fcn \u00d6l\u00e7\u00fcleri: Bar Uzunlu\u011fu: 101 cm Bar \u00c7ap: 3.5 cm Plates Bant \u0130p Uzunlu\u011fu: 104 cm. Paket \u0130\u00e7eri\u011fi: 1 Adet Pilates Studio<\/p>\n","protected":false},"excerpt":{"rendered":"<p>Portable Studio Pilates Jimnastik Egzersiz \u00c7ubu\u011fu Siyah Kondisyon Bar\u0131 Aleti Diren\u00e7 Lasti\u011fi<\/p>\n","protected":false},"featured_media":10116,"comment_status":"open","ping_status":"closed","template":"","meta":[],"product_brand":[],"product_cat":[659],"product_tag":[],"class_list":{"0":"post-10115","1":"product","2":"type-product","3":"status-publish","4":"has-post-thumbnail","6":"product_cat-spor-outdoor","8":"first","9":"instock","10":"shipping-taxable","11":"purchasable","12":"product-type-simple"},"aioseo_notices":[],"_links":{"self":[{"href":"https:\/\/flytechltd.com\/en\/wp-json\/wp\/v2\/product\/10115","targetHints":{"allow":["GET"]}}],"collection":[{"href":"https:\/\/flytechltd.com\/en\/wp-json\/wp\/v2\/product"}],"about":[{"href":"https:\/\/flytechltd.com\/en\/wp-json\/wp\/v2\/types\/product"}],"replies":[{"embeddable":true,"href":"https:\/\/flytechltd.com\/en\/wp-json\/wp\/v2\/comments?post=10115"}],"version-history":[{"count":0,"href":"https:\/\/flytechltd.com\/en\/wp-json\/wp\/v2\/product\/10115\/revisions"}],"wp:featuredmedia":[{"embeddable":true,"href":"https:\/\/flytechltd.com\/en\/wp-json\/wp\/v2\/media\/10116"}],"wp:attachment":[{"href":"https:\/\/flytechltd.com\/en\/wp-json\/wp\/v2\/media?parent=10115"}],"wp:term":[{"taxonomy":"product_brand","embeddable":true,"href":"https:\/\/flytechltd.com\/en\/wp-json\/wp\/v2\/product_brand?post=10115"},{"taxonomy":"product_cat","embeddable":true,"href":"https:\/\/flytechltd.com\/en\/wp-json\/wp\/v2\/product_cat?post=10115"},{"taxonomy":"product_tag","embeddable":true,"href":"https:\/\/flytechltd.com\/en\/wp-json\/wp\/v2\/product_tag?post=10115"}],"curies":[{"name":"wp","href":"https:\/\/api.w.org\/{rel}","templated":true}]}}