{"id":10153,"date":"2022-10-05T17:45:42","date_gmt":"2022-10-05T17:45:42","guid":{"rendered":"https:\/\/flytechltd.com\/?post_type=product&#038;p=10153"},"modified":"2022-11-26T17:42:53","modified_gmt":"2022-11-26T17:42:53","slug":"rgb-ring-light-isik-led-youtuber-makyaj-33cm-13inch","status":"publish","type":"product","link":"https:\/\/flytechltd.com\/en\/p\/rgb-ring-light-isik-led-youtuber-makyaj-33cm-13inch\/","title":{"rendered":"Rgb Ring Light I\u015f\u0131k Led Youtuber Makyaj 33cm (13&#8221;\u0130NCH)"},"content":{"rendered":"<p><strong>Rgb Ring Light I\u015f\u0131k Led Youtuber Makyaj 33cm (13&#8221;\u0130NCH) Led Video G\u00fczellik Merkezi I\u015f\u0131\u011f\u0131 RGB R\u0130NG L\u0130GHT<\/strong><\/p>\n<p>Usb Kablosu ile ister telefon \u015farj\u0131z\u0131dan ister pc nizden veya powerbank ile elektrik g\u00fcc\u00fc alabilirsiniz. RGB ring light 33Cm led video \u0131\u015f\u0131\u011f\u0131, Beyaz, G\u00fcn I\u015f\u0131\u011f\u0131, Soft I\u015f\u0131k, RGB renk \u00e7e\u015fidi ve kademeli ayarlanabilir parlakl\u0131k sayesinde \u00e7ekimlerinizi daha renkli hale getirebilirsiniz. Telefonunuzu halkan\u0131n ortas\u0131na sabitleyerek foto\u011fraf, video ve canl\u0131 yay\u0131nlar i\u00e7in kullanabilirsiniz. Renk tonunuza uygun olan renkleri ayarlayarak daha kaliteli \u00e7ekimler yapabilirsiniz. 6,5 in\u00e7&#8217;e kadar ak\u0131ll\u0131 telefonlar\u0131 destekleyen telefon tucu ile 360 derece geni\u015f a\u00e7\u0131l\u0131 ayarlamalar yapabilirsiniz. \u00dczerinde bulunan tu\u015flar sayesinde cihaz\u0131 a\u00e7\u0131p\/kapatabilir, renk ayarlamalar\u0131n\u0131 d\u00fczenleyebilirsiniz. USB ba\u011flant\u0131 kablosu ile enerji alarak cihaz\u0131n\u0131z\u0131 \u00e7al\u0131\u015ft\u0131rabilirsiniz. \u00dcr\u00fcn \u00d6zellikleri: \u00c7ap: 33cm \/ 13 in\u00e7<br \/>\nRenk s\u0131cakl\u0131\u011f\u0131: 3000K-6000K<br \/>\nRenk i\u015fleme endeksi:&gt; 90<br \/>\nGiri\u015f voltaj\u0131: 5V<br \/>\nFrekans: 50-60 HZ<br \/>\nL\u00fcmen: 1000LM<br \/>\nAray\u00fcz: USB (PTZ + cep telefonu klipsli)<br \/>\nMaksimum g\u00fc\u00e7: 25W<br \/>\nA\u00e7\u0131k renk: so\u011fuk renk \/ s\u0131cak renk \/ do\u011fal renk + RGB \u0131\u015f\u0131k<br \/>\nCRI: Ra&gt; 90<br \/>\nAyarlanabilir renkler: ayarlanabilir parlakl\u0131k ve renk kar\u0131\u015ft\u0131rma, \u00f6zel renk efektleri<br \/>\nAyarlanabilir parlakl\u0131k:% 10-100 (10 seviye)<\/p>\n<p>Malzeme: ABS + PC<br \/>\nTripod Ayarlanabilir Y\u00fcksekli\u011fi: 75 cm &#8211; 2 Metre<br \/>\nPaket \u0130\u00e7eri\u011fi: 1 x MJ33 RGB Ring Light Led Video I\u015f\u0131\u011f\u0131<br \/>\n1 x Tripod Ayak<br \/>\n1 x Telefon Ba\u011flant\u0131 Aparat\u0131<br \/>\nRGB Ring Light 33Cm Led Video I\u015f\u0131\u011f\u0131 Ne \u0130\u015fe Yarar? RGB ring light 33Cm led video \u0131\u015f\u0131\u011f\u0131, telefonunuzu halkan\u0131n ortas\u0131na yerle\u015ftirerek foto\u011fraf ve video \u00e7ekimlerinizde daha renkli g\u00f6r\u00fcnt\u00fcler elde etmenize olanak sa\u011flar. RGB Ring Light 33Cm Led Video I\u015f\u0131\u011f\u0131, Hangi Alanlarda Kullanabilirim? RGB ring light 33Cm led video \u0131\u015f\u0131\u011f\u0131, \u00f6zellikle youtube, tiktok ve facebook sosyal platformlar i\u00e7in olduk\u00e7a kaliteli ve renkli \u00e7ekimler(video) ortaya \u00e7\u0131karabilirsiniz. RGB Ring Light 33Cm Led Video I\u015f\u0131\u011f\u0131, Nas\u0131l Kullan\u0131l\u0131r? RGB ring light 33Cm led video \u0131\u015f\u0131\u011f\u0131, i\u00e7erisinde bulunan telefon sabitleyici aparat\u0131 halkan\u0131n ortas\u0131na sabitledikten sonra USB g\u00fc\u00e7 kablosu ile herhangi bir adapt\u00f6r\u00fc ba\u011flayarak kablo \u00fczerinde bulunan on\/off tu\u015flar ile \u0131\u015f\u0131\u011f\u0131 aktif hale getirebilirsiniz. RGB Ring Light 33Cm Led Video I\u015f\u0131\u011f\u0131, \u0130\u00e7erisinde Bulunan Tripod Ka\u00e7 Kademelidir? RGB ring light 33Cm led video \u0131\u015f\u0131\u011f\u0131, i\u00e7erisinde bulunan 3 kademeli tripod ile \u0131\u015f\u0131\u011f\u0131n\u0131z\u0131n y\u00fcksekli\u011fini rahatl\u0131kla ayarlayabilirsiniz.<\/p>\n","protected":false},"excerpt":{"rendered":"<p>Rgb Ring Light I\u015f\u0131k Led Youtuber Makyaj 33cm (13&#8221;\u0130NCH)<\/p>\n","protected":false},"featured_media":10154,"comment_status":"open","ping_status":"closed","template":"","meta":[],"product_brand":[],"product_cat":[325,317],"product_tag":[],"class_list":{"0":"post-10153","1":"product","2":"type-product","3":"status-publish","4":"has-post-thumbnail","6":"product_cat-lamba","7":"product_cat-tripod-ve-selfie-stick","9":"first","10":"instock","11":"shipping-taxable","12":"purchasable","13":"product-type-simple"},"aioseo_notices":[],"_links":{"self":[{"href":"https:\/\/flytechltd.com\/en\/wp-json\/wp\/v2\/product\/10153","targetHints":{"allow":["GET"]}}],"collection":[{"href":"https:\/\/flytechltd.com\/en\/wp-json\/wp\/v2\/product"}],"about":[{"href":"https:\/\/flytechltd.com\/en\/wp-json\/wp\/v2\/types\/product"}],"replies":[{"embeddable":true,"href":"https:\/\/flytechltd.com\/en\/wp-json\/wp\/v2\/comments?post=10153"}],"version-history":[{"count":0,"href":"https:\/\/flytechltd.com\/en\/wp-json\/wp\/v2\/product\/10153\/revisions"}],"wp:featuredmedia":[{"embeddable":true,"href":"https:\/\/flytechltd.com\/en\/wp-json\/wp\/v2\/media\/10154"}],"wp:attachment":[{"href":"https:\/\/flytechltd.com\/en\/wp-json\/wp\/v2\/media?parent=10153"}],"wp:term":[{"taxonomy":"product_brand","embeddable":true,"href":"https:\/\/flytechltd.com\/en\/wp-json\/wp\/v2\/product_brand?post=10153"},{"taxonomy":"product_cat","embeddable":true,"href":"https:\/\/flytechltd.com\/en\/wp-json\/wp\/v2\/product_cat?post=10153"},{"taxonomy":"product_tag","embeddable":true,"href":"https:\/\/flytechltd.com\/en\/wp-json\/wp\/v2\/product_tag?post=10153"}],"curies":[{"name":"wp","href":"https:\/\/api.w.org\/{rel}","templated":true}]}}