{"id":10167,"date":"2022-10-05T17:52:37","date_gmt":"2022-10-05T17:52:37","guid":{"rendered":"https:\/\/flytechltd.com\/?post_type=product&#038;p=10167"},"modified":"2022-11-26T17:42:38","modified_gmt":"2022-11-26T17:42:38","slug":"telefon-tutucu-rgb-youtuber-tiktok-cekim-renkli-ring-light-makyaj-isigi-10-inc","status":"publish","type":"product","link":"https:\/\/flytechltd.com\/en\/p\/telefon-tutucu-rgb-youtuber-tiktok-cekim-renkli-ring-light-makyaj-isigi-10-inc\/","title":{"rendered":"Telefon Tutucu Rgb Youtuber Tiktok \u00c7ekim Renkli Ring Light Makyaj I\u015f\u0131\u011f\u0131 10 In\u00e7"},"content":{"rendered":"<p><strong>Rgb Youtuber Tiktok \u00c7ekim Telefon Tutucu Renkli Ring Light Makyaj I\u015f\u0131\u011f\u0131 10 In\u00e7 2. Mt Tripod<\/strong><\/p>\n<p>M26 ring light 26Cm led video \u0131\u015f\u0131\u011f\u0131, ayarlanabilir parlakl\u0131k sayesinde \u00e7ekimlerinizi daha renkli hale getirebilirsiniz. Telefonunuzu halkan\u0131n ortas\u0131na sabitleyerek foto\u011fraf, video ve canl\u0131 yay\u0131nlar i\u00e7in kullanabilirsiniz. Renk tonunuza uygun olan renkleri ayarlayarak daha kaliteli \u00e7ekimler yapabilirsiniz. 6,5 in\u00e7&#8217;e kadar ak\u0131ll\u0131 telefonlar\u0131 destekleyen telefon tucu ile 360 derece geni\u015f a\u00e7\u0131l\u0131 ayarlamalar yapabilirsiniz. \u00dczerinde bulunan tu\u015flar sayesinde cihaz\u0131 a\u00e7\u0131p\/kapatabilir, renk ayarlamalar\u0131n\u0131 d\u00fczenleyebilirsiniz. USB ba\u011flant\u0131 kablosu ile enerji alarak cihaz\u0131n\u0131z\u0131 \u00e7al\u0131\u015ft\u0131rabilirsiniz.<br \/>\nModel: MJ26<br \/>\n\u00c7ap: 26cm \/ 10 in\u00e7<br \/>\nRenk s\u0131cakl\u0131\u011f\u0131: 3200K-5600K<br \/>\nRenk i\u015fleme endeksi:&gt; 90<br \/>\nGiri\u015f voltaj\u0131: 5V<br \/>\nFrekans: 50-60 HZ<br \/>\nL\u00fcmen: 1000LM<br \/>\nAray\u00fcz: USB (PTZ + cep telefonu klipsli)<br \/>\nMaksimum g\u00fc\u00e7: 25W<br \/>\nA\u00e7\u0131k renk: so\u011fuk renk \/ s\u0131cak renk \/ do\u011fal renk + RGB \u0131\u015f\u0131k<\/p>\n<p>CRI: Ra&gt; 90<br \/>\nAyarlanabilir renkler: ayarlanabilir parlakl\u0131k ve renk kar\u0131\u015ft\u0131rma, \u00f6zel renk efektleri<br \/>\nAyarlanabilir parlakl\u0131k:% 10-100 (10 seviye)<br \/>\nMalzeme: ABS + PC<br \/>\nTripod Ayarlanabilir Y\u00fcksekli\u011fi: 75 cm &#8211; 2 M<br \/>\nPaket \u0130\u00e7eri\u011fi: 1 x RGB Ring Light 26Cm Led Video I\u015f\u0131\u011f\u0131<br \/>\n1 x Tripod Ayak<br \/>\n1 x Telefon Tutucu Aparat\u0131<\/p>\n","protected":false},"excerpt":{"rendered":"<p>Telefon Tutucu Rgb Youtuber Tiktok \u00c7ekim Renkli Ring Light Makyaj I\u015f\u0131\u011f\u0131 10 In\u00e7 2. Mt Tripod<\/p>\n","protected":false},"featured_media":10175,"comment_status":"open","ping_status":"closed","template":"","meta":[],"product_brand":[],"product_cat":[325,317],"product_tag":[],"class_list":{"0":"post-10167","1":"product","2":"type-product","3":"status-publish","4":"has-post-thumbnail","6":"product_cat-lamba","7":"product_cat-tripod-ve-selfie-stick","9":"first","10":"instock","11":"shipping-taxable","12":"purchasable","13":"product-type-simple"},"aioseo_notices":[],"_links":{"self":[{"href":"https:\/\/flytechltd.com\/en\/wp-json\/wp\/v2\/product\/10167","targetHints":{"allow":["GET"]}}],"collection":[{"href":"https:\/\/flytechltd.com\/en\/wp-json\/wp\/v2\/product"}],"about":[{"href":"https:\/\/flytechltd.com\/en\/wp-json\/wp\/v2\/types\/product"}],"replies":[{"embeddable":true,"href":"https:\/\/flytechltd.com\/en\/wp-json\/wp\/v2\/comments?post=10167"}],"version-history":[{"count":0,"href":"https:\/\/flytechltd.com\/en\/wp-json\/wp\/v2\/product\/10167\/revisions"}],"wp:featuredmedia":[{"embeddable":true,"href":"https:\/\/flytechltd.com\/en\/wp-json\/wp\/v2\/media\/10175"}],"wp:attachment":[{"href":"https:\/\/flytechltd.com\/en\/wp-json\/wp\/v2\/media?parent=10167"}],"wp:term":[{"taxonomy":"product_brand","embeddable":true,"href":"https:\/\/flytechltd.com\/en\/wp-json\/wp\/v2\/product_brand?post=10167"},{"taxonomy":"product_cat","embeddable":true,"href":"https:\/\/flytechltd.com\/en\/wp-json\/wp\/v2\/product_cat?post=10167"},{"taxonomy":"product_tag","embeddable":true,"href":"https:\/\/flytechltd.com\/en\/wp-json\/wp\/v2\/product_tag?post=10167"}],"curies":[{"name":"wp","href":"https:\/\/api.w.org\/{rel}","templated":true}]}}