{"id":10230,"date":"2022-10-05T18:17:48","date_gmt":"2022-10-05T18:17:48","guid":{"rendered":"https:\/\/flytechltd.com\/?post_type=product&#038;p=10230"},"modified":"2022-10-05T18:17:48","modified_gmt":"2022-10-05T18:17:48","slug":"kamp-dus-20lt","status":"publish","type":"product","link":"https:\/\/flytechltd.com\/en\/p\/kamp-dus-20lt\/","title":{"rendered":"Kamp Du\u015f 20LT"},"content":{"rendered":"<p><strong>Kamp Du\u015f 20LT<\/strong><\/p>\n<p>\u00dcr\u00fcn \u00f6zellikleri:<br \/>\nSiyah malzeme i\u00e7erisindeki suyu \u0131s\u0131tmak i\u00e7in g\u00fcne\u015ften yararlanarak \u0131s\u0131y\u0131 emer.<br \/>\nBirka\u00e7 sefer du\u015f alabilmek i\u00e7in 20 litre su bulundurma kapasitesi vard\u0131r.<br \/>\nTalimatlar:<br \/>\nIlk kullan\u0131mdan \u00f6nce temiz su ile durulay\u0131n.<br \/>\nEmniyetli ve direk g\u00fcne\u015f \u0131\u015f\u0131nlar\u0131n\u0131 g\u00f6recek \u015fekilde as\u0131n.<br \/>\nKullanmad\u0131\u011f\u0131n\u0131z zamanlarda d\u00fczg\u00fcn \u015fekilde katlayarak saklay\u0131n.<br \/>\nDelinmelere kar\u015f\u0131 koruyun.<br \/>\nDikkat:<br \/>\n\u00c7ok y\u00fcksek s\u0131cakl\u0131\u011fa ula\u015fabilir.<br \/>\nDu\u015f almadan \u00f6nce suyun s\u0131cakl\u0131\u011f\u0131n\u0131 mutlaka kontrol edin.<br \/>\nGerekirse so\u011fuk su ekleyin.<br \/>\nT\u00fcm kamp ve do\u011fa aktivitelerinizde rahatl\u0131kla kullanabilirsiniz.<\/p>\n","protected":false},"excerpt":{"rendered":"<p>Kamp Du\u015f 20LT<\/p>\n","protected":false},"featured_media":10236,"comment_status":"open","ping_status":"closed","template":"","meta":[],"product_brand":[],"product_cat":[659],"product_tag":[],"class_list":{"0":"post-10230","1":"product","2":"type-product","3":"status-publish","4":"has-post-thumbnail","6":"product_cat-spor-outdoor","8":"first","9":"instock","10":"shipping-taxable","11":"purchasable","12":"product-type-simple"},"aioseo_notices":[],"_links":{"self":[{"href":"https:\/\/flytechltd.com\/en\/wp-json\/wp\/v2\/product\/10230","targetHints":{"allow":["GET"]}}],"collection":[{"href":"https:\/\/flytechltd.com\/en\/wp-json\/wp\/v2\/product"}],"about":[{"href":"https:\/\/flytechltd.com\/en\/wp-json\/wp\/v2\/types\/product"}],"replies":[{"embeddable":true,"href":"https:\/\/flytechltd.com\/en\/wp-json\/wp\/v2\/comments?post=10230"}],"version-history":[{"count":0,"href":"https:\/\/flytechltd.com\/en\/wp-json\/wp\/v2\/product\/10230\/revisions"}],"wp:featuredmedia":[{"embeddable":true,"href":"https:\/\/flytechltd.com\/en\/wp-json\/wp\/v2\/media\/10236"}],"wp:attachment":[{"href":"https:\/\/flytechltd.com\/en\/wp-json\/wp\/v2\/media?parent=10230"}],"wp:term":[{"taxonomy":"product_brand","embeddable":true,"href":"https:\/\/flytechltd.com\/en\/wp-json\/wp\/v2\/product_brand?post=10230"},{"taxonomy":"product_cat","embeddable":true,"href":"https:\/\/flytechltd.com\/en\/wp-json\/wp\/v2\/product_cat?post=10230"},{"taxonomy":"product_tag","embeddable":true,"href":"https:\/\/flytechltd.com\/en\/wp-json\/wp\/v2\/product_tag?post=10230"}],"curies":[{"name":"wp","href":"https:\/\/api.w.org\/{rel}","templated":true}]}}