{"id":10417,"date":"2022-10-05T20:41:14","date_gmt":"2022-10-05T20:41:14","guid":{"rendered":"https:\/\/flytechltd.com\/?post_type=product&#038;p=10417"},"modified":"2025-07-24T11:07:32","modified_gmt":"2025-07-24T11:07:32","slug":"iphone-12-purple","status":"publish","type":"product","link":"https:\/\/flytechltd.com\/en\/p\/iphone-12-purple\/","title":{"rendered":"iPhone 12 Purple"},"content":{"rendered":"<p class=\"column dd-display-size\"><strong>\u00a06.1 in\u00e7\u00a0<\/strong><\/p>\n<p class=\"column dd-compact-large-4\">Super Retina XDR ekran<\/p>\n<p><img decoding=\"async\" class=\"dd-icon-sos ir\" src=\"https:\/\/store.storeimages.cdn-apple.com\/4668\/as-images.apple.com\/is\/iphone-compare-icon-iphone-sos-202209?wid=112&amp;hei=112&amp;fmt=jpeg&amp;qlt=90&amp;.v=1660759995664\" alt=\"\" width=\"56\" height=\"56\" \/><\/p>\n<p class=\"column column dd-compact-small-10\">Acil SOS<\/p>\n<p class=\"column column dd-compact-small-10\"><img decoding=\"async\" class=\"\" src=\"https:\/\/store.storeimages.cdn-apple.com\/4668\/as-images.apple.com\/is\/iphone-compare-icon-iphone-14-dual-camera-202209?wid=112&amp;hei=112&amp;fmt=jpeg&amp;qlt=90&amp;.v=1661956958037\" width=\"55\" height=\"55\" \/><\/p>\n<p>\u00c7ift kamera sistemi<br \/>\n12 MP Ana kamera\u00a0<span class=\"span-pipe\">Ultra Geni\u015f<\/span><span class=\"show-for-large tr-align-fix\">\u00a0<\/span><\/p>\n<p>TrueDepth \u00f6n kamera<\/p>\n<p><span class=\"badge-value\">2 kat<\/span><span class=\"badge-copy\">Optik zoom aral\u0131\u011f\u0131<\/span><\/p>\n<p><img decoding=\"async\" class=\"dd-icon-battery ir\" src=\"https:\/\/store.storeimages.cdn-apple.com\/4668\/as-images.apple.com\/is\/iphone-compare-icon-battery-202209?wid=112&amp;hei=112&amp;fmt=jpeg&amp;qlt=90&amp;.v=1660759995596\" alt=\"\" width=\"56\" height=\"56\" \/><\/p>\n<p class=\"column dd-compact-large-12 dd-compact-small-12\">17 saate kadar video oynatma<\/p>\n<p class=\"column dd-compact-large-12 dd-compact-small-12\"><img loading=\"lazy\" decoding=\"async\" class=\"alignnone size-full wp-image-9798\" src=\"https:\/\/flytechltd.com\/wp-content\/uploads\/2022\/10\/indir.jpg\" alt=\"\" width=\"64\" height=\"48\" \/><\/p>\n<p>A14 Bionic \u00e7ip<\/p>\n<p>6 \u00e7ekirdekli CPU<\/p>\n<p>4 \u00e7ekirdekli GPU<\/p>\n<p>16 \u00e7ekirdekli Neural\u00a0Engine<\/p>\n<p><img loading=\"lazy\" decoding=\"async\" class=\"dd-icon-phone-unlock ir\" src=\"https:\/\/store.storeimages.cdn-apple.com\/4668\/as-images.apple.com\/is\/iphone-compare-icon-face-id-202209?wid=112&amp;hei=112&amp;fmt=jpeg&amp;qlt=90&amp;.v=1660759995588\" alt=\"\" width=\"56\" height=\"56\" \/><\/p>\n<p class=\"column dd-compact-large-24\">Face ID<\/p>\n<p><img loading=\"lazy\" decoding=\"async\" class=\"dd-icon-cellular ir\" src=\"https:\/\/store.storeimages.cdn-apple.com\/4668\/as-images.apple.com\/is\/iphone-compare-icon-5g-202209?wid=112&amp;hei=112&amp;fmt=jpeg&amp;qlt=90&amp;.v=1660759995509\" alt=\"\" width=\"56\" height=\"56\" \/><\/p>\n<p class=\"column dd-compact-small-12\">5G \u00f6zellikli<\/p>\n<p><img loading=\"lazy\" decoding=\"async\" class=\"alignnone wp-image-9533\" src=\"https:\/\/flytechltd.com\/wp-content\/uploads\/2022\/10\/product-page-icon_-magsafe-1-300x300.png\" alt=\"\" width=\"55\" height=\"55\" srcset=\"https:\/\/flytechltd.com\/wp-content\/uploads\/2022\/10\/product-page-icon_-magsafe-1-300x300.png 300w, https:\/\/flytechltd.com\/wp-content\/uploads\/2022\/10\/product-page-icon_-magsafe-1-150x150.png 150w, https:\/\/flytechltd.com\/wp-content\/uploads\/2022\/10\/product-page-icon_-magsafe-1.png 500w\" sizes=\"(max-width: 55px) 100vw, 55px\" \/>\u00a0MagSafe k\u0131l\u0131flar\u0131, c\u00fczdanlar\u0131, kablosuz \u015farj ayg\u0131tlar\u0131 ve daha bir\u00e7ok aksesuarla uyumlu<\/p>\n<p class=\"column dd-compact-small-12\"><img loading=\"lazy\" decoding=\"async\" class=\"alignnone wp-image-9520\" src=\"https:\/\/flytechltd.com\/wp-content\/uploads\/2022\/10\/images.png\" alt=\"\" width=\"55\" height=\"55\" srcset=\"https:\/\/flytechltd.com\/wp-content\/uploads\/2022\/10\/images.png 300w, https:\/\/flytechltd.com\/wp-content\/uploads\/2022\/10\/images-150x150.png 150w\" sizes=\"(max-width: 55px) 100vw, 55px\" \/>\u00a0T\u00fcm ak\u0131ll\u0131 telefon camlar\u0131ndan daha sa\u011flam olan Ceramic Shield \u00f6n y\u00fczey\u00a0 Cerrahi s\u0131n\u0131f paslanmaz \u00e7elik\u00a0 30 dakikaya kadar maksimum 6 metre derinlikte suya dayan\u0131kl\u0131 tasar\u0131m<\/p>\n","protected":false},"excerpt":{"rendered":"<p>Kutunun \u0130\u00e7indekiler:<\/p>\n<p>iPhone 12\u00a0 \/\u00a0 USB-C \u2013 Lightning Kablosu<\/p>\n","protected":false},"featured_media":10534,"comment_status":"open","ping_status":"closed","template":"","meta":[],"product_brand":[],"product_cat":[314],"product_tag":[],"class_list":{"0":"post-10417","1":"product","2":"type-product","3":"status-publish","4":"has-post-thumbnail","6":"product_cat-akilli-telefon","8":"first","9":"outofstock","10":"shipping-taxable","11":"purchasable","12":"product-type-variable"},"aioseo_notices":[],"_links":{"self":[{"href":"https:\/\/flytechltd.com\/en\/wp-json\/wp\/v2\/product\/10417","targetHints":{"allow":["GET"]}}],"collection":[{"href":"https:\/\/flytechltd.com\/en\/wp-json\/wp\/v2\/product"}],"about":[{"href":"https:\/\/flytechltd.com\/en\/wp-json\/wp\/v2\/types\/product"}],"replies":[{"embeddable":true,"href":"https:\/\/flytechltd.com\/en\/wp-json\/wp\/v2\/comments?post=10417"}],"version-history":[{"count":0,"href":"https:\/\/flytechltd.com\/en\/wp-json\/wp\/v2\/product\/10417\/revisions"}],"wp:featuredmedia":[{"embeddable":true,"href":"https:\/\/flytechltd.com\/en\/wp-json\/wp\/v2\/media\/10534"}],"wp:attachment":[{"href":"https:\/\/flytechltd.com\/en\/wp-json\/wp\/v2\/media?parent=10417"}],"wp:term":[{"taxonomy":"product_brand","embeddable":true,"href":"https:\/\/flytechltd.com\/en\/wp-json\/wp\/v2\/product_brand?post=10417"},{"taxonomy":"product_cat","embeddable":true,"href":"https:\/\/flytechltd.com\/en\/wp-json\/wp\/v2\/product_cat?post=10417"},{"taxonomy":"product_tag","embeddable":true,"href":"https:\/\/flytechltd.com\/en\/wp-json\/wp\/v2\/product_tag?post=10417"}],"curies":[{"name":"wp","href":"https:\/\/api.w.org\/{rel}","templated":true}]}}