{"id":10603,"date":"2022-10-05T23:30:08","date_gmt":"2022-10-05T23:30:08","guid":{"rendered":"https:\/\/flytechltd.com\/?post_type=product&#038;p=10603"},"modified":"2022-10-30T18:32:06","modified_gmt":"2022-10-30T18:32:06","slug":"iphone-lightning-konnektorlu-earpods","status":"publish","type":"product","link":"https:\/\/flytechltd.com\/en\/p\/iphone-lightning-konnektorlu-earpods\/","title":{"rendered":"iPhone Lightning Konnekt\u00f6rl\u00fc EarPods"},"content":{"rendered":"<h2 class=\"rf-pdp-accordionboxtitle\" data-autom=\"productInformationTitle\"><span style=\"font-size: 22px\">Genel Bak\u0131\u015f<\/span><\/h2>\n<div class=\"r-height-transition-enter-done\" data-core-height-transition-wrapper=\"\">\n<div data-core-height-transition-content=\"\">\n<div id=\"content-922af2a0-4503-11ed-b044-f551e8d7baf8-0\" data-core-accordion-content=\"\">\n<div class=\"rc-accordion-content rc-accordion-content-nopadding\">\n<div class=\"\">\n<div class=\"rc-pdsection-panel Overview-panel row\">\n<div class=\"rc-pdsection-mainpanel column large-9 small-12\">\n<div class=\"para-list as-pdp-lastparalist\">\n<p>Klasik, dairesel kulak i\u00e7i kulakl\u0131klardan farkl\u0131 olarak EarPods\u2019un tasar\u0131m\u0131, kulak geometrisine dayal\u0131 olarak geli\u015ftirildi. Yani di\u011fer kulak i\u00e7i kulakl\u0131klara g\u00f6re, \u00e7ok daha fazla ki\u015fi i\u00e7in \u00e7ok daha fazla konfor sa\u011fl\u0131yor.<\/p>\n<\/div>\n<div class=\"para-list as-pdp-lastparalist\">\n<p>EarPods\u2019un i\u00e7indeki hoparl\u00f6rler, ses \u00e7\u0131k\u0131\u015f\u0131n\u0131 en \u00fcst d\u00fczeye \u00e7\u0131kar\u0131p ses kayb\u0131n\u0131 en aza indirerek y\u00fcksek kaliteli ses sa\u011flamak i\u00e7in tasarland\u0131.<\/p>\n<\/div>\n<div class=\"para-list as-pdp-lastparalist\">\n<p>Lightning Konnekt\u00f6rl\u00fc EarPods, hemen kablo \u00fczerinde yer alan, ses seviyesini ayarlaman\u0131z\u0131, m\u00fczik ve video oynatman\u0131z\u0131, \u00e7a\u011fr\u0131lar\u0131 cevaplaman\u0131z\u0131 ve sonland\u0131rman\u0131z\u0131 kolayca sa\u011flayan yerle\u015fik bir kumandaya sahip.<\/p>\n<\/div>\n<\/div>\n<\/div>\n<div class=\"rc-pdsection-panel Highlights-panel row\">\n<div class=\"rc-pdsection-sidepanel column large-3 small-12\">\n<h3 class=\"rc-pdsection-title\" data-autom=\"sectionTitle\">\u00d6ne \u00c7\u0131kan \u00d6zellikler<\/h3>\n<\/div>\n<div class=\"rc-pdsection-mainpanel column large-9 small-12\">\n<div class=\"para-list\">\n<p>Apple taraf\u0131ndan tasarland\u0131<\/p>\n<\/div>\n<div class=\"para-list\">\n<p>Daha derin, daha zengin bas tonlar\u0131<\/p>\n<\/div>\n<div class=\"para-list\">\n<p>Tere ve suya kar\u015f\u0131 daha iyi koruma<\/p>\n<\/div>\n<div class=\"para-list\">\n<p>M\u00fczik ve video \u00e7alma\/oynatma kontrol\u00fc<\/p>\n<\/div>\n<div class=\"para-list as-pdp-lastparalist\">\n<p>Aramalar\u0131 yan\u0131tlama ve bitirme<\/p>\n<\/div>\n<\/div>\n<\/div>\n<div class=\"rc-pdsection-panel WhatsInTheBox-panel row\">\n<div class=\"rc-pdsection-sidepanel column large-3 small-12\">\n<h3 class=\"rc-pdsection-title\" data-autom=\"sectionTitle\">Kutunun \u0130\u00e7indekiler<\/h3>\n<\/div>\n<div class=\"rc-pdsection-mainpanel column large-9 small-12\">\n<div class=\"para-list as-pdp-lastparalist\">\n<p>Lightning Konnekt\u00f6rl\u00fc EarPods<\/p>\n<\/div>\n<\/div>\n<\/div>\n<div class=\"rc-pdsection-panel TechSpecs-panel row\">\n<div class=\"rc-pdsection-sidepanel column large-3 small-12\">\n<h3 class=\"rc-pdsection-title\" data-autom=\"sectionTitle\">Teknik \u00d6zellikler<\/h3>\n<\/div>\n<div class=\"rc-pdsection-mainpanel column large-9 small-12\">\n<h4 class=\"h4-para-title\">Genel<\/h4>\n<div class=\"para-list as-pdp-lastparalist\">\n<p>Uzaktan Kumanda ve Mikrofon<\/p>\n<\/div>\n<\/div>\n<\/div>\n<div class=\"rc-pdsection-panel SystemRequirements-panel row\">\n<div class=\"rc-pdsection-sidepanel column large-3 small-12\">\n<h3 class=\"rc-pdsection-title\" data-autom=\"sectionTitle\">Sistem Gereksinimleri<\/h3>\n<\/div>\n<div class=\"rc-pdsection-mainpanel column large-9 small-12 rc-pdsection-mainpanel-nobullets\">\n<div class=\"para-list as-pdp-lastparalist\">\n<p>Lightning konnekt\u00f6r\u00fc olan t\u00fcm ayg\u0131tlarla \u00e7al\u0131\u015fabilir ve iPod\u00a0touch, iPad ve iPhone\u2019da iOS\u00a010 ve daha yeni s\u00fcr\u00fcmlerini destekler.<\/p>\n<\/div>\n<\/div>\n<\/div>\n<\/div>\n<\/div>\n<\/div>\n<\/div>\n<\/div>\n","protected":false},"excerpt":{"rendered":"<p>iPhone Lightning Konnekt\u00f6rl\u00fc EarPods<\/p>\n","protected":false},"featured_media":10604,"comment_status":"open","ping_status":"closed","template":"","meta":[],"product_brand":[],"product_cat":[319],"product_tag":[],"class_list":{"0":"post-10603","1":"product","2":"type-product","3":"status-publish","4":"has-post-thumbnail","6":"product_cat-phone-kulakliklar","8":"first","9":"instock","10":"shipping-taxable","11":"purchasable","12":"product-type-simple"},"aioseo_notices":[],"_links":{"self":[{"href":"https:\/\/flytechltd.com\/en\/wp-json\/wp\/v2\/product\/10603","targetHints":{"allow":["GET"]}}],"collection":[{"href":"https:\/\/flytechltd.com\/en\/wp-json\/wp\/v2\/product"}],"about":[{"href":"https:\/\/flytechltd.com\/en\/wp-json\/wp\/v2\/types\/product"}],"replies":[{"embeddable":true,"href":"https:\/\/flytechltd.com\/en\/wp-json\/wp\/v2\/comments?post=10603"}],"version-history":[{"count":0,"href":"https:\/\/flytechltd.com\/en\/wp-json\/wp\/v2\/product\/10603\/revisions"}],"wp:featuredmedia":[{"embeddable":true,"href":"https:\/\/flytechltd.com\/en\/wp-json\/wp\/v2\/media\/10604"}],"wp:attachment":[{"href":"https:\/\/flytechltd.com\/en\/wp-json\/wp\/v2\/media?parent=10603"}],"wp:term":[{"taxonomy":"product_brand","embeddable":true,"href":"https:\/\/flytechltd.com\/en\/wp-json\/wp\/v2\/product_brand?post=10603"},{"taxonomy":"product_cat","embeddable":true,"href":"https:\/\/flytechltd.com\/en\/wp-json\/wp\/v2\/product_cat?post=10603"},{"taxonomy":"product_tag","embeddable":true,"href":"https:\/\/flytechltd.com\/en\/wp-json\/wp\/v2\/product_tag?post=10603"}],"curies":[{"name":"wp","href":"https:\/\/api.w.org\/{rel}","templated":true}]}}