{"id":10776,"date":"2022-10-06T19:07:35","date_gmt":"2022-10-06T19:07:35","guid":{"rendered":"https:\/\/flytechltd.com\/?post_type=product&#038;p=10776"},"modified":"2022-11-12T20:01:50","modified_gmt":"2022-11-12T20:01:50","slug":"sp-ex1623g1-iz-2-0-mp-28-8-mm-mp-motorize-lens-4-array-led-h-265-ir-bullet-ip-kamera","status":"publish","type":"product","link":"https:\/\/flytechltd.com\/en\/p\/sp-ex1623g1-iz-2-0-mp-28-8-mm-mp-motorize-lens-4-array-led-h-265-ir-bullet-ip-kamera\/","title":{"rendered":"SP-EX1623G1-IZ 2.0 MP 2,8-8 MM MP MOTOR\u0130ZE LENS 4 ARRAY LED H.265 IR BULLET IP KAMERA"},"content":{"rendered":"<p><strong>SP-EX1623G1-IZ 2.0 MP 2,8-8 MM MP MOTOR\u0130ZE LENS 4 ARRAY LED H.265 IR BULLET IP KAMERA<\/strong><\/p>\n<div class=\"row pb-3\">\n<div class=\"col-5 col-md-3\">Mega Piksel<\/div>\n<div class=\"col\">2.0 Mp<\/div>\n<\/div>\n<div class=\"row pb-3\">\n<div class=\"col-5 col-md-3\">Lens Tipi<\/div>\n<div class=\"col\">Motorize<\/div>\n<\/div>\n<div class=\"row pb-3\">\n<div class=\"col-5 col-md-3\">Lens De\u011feri<\/div>\n<div class=\"col\">2,8-8 mm Motorize (MFZ)<\/div>\n<\/div>\n<div class=\"row pb-3\">\n<div class=\"col-5 col-md-3\">Video S\u0131k\u0131\u015ft\u0131rma<\/div>\n<div class=\"col\">H.265\/H.264<\/div>\n<\/div>\n<div class=\"row pb-3\">\n<div class=\"col-5 col-md-3\">IR Led Say\u0131s\u0131<\/div>\n<div class=\"col\">4 Array Led<\/div>\n<\/div>\n<div class=\"row pb-3\">\n<div class=\"col-5 col-md-3\">Gece G\u00f6r\u00fc\u015f Mesafesi<\/div>\n<div class=\"col\">25-30 metre<\/div>\n<\/div>\n<div class=\"row pb-3\">\n<div class=\"col-5 col-md-3\">Minimum I\u015f\u0131k Oran\u0131<\/div>\n<div class=\"col\">Color: 0.01 Lux @(F1.2, AGC ON), 0.028Lux @ (F2.0, AGC ON)<\/div>\n<\/div>\n<div class=\"row pb-3\">\n<div class=\"col-5 col-md-3\">SD Card Deste\u011fi<\/div>\n<div class=\"col\">128 GB<\/div>\n<\/div>\n<div class=\"row pb-3\">\n<div class=\"col-5 col-md-3\">Power Over Ethernet (PoE)<\/div>\n<div class=\"col\">Var (Dahili)<\/div>\n<\/div>\n<div class=\"row pb-3\">\n<div class=\"col-5 col-md-3\">Onvif<\/div>\n<div class=\"col\">Var<\/div>\n<\/div>\n<div class=\"row pb-3\">\n<div class=\"col-5 col-md-3\">G\u00f6r\u00fcnt\u00fc Sens\u00f6r\u00fc<\/div>\n<div class=\"col\">1\/2.8&#8221; Progressive Scan CMOS<\/div>\n<\/div>\n<div class=\"row pb-3\">\n<div class=\"col-5 col-md-3\">Koruma S\u0131n\u0131f\u0131<\/div>\n<div class=\"col\">IP 67<\/div>\n<\/div>\n<div class=\"row pb-3\">\n<div class=\"col-5 col-md-3\">Maksimum \u00c7\u00f6z\u00fcn\u00fcrl\u00fck<\/div>\n<div class=\"col\">1920&#215;1080<\/div>\n<\/div>\n<div class=\"row pb-3\">\n<div class=\"col-5 col-md-3\">Frame H\u0131z\u0131<\/div>\n<div class=\"col\">25 Fps &amp; 1920&#215;1080<\/div>\n<\/div>\n<div class=\"row pb-3\">\n<div class=\"col-5 col-md-3\">Mikrofon<\/div>\n<div class=\"col\">Dahili<\/div>\n<\/div>\n<div class=\"row pb-3\">\n<div class=\"col-5 col-md-3\">Network Port<\/div>\n<div class=\"col\">1x RJ45 10M\/100M Ethernet Port<\/div>\n<\/div>\n<div class=\"row pb-3\">\n<div class=\"col-5 col-md-3\">Elektronik Shutter<\/div>\n<div class=\"col\">Var<\/div>\n<\/div>\n<div class=\"row pb-3\">\n<div class=\"col-5 col-md-3\">Video Bit Rate<\/div>\n<div class=\"col\">32 Kbps ~ 8192 Kbps<\/div>\n<\/div>\n<div class=\"row pb-3\">\n<div class=\"col-5 col-md-3\">Gain Control<\/div>\n<div class=\"col\">Auto\/Manual<\/div>\n<\/div>\n<div class=\"row pb-3\">\n<div class=\"col-5 col-md-3\">Ebatlar<\/div>\n<div class=\"col\">\u00f8105 mm \u00d7 244.4 mm<\/div>\n<\/div>\n<div class=\"row pb-3\">\n<div class=\"col-5 col-md-3\">Auto Gain Control (AGC)<\/div>\n<div class=\"col\">Auto\/Manual<\/div>\n<\/div>\n<div class=\"row pb-3\">\n<div class=\"col-5 col-md-3\">\u00c7al\u0131\u015fma Voltaj\u0131<\/div>\n<div class=\"col\">DC 12V \/ PoE<\/div>\n<\/div>\n<div class=\"row pb-3\">\n<div class=\"col-5 col-md-3\">Day&amp;Night<\/div>\n<div class=\"col\">True Day&amp;Night (ICR)<\/div>\n<\/div>\n<div class=\"row pb-3\">\n<div class=\"col-5 col-md-3\">White Balance<\/div>\n<div class=\"col\">Auto\/Manual<\/div>\n<\/div>\n<div class=\"row pb-3\">\n<div class=\"col-5 col-md-3\">Wide Dynamic Range (WDR)<\/div>\n<div class=\"col\">D-WDR<\/div>\n<\/div>\n<div class=\"row pb-3\">\n<div class=\"col-5 col-md-3\">Back Light Comp. (BLC)<\/div>\n<div class=\"col\">Auto\/Manual<\/div>\n<\/div>\n<div class=\"row pb-3\">\n<div class=\"col-5 col-md-3\">S\/N Oran\u0131<\/div>\n<div class=\"col\">50 dB<\/div>\n<\/div>\n<div class=\"row pb-3\">\n<div class=\"col-5 col-md-3\">\u00c7al\u0131\u015fma S\u0131cakl\u0131\u011f\u0131<\/div>\n<div class=\"col\">-30\u00b0C ~ 60\u00b0C<\/div>\n<\/div>\n<div class=\"row pb-3\">\n<div class=\"col-5 col-md-3\">Network Protokol<\/div>\n<div class=\"col\">TCP\/IP, FTP, HTTP, DHCP, RTCP, NTP, SNMP, DDNS, SMTP, RTSP, PPPoE,<\/div>\n<\/div>\n<div class=\"row pb-3\">\n<div class=\"col-5 col-md-3\">Shutter H\u0131z\u0131<\/div>\n<div class=\"col\">1\/3 ~ 1\/100.000 sn.<\/div>\n<\/div>\n<div class=\"row pb-3\">\n<div class=\"col-5 col-md-3\">G\u00fc\u00e7 T\u00fcketimi<\/div>\n<div class=\"col\">12V DC, 0.9 A, Max. 11 W; PoE: (802.3af, 36 V &#8211; 57 V) 0.4 A &#8211; 0.2 A, Max. 12.9 W<\/div>\n<\/div>\n","protected":false},"excerpt":{"rendered":"<p>SP-EX1623G1-IZ 2.0 MP 2,8-8 MM MP MOTOR\u0130ZE LENS 4 ARRAY LED H.265 IR BULLET IP KAMERA<\/p>\n","protected":false},"featured_media":10777,"comment_status":"open","ping_status":"closed","template":"","meta":[],"product_brand":[],"product_cat":[338],"product_tag":[],"class_list":{"0":"post-10776","1":"product","2":"type-product","3":"status-publish","4":"has-post-thumbnail","6":"product_cat-guvenlik-kamerasi","8":"first","9":"instock","10":"shipping-taxable","11":"purchasable","12":"product-type-simple"},"aioseo_notices":[],"_links":{"self":[{"href":"https:\/\/flytechltd.com\/en\/wp-json\/wp\/v2\/product\/10776","targetHints":{"allow":["GET"]}}],"collection":[{"href":"https:\/\/flytechltd.com\/en\/wp-json\/wp\/v2\/product"}],"about":[{"href":"https:\/\/flytechltd.com\/en\/wp-json\/wp\/v2\/types\/product"}],"replies":[{"embeddable":true,"href":"https:\/\/flytechltd.com\/en\/wp-json\/wp\/v2\/comments?post=10776"}],"version-history":[{"count":0,"href":"https:\/\/flytechltd.com\/en\/wp-json\/wp\/v2\/product\/10776\/revisions"}],"wp:featuredmedia":[{"embeddable":true,"href":"https:\/\/flytechltd.com\/en\/wp-json\/wp\/v2\/media\/10777"}],"wp:attachment":[{"href":"https:\/\/flytechltd.com\/en\/wp-json\/wp\/v2\/media?parent=10776"}],"wp:term":[{"taxonomy":"product_brand","embeddable":true,"href":"https:\/\/flytechltd.com\/en\/wp-json\/wp\/v2\/product_brand?post=10776"},{"taxonomy":"product_cat","embeddable":true,"href":"https:\/\/flytechltd.com\/en\/wp-json\/wp\/v2\/product_cat?post=10776"},{"taxonomy":"product_tag","embeddable":true,"href":"https:\/\/flytechltd.com\/en\/wp-json\/wp\/v2\/product_tag?post=10776"}],"curies":[{"name":"wp","href":"https:\/\/api.w.org\/{rel}","templated":true}]}}