{"id":10784,"date":"2022-10-06T19:14:06","date_gmt":"2022-10-06T19:14:06","guid":{"rendered":"https:\/\/flytechltd.com\/?post_type=product&#038;p=10784"},"modified":"2025-09-02T09:44:42","modified_gmt":"2025-09-02T09:44:42","slug":"wifi-ip-kamera-ses-video-kayit-gozetleme-ev-guvenlik-kamerasi-pro-1080p","status":"publish","type":"product","link":"https:\/\/flytechltd.com\/en\/p\/wifi-ip-kamera-ses-video-kayit-gozetleme-ev-guvenlik-kamerasi-pro-1080p\/","title":{"rendered":"Wifi IP Kamera Ses Video Kay\u0131t G\u00f6zetleme Ev G\u00fcvenlik Kameras\u0131 Pro 1080p"},"content":{"rendered":"<h1 data-spm-anchor-id=\"a2700.wholesale.0.i0.1f667a96ATVXS4\">Wifi IP kamera V380 Pro bebek izleme monit\u00f6r\u00fc kablosuz ak\u0131ll\u0131 bebek kameras\u0131 ses Video kay\u0131t g\u00f6zetleme ev g\u00fcvenlik kameras\u0131<\/h1>\n<h1 data-spm-anchor-id=\"a2700.wholesale.0.i0.1f667a96ATVXS4\"><\/h1>\n","protected":false},"excerpt":{"rendered":"<p>Wifi IP kamera V380 Pro bebek izleme monit\u00f6r\u00fc kablosuz ak\u0131ll\u0131 bebek kameras\u0131 ses Video kay\u0131t g\u00f6zetleme ev g\u00fcvenlik kameras\u0131<\/p>\n","protected":false},"featured_media":10785,"comment_status":"open","ping_status":"closed","template":"","meta":[],"product_brand":[],"product_cat":[785,338],"product_tag":[],"class_list":{"0":"post-10784","1":"product","2":"type-product","3":"status-publish","4":"has-post-thumbnail","6":"product_cat-bebek-kamera-ve-cocuk-lambasi","7":"product_cat-guvenlik-kamerasi","9":"first","10":"instock","11":"sale","12":"shipping-taxable","13":"purchasable","14":"product-type-simple"},"aioseo_notices":[],"_links":{"self":[{"href":"https:\/\/flytechltd.com\/en\/wp-json\/wp\/v2\/product\/10784","targetHints":{"allow":["GET"]}}],"collection":[{"href":"https:\/\/flytechltd.com\/en\/wp-json\/wp\/v2\/product"}],"about":[{"href":"https:\/\/flytechltd.com\/en\/wp-json\/wp\/v2\/types\/product"}],"replies":[{"embeddable":true,"href":"https:\/\/flytechltd.com\/en\/wp-json\/wp\/v2\/comments?post=10784"}],"version-history":[{"count":0,"href":"https:\/\/flytechltd.com\/en\/wp-json\/wp\/v2\/product\/10784\/revisions"}],"wp:featuredmedia":[{"embeddable":true,"href":"https:\/\/flytechltd.com\/en\/wp-json\/wp\/v2\/media\/10785"}],"wp:attachment":[{"href":"https:\/\/flytechltd.com\/en\/wp-json\/wp\/v2\/media?parent=10784"}],"wp:term":[{"taxonomy":"product_brand","embeddable":true,"href":"https:\/\/flytechltd.com\/en\/wp-json\/wp\/v2\/product_brand?post=10784"},{"taxonomy":"product_cat","embeddable":true,"href":"https:\/\/flytechltd.com\/en\/wp-json\/wp\/v2\/product_cat?post=10784"},{"taxonomy":"product_tag","embeddable":true,"href":"https:\/\/flytechltd.com\/en\/wp-json\/wp\/v2\/product_tag?post=10784"}],"curies":[{"name":"wp","href":"https:\/\/api.w.org\/{rel}","templated":true}]}}