{"id":10790,"date":"2022-10-06T19:18:57","date_gmt":"2022-10-06T19:18:57","guid":{"rendered":"https:\/\/flytechltd.com\/?post_type=product&#038;p=10790"},"modified":"2025-09-02T09:45:11","modified_gmt":"2025-09-02T09:45:11","slug":"wifi-ip-kamera-ampul-panaromik-360-derece-ses-video-kayit-gozetleme-ev-guvenlik-kamerasi","status":"publish","type":"product","link":"https:\/\/flytechltd.com\/en\/p\/wifi-ip-kamera-ampul-panaromik-360-derece-ses-video-kayit-gozetleme-ev-guvenlik-kamerasi\/","title":{"rendered":"Wifi IP Kamera Ampul Panaromik 360 derece Ses Video Kay\u0131t G\u00f6zetleme Ev G\u00fcvenlik Kameras\u0131"},"content":{"rendered":"<h1><span style=\"font-family: Arial;\"><b>Panaromik 360 derece IP Kamera Ampul Kamera WIFI<\/b><\/span><\/h1>\n<p>Panoramik 360 Derece Amp\u00fcl Led Wifi IP Kamera\u00dcr\u00fcn \u00d6zellikleri: KameraG\u00f6r\u00fc\u015f alan\u0131 360 derecelikG\u00f6r\u00fcnt\u00fc sens\u00f6r\u00fc 1\/3 &#8220;Progresif Tarama CMOSBak\u0131\u015f a\u00e7\u0131s\u0131 180 derece yar\u0131mk\u00fcredeLens 185 derece \/ F2.2 \/ 1.29mm Bal\u0131k G\u00f6z\u00fc Mercek\u0130ki Y\u00f6nl\u00fc Ses destekliHareket alg\u0131lama destekliAdvance Olay Y\u00f6netimi Hareketle tetiklenen, bildirimler Uygula yay\u0131nland\u0131Haf\u0131za kart\u0131 32 GB&#8217;a kadar Mikro SD Kart\u0131 desteklerA\u011fDesteklenen Protokol Wifi (IEEE802.11 a \/ b \/ g \/ n)S\u0131kl\u0131k 2.4GHz ~ 2.4835 GHzVideoVideo Kodu H.264Ses Kodu AAC\u00e7\u00f6z\u00fcm 1280 \u00d7 960 (1.3 MP)Video Ak\u0131\u015f\u0131 1 (HD) 1,3 MP (1280 \u00d7 960)Video Ak\u0131\u015f\u0131 2 (Ak\u0131c\u0131l\u0131k) D1 (704 \u00d7 576)Kare h\u0131z\u0131 Maksimum \u00e7\u00f6z\u00fcn\u00fcrl\u00fckte 25 FPS\u00c7evre \/ Paketleme\u00c7al\u0131\u015fma s\u0131cakl\u0131\u011f\u0131 -15 \u00b0 50 \u00b0 CDepolama s\u0131cakl\u0131\u011f\u0131 -15 \u00b0 C ila 50 \u00b0 C\u00c7al\u0131\u015fma Nemi % 10 ~% 95 yo\u011funla\u015fma olmadanboyut Maksimum \u00e7ap 80mm, Y\u00fckseklik 137.8mmA\u011f\u0131rl\u0131k 150gLamba Soketi E27 \/ E26 di\u015fli taban\u0131G\u00fc\u00e7 kayna\u011f\u0131 100 ~ 240V AC, 50 ~ 60HzG\u00fc\u00e7 t\u00fcketimi 6WAyd\u0131nlatma 3 X 1 W LED I\u015f\u0131k<\/p>\n","protected":false},"excerpt":{"rendered":"<p>Panaromik 360 derece IP Kamera Ampul Kamera WIFI Panoramik 360 Derece Amp\u00fcl Led Wifi IP Kamera\u00dcr\u00fcn \u00d6zellikleri: KameraG\u00f6r\u00fc\u015f alan\u0131 360<\/p>\n","protected":false},"featured_media":10791,"comment_status":"open","ping_status":"closed","template":"","meta":[],"product_brand":[],"product_cat":[785,337,338],"product_tag":[],"class_list":{"0":"post-10790","1":"product","2":"type-product","3":"status-publish","4":"has-post-thumbnail","6":"product_cat-bebek-kamera-ve-cocuk-lambasi","7":"product_cat-guvenlik","8":"product_cat-guvenlik-kamerasi","10":"first","11":"instock","12":"sale","13":"shipping-taxable","14":"purchasable","15":"product-type-simple"},"aioseo_notices":[],"_links":{"self":[{"href":"https:\/\/flytechltd.com\/en\/wp-json\/wp\/v2\/product\/10790","targetHints":{"allow":["GET"]}}],"collection":[{"href":"https:\/\/flytechltd.com\/en\/wp-json\/wp\/v2\/product"}],"about":[{"href":"https:\/\/flytechltd.com\/en\/wp-json\/wp\/v2\/types\/product"}],"replies":[{"embeddable":true,"href":"https:\/\/flytechltd.com\/en\/wp-json\/wp\/v2\/comments?post=10790"}],"version-history":[{"count":0,"href":"https:\/\/flytechltd.com\/en\/wp-json\/wp\/v2\/product\/10790\/revisions"}],"wp:featuredmedia":[{"embeddable":true,"href":"https:\/\/flytechltd.com\/en\/wp-json\/wp\/v2\/media\/10791"}],"wp:attachment":[{"href":"https:\/\/flytechltd.com\/en\/wp-json\/wp\/v2\/media?parent=10790"}],"wp:term":[{"taxonomy":"product_brand","embeddable":true,"href":"https:\/\/flytechltd.com\/en\/wp-json\/wp\/v2\/product_brand?post=10790"},{"taxonomy":"product_cat","embeddable":true,"href":"https:\/\/flytechltd.com\/en\/wp-json\/wp\/v2\/product_cat?post=10790"},{"taxonomy":"product_tag","embeddable":true,"href":"https:\/\/flytechltd.com\/en\/wp-json\/wp\/v2\/product_tag?post=10790"}],"curies":[{"name":"wp","href":"https:\/\/api.w.org\/{rel}","templated":true}]}}