{"id":10795,"date":"2022-10-06T19:27:48","date_gmt":"2022-10-06T19:27:48","guid":{"rendered":"https:\/\/flytechltd.com\/?post_type=product&#038;p=10795"},"modified":"2022-10-06T19:27:49","modified_gmt":"2022-10-06T19:27:49","slug":"akilli-wifi-pir-kapi-pencere-temas-sensoru","status":"publish","type":"product","link":"https:\/\/flytechltd.com\/en\/p\/akilli-wifi-pir-kapi-pencere-temas-sensoru\/","title":{"rendered":"Ak\u0131ll\u0131 Wifi P\u0131r Kap\u0131 Pencere Temas Sens\u00f6r\u00fc"},"content":{"rendered":"<p><strong>Ak\u0131ll\u0131 Wifi P\u0131r Kap\u0131 Pencere Temas Sens\u00f6r\u00fc<\/strong><\/p>\n<p>Kap\u0131 veya pencere a\u00e7\u0131kken kap\u0131 sens\u00f6r\u00fc tetiklenir ve mobil cihaza bildirim gelir.<\/p>\n<p>&nbsp;<\/p>\n","protected":false},"excerpt":{"rendered":"<p>Ak\u0131ll\u0131 Wifi P\u0131r Kap\u0131 Pencere Temas Sens\u00f6r\u00fc Kap\u0131 veya pencere a\u00e7\u0131kken kap\u0131 sens\u00f6r\u00fc tetiklenir ve mobil cihaza bildirim gelir. &nbsp;<\/p>\n","protected":false},"featured_media":10796,"comment_status":"open","ping_status":"closed","template":"","meta":[],"product_brand":[],"product_cat":[337],"product_tag":[],"class_list":{"0":"post-10795","1":"product","2":"type-product","3":"status-publish","4":"has-post-thumbnail","6":"product_cat-guvenlik","8":"first","9":"instock","10":"shipping-taxable","11":"purchasable","12":"product-type-simple"},"aioseo_notices":[],"_links":{"self":[{"href":"https:\/\/flytechltd.com\/en\/wp-json\/wp\/v2\/product\/10795","targetHints":{"allow":["GET"]}}],"collection":[{"href":"https:\/\/flytechltd.com\/en\/wp-json\/wp\/v2\/product"}],"about":[{"href":"https:\/\/flytechltd.com\/en\/wp-json\/wp\/v2\/types\/product"}],"replies":[{"embeddable":true,"href":"https:\/\/flytechltd.com\/en\/wp-json\/wp\/v2\/comments?post=10795"}],"version-history":[{"count":0,"href":"https:\/\/flytechltd.com\/en\/wp-json\/wp\/v2\/product\/10795\/revisions"}],"wp:featuredmedia":[{"embeddable":true,"href":"https:\/\/flytechltd.com\/en\/wp-json\/wp\/v2\/media\/10796"}],"wp:attachment":[{"href":"https:\/\/flytechltd.com\/en\/wp-json\/wp\/v2\/media?parent=10795"}],"wp:term":[{"taxonomy":"product_brand","embeddable":true,"href":"https:\/\/flytechltd.com\/en\/wp-json\/wp\/v2\/product_brand?post=10795"},{"taxonomy":"product_cat","embeddable":true,"href":"https:\/\/flytechltd.com\/en\/wp-json\/wp\/v2\/product_cat?post=10795"},{"taxonomy":"product_tag","embeddable":true,"href":"https:\/\/flytechltd.com\/en\/wp-json\/wp\/v2\/product_tag?post=10795"}],"curies":[{"name":"wp","href":"https:\/\/api.w.org\/{rel}","templated":true}]}}