{"id":11095,"date":"2022-10-09T10:37:58","date_gmt":"2022-10-09T10:37:58","guid":{"rendered":"https:\/\/flytechltd.com\/?post_type=product&#038;p=11095"},"modified":"2022-11-12T20:06:51","modified_gmt":"2022-11-12T20:06:51","slug":"hoco-kulaklik-w30-kirmizi-2","status":"publish","type":"product","link":"https:\/\/flytechltd.com\/en\/p\/hoco-kulaklik-w30-kirmizi-2\/","title":{"rendered":"Hoco Kulakl\u0131k W30 K\u0131rm\u0131z\u0131"},"content":{"rendered":"<p>W30 Fun move wireless headphones BT V5.0 with 300mAh battery capacity for 8 hours of calls \/ music and 200 hours of standby<br \/>\n1. BT 5.0, chip: JL Jerry.<br \/>\n2. Battery capacity: 300mAh, charging time is about 2 hours.<br \/>\n3. Calls \/ music time: 8 hours.<br \/>\n4. Standby 200 hours.<br \/>\n5. Speaker unit: 40mm.<br \/>\n6. Sizes: 190*165*80mm. Weight: 184g.<br \/>\n7. Support BT, TF card, AUX and other playback modes.<\/p>\n","protected":false},"excerpt":{"rendered":"<p>Hoco Kulakl\u0131k W30 K\u0131rm\u0131z\u0131<\/p>\n","protected":false},"featured_media":11096,"comment_status":"open","ping_status":"closed","template":"","meta":[],"product_brand":[],"product_cat":[309,319],"product_tag":[],"class_list":{"0":"post-11095","1":"product","2":"type-product","3":"status-publish","4":"has-post-thumbnail","6":"product_cat-kulaklik","7":"product_cat-phone-kulakliklar","9":"first","10":"instock","11":"shipping-taxable","12":"purchasable","13":"product-type-simple"},"aioseo_notices":[],"_links":{"self":[{"href":"https:\/\/flytechltd.com\/en\/wp-json\/wp\/v2\/product\/11095","targetHints":{"allow":["GET"]}}],"collection":[{"href":"https:\/\/flytechltd.com\/en\/wp-json\/wp\/v2\/product"}],"about":[{"href":"https:\/\/flytechltd.com\/en\/wp-json\/wp\/v2\/types\/product"}],"replies":[{"embeddable":true,"href":"https:\/\/flytechltd.com\/en\/wp-json\/wp\/v2\/comments?post=11095"}],"version-history":[{"count":0,"href":"https:\/\/flytechltd.com\/en\/wp-json\/wp\/v2\/product\/11095\/revisions"}],"wp:featuredmedia":[{"embeddable":true,"href":"https:\/\/flytechltd.com\/en\/wp-json\/wp\/v2\/media\/11096"}],"wp:attachment":[{"href":"https:\/\/flytechltd.com\/en\/wp-json\/wp\/v2\/media?parent=11095"}],"wp:term":[{"taxonomy":"product_brand","embeddable":true,"href":"https:\/\/flytechltd.com\/en\/wp-json\/wp\/v2\/product_brand?post=11095"},{"taxonomy":"product_cat","embeddable":true,"href":"https:\/\/flytechltd.com\/en\/wp-json\/wp\/v2\/product_cat?post=11095"},{"taxonomy":"product_tag","embeddable":true,"href":"https:\/\/flytechltd.com\/en\/wp-json\/wp\/v2\/product_tag?post=11095"}],"curies":[{"name":"wp","href":"https:\/\/api.w.org\/{rel}","templated":true}]}}