{"id":11161,"date":"2022-10-09T11:07:03","date_gmt":"2022-10-09T11:07:03","guid":{"rendered":"https:\/\/flytechltd.com\/?post_type=product&#038;p=11161"},"modified":"2022-11-12T20:16:32","modified_gmt":"2022-11-12T20:16:32","slug":"hoco-kulaklik-w102-kirmizi","status":"publish","type":"product","link":"https:\/\/flytechltd.com\/en\/p\/hoco-kulaklik-w102-kirmizi\/","title":{"rendered":"Hoco Kulakl\u0131k W102 K\u0131rm\u0131z\u0131"},"content":{"rendered":"<p><strong>Headphones \u201cW102 Cool tour\u201d gaming headset<\/strong><\/p>\n<p>W102 Cool tour wired headphones with omnidirectional microphone, separate plugs 3.5mm and USB, cable 2m, with LED light<br \/>\n1. Speaker: 40mm.<br \/>\n2. Interface: USB-A + 3.5mm plug.<br \/>\n3. Microphone: omnidirectional microphone, sizes: \u03a66.0*2.2mm.<br \/>\n4. Product size: 230*170*100mm. Headphones cable length: 2m.<br \/>\n5. Weight: 335g.<br \/>\n6. Big earmuffs gaming headset, LED light.<br \/>\n7. With two-in-one audio adapter cable, it can be used for notebooks.<\/p>\n<p>&nbsp;<\/p>\n","protected":false},"excerpt":{"rendered":"<p>Hoco Kulakl\u0131k W102 K\u0131rm\u0131z\u0131<\/p>\n","protected":false},"featured_media":11170,"comment_status":"open","ping_status":"closed","template":"","meta":[],"product_brand":[],"product_cat":[309],"product_tag":[],"class_list":{"0":"post-11161","1":"product","2":"type-product","3":"status-publish","4":"has-post-thumbnail","6":"product_cat-kulaklik","8":"first","9":"instock","10":"shipping-taxable","11":"purchasable","12":"product-type-simple"},"aioseo_notices":[],"_links":{"self":[{"href":"https:\/\/flytechltd.com\/en\/wp-json\/wp\/v2\/product\/11161","targetHints":{"allow":["GET"]}}],"collection":[{"href":"https:\/\/flytechltd.com\/en\/wp-json\/wp\/v2\/product"}],"about":[{"href":"https:\/\/flytechltd.com\/en\/wp-json\/wp\/v2\/types\/product"}],"replies":[{"embeddable":true,"href":"https:\/\/flytechltd.com\/en\/wp-json\/wp\/v2\/comments?post=11161"}],"version-history":[{"count":0,"href":"https:\/\/flytechltd.com\/en\/wp-json\/wp\/v2\/product\/11161\/revisions"}],"wp:featuredmedia":[{"embeddable":true,"href":"https:\/\/flytechltd.com\/en\/wp-json\/wp\/v2\/media\/11170"}],"wp:attachment":[{"href":"https:\/\/flytechltd.com\/en\/wp-json\/wp\/v2\/media?parent=11161"}],"wp:term":[{"taxonomy":"product_brand","embeddable":true,"href":"https:\/\/flytechltd.com\/en\/wp-json\/wp\/v2\/product_brand?post=11161"},{"taxonomy":"product_cat","embeddable":true,"href":"https:\/\/flytechltd.com\/en\/wp-json\/wp\/v2\/product_cat?post=11161"},{"taxonomy":"product_tag","embeddable":true,"href":"https:\/\/flytechltd.com\/en\/wp-json\/wp\/v2\/product_tag?post=11161"}],"curies":[{"name":"wp","href":"https:\/\/api.w.org\/{rel}","templated":true}]}}