{"id":11214,"date":"2022-10-09T11:25:12","date_gmt":"2022-10-09T11:25:12","guid":{"rendered":"https:\/\/flytechltd.com\/?post_type=product&#038;p=11214"},"modified":"2022-10-30T18:23:32","modified_gmt":"2022-10-30T18:23:32","slug":"awei-y280-kablosuz-hoparlor-siyah","status":"publish","type":"product","link":"https:\/\/flytechltd.com\/en\/p\/awei-y280-kablosuz-hoparlor-siyah\/","title":{"rendered":"Awei Y280 Kablosuz Hoparl\u00f6r Siyah"},"content":{"rendered":"<p>Awei Y280 ta\u015f\u0131nabilir IPX4 su ge\u00e7irmez kablosuz hoparl\u00f6r a\u00e7\u0131k ses sistemi \u00e7ift Stereo par\u00e7a AUX TF kart FM Bluetooth hoparl\u00f6r<\/p>\n<p>Marka Awei<br \/>\nmodelY280<br \/>\nRenkSiyah, K\u0131rm\u0131z\u0131, Ye\u015fil<br \/>\nNet A\u011f\u0131rl\u0131k (g)1572g<br \/>\nhakk\u0131ndaSes:Stereo \u00c7ift Kanal<br \/>\n\u00d6zel \u00f6zellik:Mini, Ta\u015f\u0131nabilir, Kablosuz<br \/>\nDestekg\u00fcnesAk\u00fc<br \/>\nkapasitesi4000mAh<br \/>\nTeknik parametreler<br \/>\nMikrofonEvetTF kart\u0131Destek (Maks. 32GB)<br \/>\nAux-inDestekBa\u011flant\u0131Bluetootn<br \/>\nBa\u011flant\u0131s\u0131 ve 3.5mm<br \/>\nSes Kablosu<br \/>\nBluetooth S\u00fcr\u00fcm\u00fcV4.2<br \/>\n\u0130letim Mesafesi10-12m<br \/>\n\u00c7\u0131k\u0131\u015f g\u00fcc\u00fc8W *<br \/>\n2S\u00fcr\u00fcc\u00fc \u00fcnitesi60mmSNR80dB&#8217;den fazla\u00c7arp\u0131tma\u226410%Frekans T<br \/>\nepkisi130-20000HzAk\u00fc<br \/>\nKapasitesi4000mAh<br \/>\n3.7V\u015earj<br \/>\ns\u00fcresi4 saatK<br \/>\nonu\u015fma zaman\u013114 Saat<br \/>\nM\u00fczik zaman\u013112 saat<\/p>\n<p>\u00c7\u0131k\u0131\u015f G\u00fcc\u00fc<br \/>\nDi\u011fer<br \/>\nPil<br \/>\nEvet<br \/>\nAk\u0131ll\u0131 Ki\u015fisel Asistan<br \/>\nYok<br \/>\nUzaktan Kumanda<br \/>\nHay\u0131r<br \/>\nKanallar<br \/>\n2 (2.0)<br \/>\nSes Crossover<br \/>\nTam Aral\u0131kl\u0131<br \/>\nPlayback Function<br \/>\nRadyo,ape,mp3,di\u011fer<br \/>\nSpeaker Type<br \/>\nA\u00e7\u0131k Hoparl\u00f6r<br \/>\nG\u00fc\u00e7 Kayna\u011f\u0131<br \/>\nPil,ac<br \/>\nDestek App<br \/>\nEvet<br \/>\nDestek Haf\u0131za Kart\u0131<br \/>\nEvet<br \/>\nDahili Mikrofon<br \/>\nEvet<br \/>\nIleti\u015fim<br \/>\nBluetooth,nfc<br \/>\n\u00d6zellik<br \/>\nTelefon Fonksiyonu<br \/>\nPmpo<br \/>\n16W<br \/>\nFrekans Aral\u0131\u011f\u0131<br \/>\n100Hz-20Khz<br \/>\nDestek Apt-X<br \/>\nHay\u0131r<br \/>\nModel Numaras\u0131<br \/>\nAwei Y280<br \/>\nMalzeme<br \/>\nPlastik<br \/>\nSes Kontrol\u00fc<br \/>\nHay\u0131r<br \/>\nHoparl\u00f6r Muhafaza Say\u0131s\u0131<br \/>\n1<br \/>\nEkran Ekran<br \/>\nHay\u0131r<br \/>\nMarka Ad\u0131<br \/>\nCujmh<br \/>\nCabinet Material<br \/>\nPlastik<br \/>\nSu Ge\u00e7irmez<br \/>\nEvet<br \/>\nUnit Type<br \/>\nPiece<br \/>\nPackage Weight<br \/>\n1.57Kg (3.46Lb.)<br \/>\nPackage Size<br \/>\n27Cm X 11Cm X 10Cm (10.63In X 4.33In X 3.94In)<\/p>\n","protected":false},"excerpt":{"rendered":"<p>Awei Y280 Kablosuz Hoparl\u00f6r Siyah<\/p>\n","protected":false},"featured_media":11215,"comment_status":"open","ping_status":"closed","template":"","meta":[],"product_brand":[],"product_cat":[310],"product_tag":[],"class_list":{"0":"post-11214","1":"product","2":"type-product","3":"status-publish","4":"has-post-thumbnail","6":"product_cat-hoparlorler","8":"first","9":"instock","10":"shipping-taxable","11":"purchasable","12":"product-type-simple"},"aioseo_notices":[],"_links":{"self":[{"href":"https:\/\/flytechltd.com\/en\/wp-json\/wp\/v2\/product\/11214","targetHints":{"allow":["GET"]}}],"collection":[{"href":"https:\/\/flytechltd.com\/en\/wp-json\/wp\/v2\/product"}],"about":[{"href":"https:\/\/flytechltd.com\/en\/wp-json\/wp\/v2\/types\/product"}],"replies":[{"embeddable":true,"href":"https:\/\/flytechltd.com\/en\/wp-json\/wp\/v2\/comments?post=11214"}],"version-history":[{"count":0,"href":"https:\/\/flytechltd.com\/en\/wp-json\/wp\/v2\/product\/11214\/revisions"}],"wp:featuredmedia":[{"embeddable":true,"href":"https:\/\/flytechltd.com\/en\/wp-json\/wp\/v2\/media\/11215"}],"wp:attachment":[{"href":"https:\/\/flytechltd.com\/en\/wp-json\/wp\/v2\/media?parent=11214"}],"wp:term":[{"taxonomy":"product_brand","embeddable":true,"href":"https:\/\/flytechltd.com\/en\/wp-json\/wp\/v2\/product_brand?post=11214"},{"taxonomy":"product_cat","embeddable":true,"href":"https:\/\/flytechltd.com\/en\/wp-json\/wp\/v2\/product_cat?post=11214"},{"taxonomy":"product_tag","embeddable":true,"href":"https:\/\/flytechltd.com\/en\/wp-json\/wp\/v2\/product_tag?post=11214"}],"curies":[{"name":"wp","href":"https:\/\/api.w.org\/{rel}","templated":true}]}}