{"id":11361,"date":"2022-10-09T12:30:53","date_gmt":"2022-10-09T12:30:53","guid":{"rendered":"https:\/\/flytechltd.com\/?post_type=product&#038;p=11361"},"modified":"2022-10-09T12:30:53","modified_gmt":"2022-10-09T12:30:53","slug":"powerway-truetone-kirmizi-mikrofonlu-kulak-ici-kulaklik-35mm-jack","status":"publish","type":"product","link":"https:\/\/flytechltd.com\/en\/p\/powerway-truetone-kirmizi-mikrofonlu-kulak-ici-kulaklik-35mm-jack\/","title":{"rendered":"Powerway Truetone K\u0131rm\u0131z\u0131 Mikrofonlu Kulak \u0130\u00e7i Kulakl\u0131k 3,5mm Jack"},"content":{"rendered":"<p>Powerway Truetone K\u0131rm\u0131z\u0131 Mikrofonlu Kulak \u0130\u00e7i Kulakl\u0131k 3,5mm Jack<\/p>\n","protected":false},"excerpt":{"rendered":"<p>Powerway Truetone K\u0131rm\u0131z\u0131 Mikrofonlu Kulak \u0130\u00e7i Kulakl\u0131k 3,5mm Jack<\/p>\n","protected":false},"featured_media":11348,"comment_status":"open","ping_status":"closed","template":"","meta":[],"product_brand":[],"product_cat":[319],"product_tag":[],"class_list":{"0":"post-11361","1":"product","2":"type-product","3":"status-publish","4":"has-post-thumbnail","6":"product_cat-phone-kulakliklar","8":"first","9":"instock","10":"shipping-taxable","11":"purchasable","12":"product-type-simple"},"aioseo_notices":[],"_links":{"self":[{"href":"https:\/\/flytechltd.com\/en\/wp-json\/wp\/v2\/product\/11361","targetHints":{"allow":["GET"]}}],"collection":[{"href":"https:\/\/flytechltd.com\/en\/wp-json\/wp\/v2\/product"}],"about":[{"href":"https:\/\/flytechltd.com\/en\/wp-json\/wp\/v2\/types\/product"}],"replies":[{"embeddable":true,"href":"https:\/\/flytechltd.com\/en\/wp-json\/wp\/v2\/comments?post=11361"}],"version-history":[{"count":0,"href":"https:\/\/flytechltd.com\/en\/wp-json\/wp\/v2\/product\/11361\/revisions"}],"wp:featuredmedia":[{"embeddable":true,"href":"https:\/\/flytechltd.com\/en\/wp-json\/wp\/v2\/media\/11348"}],"wp:attachment":[{"href":"https:\/\/flytechltd.com\/en\/wp-json\/wp\/v2\/media?parent=11361"}],"wp:term":[{"taxonomy":"product_brand","embeddable":true,"href":"https:\/\/flytechltd.com\/en\/wp-json\/wp\/v2\/product_brand?post=11361"},{"taxonomy":"product_cat","embeddable":true,"href":"https:\/\/flytechltd.com\/en\/wp-json\/wp\/v2\/product_cat?post=11361"},{"taxonomy":"product_tag","embeddable":true,"href":"https:\/\/flytechltd.com\/en\/wp-json\/wp\/v2\/product_tag?post=11361"}],"curies":[{"name":"wp","href":"https:\/\/api.w.org\/{rel}","templated":true}]}}