{"id":11492,"date":"2022-10-09T13:27:49","date_gmt":"2022-10-09T13:27:49","guid":{"rendered":"https:\/\/flytechltd.com\/?post_type=product&#038;p=11492"},"modified":"2022-10-09T13:34:19","modified_gmt":"2022-10-09T13:34:19","slug":"kadin-neon-yesil-pareo-13479-2-pareo-9004","status":"publish","type":"product","link":"https:\/\/flytechltd.com\/en\/p\/kadin-neon-yesil-pareo-13479-2-pareo-9004\/","title":{"rendered":"Kad\u0131n Neon Ye\u015fil Pareo 13479-2 PAREO-9004"},"content":{"rendered":"<p><strong>Kad\u0131n Neon Ye\u015fil Pareo 13479-2 PAREO-9004<\/strong><\/p>\n","protected":false},"excerpt":{"rendered":"<p>Kad\u0131n Neon Ye\u015fil Pareo 13479-2 PAREO-9004<\/p>\n","protected":false},"featured_media":11510,"comment_status":"open","ping_status":"closed","template":"","meta":[],"product_brand":[],"product_cat":[344],"product_tag":[],"class_list":{"0":"post-11492","1":"product","2":"type-product","3":"status-publish","4":"has-post-thumbnail","6":"product_cat-plaj-kiyafetleri","8":"first","9":"instock","10":"shipping-taxable","11":"purchasable","12":"product-type-simple"},"aioseo_notices":[],"_links":{"self":[{"href":"https:\/\/flytechltd.com\/en\/wp-json\/wp\/v2\/product\/11492","targetHints":{"allow":["GET"]}}],"collection":[{"href":"https:\/\/flytechltd.com\/en\/wp-json\/wp\/v2\/product"}],"about":[{"href":"https:\/\/flytechltd.com\/en\/wp-json\/wp\/v2\/types\/product"}],"replies":[{"embeddable":true,"href":"https:\/\/flytechltd.com\/en\/wp-json\/wp\/v2\/comments?post=11492"}],"version-history":[{"count":0,"href":"https:\/\/flytechltd.com\/en\/wp-json\/wp\/v2\/product\/11492\/revisions"}],"wp:featuredmedia":[{"embeddable":true,"href":"https:\/\/flytechltd.com\/en\/wp-json\/wp\/v2\/media\/11510"}],"wp:attachment":[{"href":"https:\/\/flytechltd.com\/en\/wp-json\/wp\/v2\/media?parent=11492"}],"wp:term":[{"taxonomy":"product_brand","embeddable":true,"href":"https:\/\/flytechltd.com\/en\/wp-json\/wp\/v2\/product_brand?post=11492"},{"taxonomy":"product_cat","embeddable":true,"href":"https:\/\/flytechltd.com\/en\/wp-json\/wp\/v2\/product_cat?post=11492"},{"taxonomy":"product_tag","embeddable":true,"href":"https:\/\/flytechltd.com\/en\/wp-json\/wp\/v2\/product_tag?post=11492"}],"curies":[{"name":"wp","href":"https:\/\/api.w.org\/{rel}","templated":true}]}}