{"id":11522,"date":"2022-10-09T13:43:50","date_gmt":"2022-10-09T13:43:50","guid":{"rendered":"https:\/\/flytechltd.com\/?post_type=product&#038;p=11522"},"modified":"2022-11-20T15:39:22","modified_gmt":"2022-11-20T15:39:22","slug":"cantali-plaj-siltesi-pembe","status":"publish","type":"product","link":"https:\/\/flytechltd.com\/en\/p\/cantali-plaj-siltesi-pembe\/","title":{"rendered":"\u00c7antal\u0131 Plaj \u015eiltesi Pembe"},"content":{"rendered":"<p>\u00c7antal\u0131 Plaj \u015eiltesi Pembe 65&#215;150 cm<\/p>\n","protected":false},"excerpt":{"rendered":"<p>\u00c7antal\u0131 Plaj \u015eiltesi Pembe<\/p>\n","protected":false},"featured_media":11523,"comment_status":"open","ping_status":"closed","template":"","meta":[],"product_brand":[],"product_cat":[344],"product_tag":[],"class_list":{"0":"post-11522","1":"product","2":"type-product","3":"status-publish","4":"has-post-thumbnail","6":"product_cat-plaj-kiyafetleri","8":"first","9":"instock","10":"shipping-taxable","11":"purchasable","12":"product-type-simple"},"aioseo_notices":[],"_links":{"self":[{"href":"https:\/\/flytechltd.com\/en\/wp-json\/wp\/v2\/product\/11522","targetHints":{"allow":["GET"]}}],"collection":[{"href":"https:\/\/flytechltd.com\/en\/wp-json\/wp\/v2\/product"}],"about":[{"href":"https:\/\/flytechltd.com\/en\/wp-json\/wp\/v2\/types\/product"}],"replies":[{"embeddable":true,"href":"https:\/\/flytechltd.com\/en\/wp-json\/wp\/v2\/comments?post=11522"}],"version-history":[{"count":0,"href":"https:\/\/flytechltd.com\/en\/wp-json\/wp\/v2\/product\/11522\/revisions"}],"wp:featuredmedia":[{"embeddable":true,"href":"https:\/\/flytechltd.com\/en\/wp-json\/wp\/v2\/media\/11523"}],"wp:attachment":[{"href":"https:\/\/flytechltd.com\/en\/wp-json\/wp\/v2\/media?parent=11522"}],"wp:term":[{"taxonomy":"product_brand","embeddable":true,"href":"https:\/\/flytechltd.com\/en\/wp-json\/wp\/v2\/product_brand?post=11522"},{"taxonomy":"product_cat","embeddable":true,"href":"https:\/\/flytechltd.com\/en\/wp-json\/wp\/v2\/product_cat?post=11522"},{"taxonomy":"product_tag","embeddable":true,"href":"https:\/\/flytechltd.com\/en\/wp-json\/wp\/v2\/product_tag?post=11522"}],"curies":[{"name":"wp","href":"https:\/\/api.w.org\/{rel}","templated":true}]}}