{"id":11649,"date":"2022-10-10T19:00:22","date_gmt":"2022-10-10T19:00:22","guid":{"rendered":"https:\/\/flytechltd.com\/?post_type=product&#038;p=11649"},"modified":"2022-10-10T19:00:22","modified_gmt":"2022-10-10T19:00:22","slug":"elektrikli-fanli-isitici-hb-8502","status":"publish","type":"product","link":"https:\/\/flytechltd.com\/en\/p\/elektrikli-fanli-isitici-hb-8502\/","title":{"rendered":"Elektrikli Fanl\u0131 Is\u0131t\u0131c\u0131 HB-8502"},"content":{"rendered":"<p>Elektrikli Fanl\u0131 Is\u0131t\u0131c\u0131 HB-8502<\/p>\n<table class=\"NormalTable\" style=\"height: 152px\" width=\"306\">\n<tbody>\n<tr>\n<td width=\"200\"><span class=\"fontstyle0\">\u00a0Termostat ayarl\u0131<\/span><\/td>\n<\/tr>\n<tr>\n<td width=\"200\"><span class=\"fontstyle0\">* A\u015f\u0131r\u0131 \u0131s\u0131nmaya kar\u015f\u0131 koruma<\/span><\/td>\n<\/tr>\n<tr>\n<td width=\"200\"><span class=\"fontstyle0\">* G\u00fc\u00e7 g\u00f6sterge \u0131\u015f\u0131\u011f\u0131<\/span><\/td>\n<\/tr>\n<tr>\n<td width=\"200\"><span class=\"fontstyle0\">* 1000-2000 Watt<\/span><\/td>\n<\/tr>\n<\/tbody>\n<\/table>\n","protected":false},"excerpt":{"rendered":"<p>Elektrikli Fanl\u0131 Is\u0131t\u0131c\u0131 HB-8502 \u00a0Termostat ayarl\u0131 * A\u015f\u0131r\u0131 \u0131s\u0131nmaya kar\u015f\u0131 koruma * G\u00fc\u00e7 g\u00f6sterge \u0131\u015f\u0131\u011f\u0131 * 1000-2000 Watt<\/p>\n","protected":false},"featured_media":11650,"comment_status":"open","ping_status":"closed","template":"","meta":[],"product_brand":[],"product_cat":[335],"product_tag":[],"class_list":{"0":"post-11649","1":"product","2":"type-product","3":"status-publish","4":"has-post-thumbnail","6":"product_cat-isitma-sogutma","8":"first","9":"instock","10":"shipping-taxable","11":"purchasable","12":"product-type-simple"},"aioseo_notices":[],"_links":{"self":[{"href":"https:\/\/flytechltd.com\/en\/wp-json\/wp\/v2\/product\/11649","targetHints":{"allow":["GET"]}}],"collection":[{"href":"https:\/\/flytechltd.com\/en\/wp-json\/wp\/v2\/product"}],"about":[{"href":"https:\/\/flytechltd.com\/en\/wp-json\/wp\/v2\/types\/product"}],"replies":[{"embeddable":true,"href":"https:\/\/flytechltd.com\/en\/wp-json\/wp\/v2\/comments?post=11649"}],"version-history":[{"count":0,"href":"https:\/\/flytechltd.com\/en\/wp-json\/wp\/v2\/product\/11649\/revisions"}],"wp:featuredmedia":[{"embeddable":true,"href":"https:\/\/flytechltd.com\/en\/wp-json\/wp\/v2\/media\/11650"}],"wp:attachment":[{"href":"https:\/\/flytechltd.com\/en\/wp-json\/wp\/v2\/media?parent=11649"}],"wp:term":[{"taxonomy":"product_brand","embeddable":true,"href":"https:\/\/flytechltd.com\/en\/wp-json\/wp\/v2\/product_brand?post=11649"},{"taxonomy":"product_cat","embeddable":true,"href":"https:\/\/flytechltd.com\/en\/wp-json\/wp\/v2\/product_cat?post=11649"},{"taxonomy":"product_tag","embeddable":true,"href":"https:\/\/flytechltd.com\/en\/wp-json\/wp\/v2\/product_tag?post=11649"}],"curies":[{"name":"wp","href":"https:\/\/api.w.org\/{rel}","templated":true}]}}