{"id":11711,"date":"2022-10-13T19:29:22","date_gmt":"2022-10-13T19:29:22","guid":{"rendered":"https:\/\/flytechltd.com\/?post_type=product&#038;p=11711"},"modified":"2022-10-30T18:31:30","modified_gmt":"2022-10-30T18:31:30","slug":"jojroom-25w-usb-c-hizli-sarj-cihazi-pd-3-0-adaptor","status":"publish","type":"product","link":"https:\/\/flytechltd.com\/en\/p\/jojroom-25w-usb-c-hizli-sarj-cihazi-pd-3-0-adaptor\/","title":{"rendered":"Jojroom 25W USB-C H\u0131zl\u0131 \u015earj Cihaz\u0131 PD 3.0 Adapt\u00f6r"},"content":{"rendered":"<p>Jojroom 25W H\u0131zl\u0131 \u015earjer<\/p>\n<pre id=\"tw-target-text\" class=\"tw-data-text tw-text-large tw-ta\" dir=\"ltr\" data-placeholder=\"Translation\"><span class=\"Y2IQFc\" lang=\"tr\">K\u00fc\u00e7\u00fck olmas\u0131na ra\u011fmen, g\u00fc\u00e7l\u00fc! Joyroom L-P251 \u015farj cihaz\u0131, kompakt boyutu ve verimli i\u00e7 tasar\u0131m\u0131 ile \u00f6ne \u00e7\u0131kar. H\u0131zl\u0131 \u015farj protokol\u00fc deste\u011fi zamandan tasarruf sa\u011flar ve \u00e7e\u015fitli cihazlarla uyumluluk, art\u0131k birka\u00e7 farkl\u0131 aksesuara ihtiyac\u0131n\u0131z olmad\u0131\u011f\u0131 anlam\u0131na gelir. Bu k\u00fc\u00e7\u00fck ama \u00e7ok sa\u011flam ekipman her \u015feyi halledecek. \u0130ngilizce adapt\u00f6r, aksesuar\u0131n B\u00fcy\u00fck Britanya'da da kullan\u0131lmas\u0131na izin verir.\r\n\r\n\u015eartname:\r\n\u2022 Marka: Joyroom\r\n\u2022 Model: L-P251\r\n\u2022 Giri\u015f ak\u0131m\u0131: 100-240V 50 \/ 60Hz 0.8A\r\n\u2022 USB Tip C \u00e7\u0131k\u0131\u015f ak\u0131m\u0131: 5V~3A, 9V~2.77A, 12V = 2.08A (25W) Maks.\r\n\u2022 Boyutlar: 75,8 x 45,5 x 31,7 mm\r\n\u2022 Malzeme: polikarbonat\r\n\u2022 A\u011f\u0131rl\u0131k: 52 gr\r\n\u2022 Kablo uzunlu\u011fu: 100 cm\r\n\u2022 Siyah renk\r\n\u2022 G\u00fc\u00e7: 25W\r\n\r\nDahil:\r\n\u2022 Joyroom L-P251 \u015farj cihaz\u0131\r\n\u2022 \u0130ngilizce adapt\u00f6r\r\n\r\nJoyroom L-P251 h\u0131zl\u0131 \u015farj cihaz\u0131n\u0131n en \u00f6nemli avantajlar\u0131:\r\n\u2022 PD ve PPS protokollerinin deste\u011fi sayesinde cihazlar\u0131n\u0131z\u0131 daha da h\u0131zl\u0131 \u015farj edebilirsiniz.\r\n\u2022 \u00c7e\u015fitli ekipmanlarla uyumlu oldu\u011fundan art\u0131k ek \u015farj cihazlar\u0131na ihtiyac\u0131n\u0131z yok\r\n\u2022 Hi\u00e7bir hasar\u0131 garanti etmeyen ak\u0131ll\u0131 bir \u00e7ip sayesinde ekipman\u0131n\u0131z g\u00fcvende\r\n\u2022 K\u00fc\u00e7\u00fck boyutlar\u0131 ve d\u00fc\u015f\u00fck a\u011f\u0131rl\u0131\u011f\u0131 sayesinde her yere g\u00f6t\u00fcrebilirsiniz.\r\n\r\nSadece birka\u00e7 dakika\r\nPower Delivery h\u0131zl\u0131 \u015farj protokol\u00fc deste\u011fi \u00f6zellikle dikkat \u00e7ekicidir. Bu sayede her cihaz, geleneksel \u015farj cihazlar\u0131na g\u00f6re \u00e7ok daha h\u0131zl\u0131 bir \u015fekilde yeniden \u00e7al\u0131\u015fmaya haz\u0131r hale gelir.\r\n\r\nher cihaz i\u00e7in\r\nFarkl\u0131 \u00fcreticilerin ekipman\u0131 var m\u0131? Sorun de\u011fil, her biri i\u00e7in ek \u015farj cihaz\u0131 sat\u0131n alman\u0131za gerek yok. Joyroom L-P251 \u015farj cihaz\u0131, her ikisine de g\u00fc\u00e7 vermenizi sa\u011flar; Apple ve Samsung'dan cihazlar.\r\n\r\ng\u00fcvenli \u015farj\r\nk\u0131sa vadede? A\u015f\u0131r\u0131 \u0131s\u0131nma? Bunlar\u0131n hi\u00e7biri. Joyroom L-P251 \u015farj cihaz\u0131, bu t\u00fcr kazalara kar\u015f\u0131 korumay\u0131 garanti eder. G\u00fc\u00e7 verildi\u011finde cihazlar\u0131n\u0131z zarar g\u00f6rmez.<\/span><\/pre>\n","protected":false},"excerpt":{"rendered":"<p>Jojroom 25W H\u0131zl\u0131 \u015earjer<\/p>\n","protected":false},"featured_media":11712,"comment_status":"open","ping_status":"closed","template":"","meta":[],"product_brand":[],"product_cat":[699],"product_tag":[],"class_list":{"0":"post-11711","1":"product","2":"type-product","3":"status-publish","4":"has-post-thumbnail","6":"product_cat-adaptorler-telefon-aksesuarlar","8":"first","9":"instock","10":"shipping-taxable","11":"purchasable","12":"product-type-simple"},"aioseo_notices":[],"_links":{"self":[{"href":"https:\/\/flytechltd.com\/en\/wp-json\/wp\/v2\/product\/11711","targetHints":{"allow":["GET"]}}],"collection":[{"href":"https:\/\/flytechltd.com\/en\/wp-json\/wp\/v2\/product"}],"about":[{"href":"https:\/\/flytechltd.com\/en\/wp-json\/wp\/v2\/types\/product"}],"replies":[{"embeddable":true,"href":"https:\/\/flytechltd.com\/en\/wp-json\/wp\/v2\/comments?post=11711"}],"version-history":[{"count":0,"href":"https:\/\/flytechltd.com\/en\/wp-json\/wp\/v2\/product\/11711\/revisions"}],"wp:featuredmedia":[{"embeddable":true,"href":"https:\/\/flytechltd.com\/en\/wp-json\/wp\/v2\/media\/11712"}],"wp:attachment":[{"href":"https:\/\/flytechltd.com\/en\/wp-json\/wp\/v2\/media?parent=11711"}],"wp:term":[{"taxonomy":"product_brand","embeddable":true,"href":"https:\/\/flytechltd.com\/en\/wp-json\/wp\/v2\/product_brand?post=11711"},{"taxonomy":"product_cat","embeddable":true,"href":"https:\/\/flytechltd.com\/en\/wp-json\/wp\/v2\/product_cat?post=11711"},{"taxonomy":"product_tag","embeddable":true,"href":"https:\/\/flytechltd.com\/en\/wp-json\/wp\/v2\/product_tag?post=11711"}],"curies":[{"name":"wp","href":"https:\/\/api.w.org\/{rel}","templated":true}]}}