{"id":11723,"date":"2022-10-13T19:33:43","date_gmt":"2022-10-13T19:33:43","guid":{"rendered":"https:\/\/flytechltd.com\/?post_type=product&#038;p=11723"},"modified":"2024-06-27T20:01:31","modified_gmt":"2024-06-27T20:01:31","slug":"joyroom-35w-cift-usb-c-hizli-sarj-cihazi-pd3-0-adaptor","status":"publish","type":"product","link":"https:\/\/flytechltd.com\/en\/p\/joyroom-35w-cift-usb-c-hizli-sarj-cihazi-pd3-0-adaptor\/","title":{"rendered":"Joyroom 35W \u00c7ift USB-C H\u0131zl\u0131 \u015earj Cihaz\u0131 PD3.0 Adapt\u00f6r"},"content":{"rendered":"<p>Jojroom 35W H\u0131zl\u0131 \u015earjer<\/p>\n<h1 class=\"product-meta__title heading h3\">35W \u00c7ift USB-C Duvar \u015earj Cihaz\u0131, PD 3.0 35W Katlanabilir USB Fi\u015fi iPad \u015earj K\u00fcp\u00fc<\/h1>\n<p>\u301035W Fast Charger Plug\u3011 PD 3.0 USB C Wall Charger Power Adapter fast charging port output 35W(max), 5X faster than 5V2A charger, Charges iPhone 13 Pro from 0% to 65% in just 30 minutes.USB\u2011C Power Adapter offers fast, efficient charging at home, in the office, or on the go.(Note: When two ports are charging at the same time, they share 35W; 35W when only one port is charging.)<br \/>\n\u3010Dual USB C Charger\u3011 With 2 Type C port, this iphone charger plug lets you charge two devices simultaneously, a much more efficient way to charge your iphone, iPad or Apple Watch at the same time.<br \/>\n\u3010Multi Safety Protection\u3011 USB-C power adapter has provided the advanced intelligent circuity safety system to prevent short-circuit, overheating, overcurrent, and overcharging. And the unique trickle charging mode is automatically activated to protect the health of the phone battery when the battery power reaches 80%.<br \/>\n\u3010Broad Compatibility\u3011 USB-C Power Adapter compatible with iPhone 13, 13 pro, 13 pro max, 13 mini, 12, 12 Mini, 12 Pro, 12 Pro Max, iPad Pro, iPad Air, iPad mini, Samsung Galaxy Note S22 S21 S20 iPad and most of phone tablet laptop and more devices.<br \/>\n\u3010Compact and Portable\u3011Neat and lightweight design makes this USB C Wall Charger Plug a perfect travel companion, Handy for home, office, and on vacation.Unique foldable design makes this 2-Port USB C Plug easy to grab and go.<\/p>\n","protected":false},"excerpt":{"rendered":"<p>Jojroom 35W H\u0131zl\u0131 \u015earjer<\/p>\n","protected":false},"featured_media":11724,"comment_status":"open","ping_status":"closed","template":"","meta":[],"product_brand":[],"product_cat":[699],"product_tag":[],"class_list":{"0":"post-11723","1":"product","2":"type-product","3":"status-publish","4":"has-post-thumbnail","6":"product_cat-adaptorler-telefon-aksesuarlar","8":"first","9":"instock","10":"shipping-taxable","11":"purchasable","12":"product-type-simple"},"aioseo_notices":[],"_links":{"self":[{"href":"https:\/\/flytechltd.com\/en\/wp-json\/wp\/v2\/product\/11723","targetHints":{"allow":["GET"]}}],"collection":[{"href":"https:\/\/flytechltd.com\/en\/wp-json\/wp\/v2\/product"}],"about":[{"href":"https:\/\/flytechltd.com\/en\/wp-json\/wp\/v2\/types\/product"}],"replies":[{"embeddable":true,"href":"https:\/\/flytechltd.com\/en\/wp-json\/wp\/v2\/comments?post=11723"}],"version-history":[{"count":0,"href":"https:\/\/flytechltd.com\/en\/wp-json\/wp\/v2\/product\/11723\/revisions"}],"wp:featuredmedia":[{"embeddable":true,"href":"https:\/\/flytechltd.com\/en\/wp-json\/wp\/v2\/media\/11724"}],"wp:attachment":[{"href":"https:\/\/flytechltd.com\/en\/wp-json\/wp\/v2\/media?parent=11723"}],"wp:term":[{"taxonomy":"product_brand","embeddable":true,"href":"https:\/\/flytechltd.com\/en\/wp-json\/wp\/v2\/product_brand?post=11723"},{"taxonomy":"product_cat","embeddable":true,"href":"https:\/\/flytechltd.com\/en\/wp-json\/wp\/v2\/product_cat?post=11723"},{"taxonomy":"product_tag","embeddable":true,"href":"https:\/\/flytechltd.com\/en\/wp-json\/wp\/v2\/product_tag?post=11723"}],"curies":[{"name":"wp","href":"https:\/\/api.w.org\/{rel}","templated":true}]}}