{"id":11793,"date":"2022-10-14T17:30:32","date_gmt":"2022-10-14T17:30:32","guid":{"rendered":"https:\/\/flytechltd.com\/?post_type=product&#038;p=11793"},"modified":"2022-11-12T19:18:07","modified_gmt":"2022-11-12T19:18:07","slug":"sarjli-sac-sakal-makinesi-aprilla","status":"publish","type":"product","link":"https:\/\/flytechltd.com\/en\/p\/sarjli-sac-sakal-makinesi-aprilla\/","title":{"rendered":"\u015earjl\u0131 Sa\u00e7 Sakal Makinesi Aprilla"},"content":{"rendered":"<p>Aprilla ATR7017 Retro \u015earjl\u0131 Sa\u00e7 Sakal D\u00fczeltme Makinesi<\/p>\n","protected":false},"excerpt":{"rendered":"<p>ATR7017<\/p>\n","protected":false},"featured_media":11794,"comment_status":"open","ping_status":"closed","template":"","meta":[],"product_brand":[],"product_cat":[326],"product_tag":[],"class_list":{"0":"post-11793","1":"product","2":"type-product","3":"status-publish","4":"has-post-thumbnail","6":"product_cat-kisisel-bakim","8":"first","9":"instock","10":"shipping-taxable","11":"purchasable","12":"product-type-simple"},"aioseo_notices":[],"_links":{"self":[{"href":"https:\/\/flytechltd.com\/en\/wp-json\/wp\/v2\/product\/11793","targetHints":{"allow":["GET"]}}],"collection":[{"href":"https:\/\/flytechltd.com\/en\/wp-json\/wp\/v2\/product"}],"about":[{"href":"https:\/\/flytechltd.com\/en\/wp-json\/wp\/v2\/types\/product"}],"replies":[{"embeddable":true,"href":"https:\/\/flytechltd.com\/en\/wp-json\/wp\/v2\/comments?post=11793"}],"version-history":[{"count":0,"href":"https:\/\/flytechltd.com\/en\/wp-json\/wp\/v2\/product\/11793\/revisions"}],"wp:featuredmedia":[{"embeddable":true,"href":"https:\/\/flytechltd.com\/en\/wp-json\/wp\/v2\/media\/11794"}],"wp:attachment":[{"href":"https:\/\/flytechltd.com\/en\/wp-json\/wp\/v2\/media?parent=11793"}],"wp:term":[{"taxonomy":"product_brand","embeddable":true,"href":"https:\/\/flytechltd.com\/en\/wp-json\/wp\/v2\/product_brand?post=11793"},{"taxonomy":"product_cat","embeddable":true,"href":"https:\/\/flytechltd.com\/en\/wp-json\/wp\/v2\/product_cat?post=11793"},{"taxonomy":"product_tag","embeddable":true,"href":"https:\/\/flytechltd.com\/en\/wp-json\/wp\/v2\/product_tag?post=11793"}],"curies":[{"name":"wp","href":"https:\/\/api.w.org\/{rel}","templated":true}]}}