{"id":11801,"date":"2022-10-14T18:14:05","date_gmt":"2022-10-14T18:14:05","guid":{"rendered":"https:\/\/flytechltd.com\/?post_type=product&#038;p=11801"},"modified":"2022-11-12T19:24:07","modified_gmt":"2022-11-12T19:24:07","slug":"awei-l3-3-5mm-spor-kulaklik","status":"publish","type":"product","link":"https:\/\/flytechltd.com\/en\/p\/awei-l3-3-5mm-spor-kulaklik\/","title":{"rendered":"Awei L3 3.5mm Spor Kulakl\u0131k"},"content":{"rendered":"<pre id=\"tw-target-text\" class=\"tw-data-text tw-text-large tw-ta\" dir=\"ltr\" data-placeholder=\"Translation\"><span class=\"Y2IQFc\" lang=\"tr\">AWEI L3 3.5mm Kablolu Kulak \u0130\u00e7i Stereo Bas Kulakl\u0131k As\u0131l\u0131 Kulak M\u00fczikli Kulakl\u0131k Mikrofonlu\r\nAs\u0131l\u0131 kulak sporlar\u0131 kulakl\u0131k, rahatt\u0131r\r\nY\u00fcksek kaliteli 1.2m tel, g\u00fc\u00e7l\u00fc \u00e7ekme mukavemeti\r\n\r\n3,5 mm jak ile \u00e7o\u011fu dijital cihaz i\u00e7in uygun 3,5 mm fi\u015f\r\n\r\n\u0130yi ses kalitesi, stereo ve s\u00fcper bas efekti sunar\r\n\r\nMikrofonlu tel kontrol\u00fc, kullan\u0131m\u0131 kolay\r\n\r\n\u015eartname:\r\n\r\nKablo uzunlu\u011fu: 1.2m\r\n\r\nJack tipi: 3.5mm\r\n\r\nTahrik \u00fcnitesi: 13mm\r\n\r\nHassasiyet: 93dB\u00b13dB\r\n\r\nEmpedans: 16\u03a9\r\n\r\nTel kontrol\u00fc: evet\r\n\r\nFrekans yan\u0131t aral\u0131\u011f\u0131: 20-20000HZ\r\n\r\n\u0130\u015flev: sesli arama, ses seviyesini ayarlama, \u015fark\u0131lar\u0131 de\u011fi\u015ftirme\r\n\r\nKanal: stereo\r\n\r\nPaket i\u00e7eri\u011fi:\r\n\r\n1 x Kablolu Kulakl\u0131k\r\n1 x \u0130ngilizce \r\n\u00d6zellikler\r\nMarka Awei\r\nPerakende Ambalaj Renkli Kutu\r\nKullan\u0131m K\u0131lavuzu (Dil) \u0130ngilizce ve \u00c7ince\r\nBr\u00fct A\u011f\u0131rl\u0131k 0.057kg\r\nHacim A\u011f\u0131rl\u0131k 0.098kg\r\nPaket Uzunlu\u011fu 20.000cm\r\nPaket Geni\u015fli\u011fi 7.800cm\r\nPaket Y\u00fcksekli\u011fi 2.800cm\r\nBir Paket A\u011f\u0131rl\u0131\u011f\u0131 0.051kg<\/span><\/pre>\n","protected":false},"excerpt":{"rendered":"<p>L3<\/p>\n","protected":false},"featured_media":11803,"comment_status":"open","ping_status":"closed","template":"","meta":[],"product_brand":[],"product_cat":[319],"product_tag":[],"class_list":{"0":"post-11801","1":"product","2":"type-product","3":"status-publish","4":"has-post-thumbnail","6":"product_cat-phone-kulakliklar","8":"first","9":"instock","10":"shipping-taxable","11":"purchasable","12":"product-type-simple"},"aioseo_notices":[],"_links":{"self":[{"href":"https:\/\/flytechltd.com\/en\/wp-json\/wp\/v2\/product\/11801","targetHints":{"allow":["GET"]}}],"collection":[{"href":"https:\/\/flytechltd.com\/en\/wp-json\/wp\/v2\/product"}],"about":[{"href":"https:\/\/flytechltd.com\/en\/wp-json\/wp\/v2\/types\/product"}],"replies":[{"embeddable":true,"href":"https:\/\/flytechltd.com\/en\/wp-json\/wp\/v2\/comments?post=11801"}],"version-history":[{"count":0,"href":"https:\/\/flytechltd.com\/en\/wp-json\/wp\/v2\/product\/11801\/revisions"}],"wp:featuredmedia":[{"embeddable":true,"href":"https:\/\/flytechltd.com\/en\/wp-json\/wp\/v2\/media\/11803"}],"wp:attachment":[{"href":"https:\/\/flytechltd.com\/en\/wp-json\/wp\/v2\/media?parent=11801"}],"wp:term":[{"taxonomy":"product_brand","embeddable":true,"href":"https:\/\/flytechltd.com\/en\/wp-json\/wp\/v2\/product_brand?post=11801"},{"taxonomy":"product_cat","embeddable":true,"href":"https:\/\/flytechltd.com\/en\/wp-json\/wp\/v2\/product_cat?post=11801"},{"taxonomy":"product_tag","embeddable":true,"href":"https:\/\/flytechltd.com\/en\/wp-json\/wp\/v2\/product_tag?post=11801"}],"curies":[{"name":"wp","href":"https:\/\/api.w.org\/{rel}","templated":true}]}}