{"id":11806,"date":"2022-10-14T18:28:08","date_gmt":"2022-10-14T18:28:08","guid":{"rendered":"https:\/\/flytechltd.com\/?post_type=product&#038;p=11806"},"modified":"2022-10-30T18:13:34","modified_gmt":"2022-10-30T18:13:34","slug":"awei-l5-3-5mm-kulaklik","status":"publish","type":"product","link":"https:\/\/flytechltd.com\/en\/p\/awei-l5-3-5mm-kulaklik\/","title":{"rendered":"Awei L5 3.5mm Kulakl\u0131k"},"content":{"rendered":"<p><strong><span data-spm-anchor-id=\"a2g0o.detail.1000023.i0.90e82920gWlXv0\">\u00d6zellik:<\/span><\/strong><\/p>\n<p>Uzunluk: 1.2m<br \/>\nFi\u015f: 3.5mm<br \/>\nRenk: siyah<br \/>\nTrumpets: 10mm<br \/>\nHassasiyet: 90 \u00b1 3dB<br \/>\nDrive-By-Wire: evet<br \/>\nFrekans tepki aral\u0131\u011f\u0131: 20Hz ~ 20000HZ<br \/>\nG\u00fc\u00e7: 1-3MW<br \/>\nMikrofonun duyarl\u0131l\u0131\u011f\u0131: -29DBFS<br \/>\nSes par\u00e7a: Stereo<br \/>\nKablo: TPE \u00f6rg\u00fcl\u00fc kablo<br \/>\n\u00d6zellikler: m\u0131knat\u0131s ile ala\u015f\u0131m<br \/>\nA\u015f\u0131nma y\u00f6ntemi: kulak i\u00e7i<br \/>\nDahil aksesuarlar: tel tutucu, garanti kart\u0131, 3 Earcaps<\/p>\n","protected":false},"excerpt":{"rendered":"<p>L5<\/p>\n","protected":false},"featured_media":11807,"comment_status":"open","ping_status":"closed","template":"","meta":[],"product_brand":[],"product_cat":[319],"product_tag":[],"class_list":{"0":"post-11806","1":"product","2":"type-product","3":"status-publish","4":"has-post-thumbnail","6":"product_cat-phone-kulakliklar","8":"first","9":"instock","10":"shipping-taxable","11":"purchasable","12":"product-type-simple"},"aioseo_notices":[],"_links":{"self":[{"href":"https:\/\/flytechltd.com\/en\/wp-json\/wp\/v2\/product\/11806","targetHints":{"allow":["GET"]}}],"collection":[{"href":"https:\/\/flytechltd.com\/en\/wp-json\/wp\/v2\/product"}],"about":[{"href":"https:\/\/flytechltd.com\/en\/wp-json\/wp\/v2\/types\/product"}],"replies":[{"embeddable":true,"href":"https:\/\/flytechltd.com\/en\/wp-json\/wp\/v2\/comments?post=11806"}],"version-history":[{"count":0,"href":"https:\/\/flytechltd.com\/en\/wp-json\/wp\/v2\/product\/11806\/revisions"}],"wp:featuredmedia":[{"embeddable":true,"href":"https:\/\/flytechltd.com\/en\/wp-json\/wp\/v2\/media\/11807"}],"wp:attachment":[{"href":"https:\/\/flytechltd.com\/en\/wp-json\/wp\/v2\/media?parent=11806"}],"wp:term":[{"taxonomy":"product_brand","embeddable":true,"href":"https:\/\/flytechltd.com\/en\/wp-json\/wp\/v2\/product_brand?post=11806"},{"taxonomy":"product_cat","embeddable":true,"href":"https:\/\/flytechltd.com\/en\/wp-json\/wp\/v2\/product_cat?post=11806"},{"taxonomy":"product_tag","embeddable":true,"href":"https:\/\/flytechltd.com\/en\/wp-json\/wp\/v2\/product_tag?post=11806"}],"curies":[{"name":"wp","href":"https:\/\/api.w.org\/{rel}","templated":true}]}}