{"id":11846,"date":"2022-10-14T20:12:58","date_gmt":"2022-10-14T20:12:58","guid":{"rendered":"https:\/\/flytechltd.com\/?post_type=product&#038;p=11846"},"modified":"2022-11-26T13:51:46","modified_gmt":"2022-11-26T13:51:46","slug":"triko-kazak-balikci-yaka-bordo","status":"publish","type":"product","link":"https:\/\/flytechltd.com\/en\/p\/triko-kazak-balikci-yaka-bordo\/","title":{"rendered":"Triko Kazak Bal\u0131k\u00e7\u0131 Yaka Bordo"},"content":{"rendered":"<ul id=\"content-descriptions-list\">\n<li>Kuma\u015f \u00d6zelli\u011fi : %90 Akrilik %10 Y\u00fcn Kal\u0131p : Normal Kal\u0131p<\/li>\n<\/ul>\n","protected":false},"excerpt":{"rendered":"<p>Kuma\u015f \u00d6zelli\u011fi : %90 Akrilik %10 Y\u00fcn Kal\u0131p : Normal Kal\u0131p<\/p>\n","protected":false},"featured_media":11847,"comment_status":"open","ping_status":"closed","template":"","meta":[],"product_brand":[],"product_cat":[341],"product_tag":[],"class_list":{"0":"post-11846","1":"product","2":"type-product","3":"status-publish","4":"has-post-thumbnail","6":"product_cat-moda","8":"first","9":"instock","10":"sale","11":"shipping-taxable","12":"purchasable","13":"product-type-simple"},"aioseo_notices":[],"_links":{"self":[{"href":"https:\/\/flytechltd.com\/en\/wp-json\/wp\/v2\/product\/11846","targetHints":{"allow":["GET"]}}],"collection":[{"href":"https:\/\/flytechltd.com\/en\/wp-json\/wp\/v2\/product"}],"about":[{"href":"https:\/\/flytechltd.com\/en\/wp-json\/wp\/v2\/types\/product"}],"replies":[{"embeddable":true,"href":"https:\/\/flytechltd.com\/en\/wp-json\/wp\/v2\/comments?post=11846"}],"version-history":[{"count":0,"href":"https:\/\/flytechltd.com\/en\/wp-json\/wp\/v2\/product\/11846\/revisions"}],"wp:featuredmedia":[{"embeddable":true,"href":"https:\/\/flytechltd.com\/en\/wp-json\/wp\/v2\/media\/11847"}],"wp:attachment":[{"href":"https:\/\/flytechltd.com\/en\/wp-json\/wp\/v2\/media?parent=11846"}],"wp:term":[{"taxonomy":"product_brand","embeddable":true,"href":"https:\/\/flytechltd.com\/en\/wp-json\/wp\/v2\/product_brand?post=11846"},{"taxonomy":"product_cat","embeddable":true,"href":"https:\/\/flytechltd.com\/en\/wp-json\/wp\/v2\/product_cat?post=11846"},{"taxonomy":"product_tag","embeddable":true,"href":"https:\/\/flytechltd.com\/en\/wp-json\/wp\/v2\/product_tag?post=11846"}],"curies":[{"name":"wp","href":"https:\/\/api.w.org\/{rel}","templated":true}]}}