{"id":11986,"date":"2022-10-18T20:42:34","date_gmt":"2022-10-18T20:42:34","guid":{"rendered":"https:\/\/flytechltd.com\/?post_type=product&#038;p=11986"},"modified":"2022-10-30T18:21:25","modified_gmt":"2022-10-30T18:21:25","slug":"pilates-yoga-minderi-spor-yer-mati-fitness-mati-evde-spor-mati-gri","status":"publish","type":"product","link":"https:\/\/flytechltd.com\/en\/p\/pilates-yoga-minderi-spor-yer-mati-fitness-mati-evde-spor-mati-gri\/","title":{"rendered":"Pilates Yoga Minderi Spor Yer Mat\u0131 Fitness Mat\u0131 Evde Spor Mat\u0131 Gri"},"content":{"rendered":"<p>Plates Minderi 5mm<\/p>\n<p>\u00c7ok fonksiyonlu kullanabilece\u011finiz pilates ve yoga matlar\u0131, \u00f6zel s\u00fcnger yap\u0131s\u0131yla yapt\u0131\u011f\u0131n\u0131z hareketleri izole ve ac\u0131s\u0131z yapman\u0131za olanak sa\u011flayacakt\u0131r.<br \/>\nSpor salonlar\u0131 ve evlerin olmazsa olmaz\u0131 \u00e7ok fonksiyonlu mat\u0131m\u0131z\u0131 do\u011fada ve kamplarda da g\u00f6n\u00fcl rahatl\u0131\u011f\u0131yla kullanabilirsiniz.<br \/>\nKolayca rulo hale gelen ergonomik yap\u0131s\u0131 ile evinizde \u00e7ok yer kaplamayacak ve ta\u015f\u0131rken de zorlanmayacaks\u0131n\u0131zd\u0131r.<br \/>\nBunlar\u0131n yan\u0131 s\u0131ra \u00f6zel s\u00fcnger yap\u0131s\u0131 ile kolay temizlenip sa\u011fl\u0131k a\u00e7\u0131dan sizleri zor duruma sokmayacakt\u0131r.<\/p>\n","protected":false},"excerpt":{"rendered":"<p>5 Mm 150 X 50 Cm<\/p>\n","protected":false},"featured_media":11987,"comment_status":"open","ping_status":"closed","template":"","meta":[],"product_brand":[],"product_cat":[659],"product_tag":[],"class_list":{"0":"post-11986","1":"product","2":"type-product","3":"status-publish","4":"has-post-thumbnail","6":"product_cat-spor-outdoor","8":"first","9":"instock","10":"shipping-taxable","11":"purchasable","12":"product-type-simple"},"aioseo_notices":[],"_links":{"self":[{"href":"https:\/\/flytechltd.com\/en\/wp-json\/wp\/v2\/product\/11986","targetHints":{"allow":["GET"]}}],"collection":[{"href":"https:\/\/flytechltd.com\/en\/wp-json\/wp\/v2\/product"}],"about":[{"href":"https:\/\/flytechltd.com\/en\/wp-json\/wp\/v2\/types\/product"}],"replies":[{"embeddable":true,"href":"https:\/\/flytechltd.com\/en\/wp-json\/wp\/v2\/comments?post=11986"}],"version-history":[{"count":0,"href":"https:\/\/flytechltd.com\/en\/wp-json\/wp\/v2\/product\/11986\/revisions"}],"wp:featuredmedia":[{"embeddable":true,"href":"https:\/\/flytechltd.com\/en\/wp-json\/wp\/v2\/media\/11987"}],"wp:attachment":[{"href":"https:\/\/flytechltd.com\/en\/wp-json\/wp\/v2\/media?parent=11986"}],"wp:term":[{"taxonomy":"product_brand","embeddable":true,"href":"https:\/\/flytechltd.com\/en\/wp-json\/wp\/v2\/product_brand?post=11986"},{"taxonomy":"product_cat","embeddable":true,"href":"https:\/\/flytechltd.com\/en\/wp-json\/wp\/v2\/product_cat?post=11986"},{"taxonomy":"product_tag","embeddable":true,"href":"https:\/\/flytechltd.com\/en\/wp-json\/wp\/v2\/product_tag?post=11986"}],"curies":[{"name":"wp","href":"https:\/\/api.w.org\/{rel}","templated":true}]}}