{"id":12020,"date":"2022-10-19T17:25:29","date_gmt":"2022-10-19T17:25:29","guid":{"rendered":"https:\/\/flytechltd.com\/?post_type=product&#038;p=12020"},"modified":"2022-11-12T20:12:36","modified_gmt":"2022-11-12T20:12:36","slug":"tp-link-tl-wa854re-kablosuz-menzil-genisletici","status":"publish","type":"product","link":"https:\/\/flytechltd.com\/en\/p\/tp-link-tl-wa854re-kablosuz-menzil-genisletici\/","title":{"rendered":"TP-Link TL-WA854RE Kablosuz Menzil Geni\u015fletici"},"content":{"rendered":"<p>TP-Link TL-WA854RE 300 Mbps 2.4 Ghz N Kablosuz Menzil Geni\u015fletici<\/p>\n<div class=\"box title\">\n<h1><span>300Mbps Wi-Fi Menzil Geni\u015fletici<\/span><\/h1>\n<\/div>\n<div class=\"box highlights\">\n<ul>\n<li><span>Menzil Geni\u015fletici modu, kablosuz sinyali daha \u00f6nce eri\u015filemeyen veya kablo ba\u011flant\u0131s\u0131 yap\u0131lmas\u0131 zor alanlara kusursuz bir \u015fekilde art\u0131r\u0131r<\/span><\/li>\n<li><span>Minyat\u00fcr boyut ve duvara monte tasar\u0131m, da\u011f\u0131tmay\u0131 ve esnek bir \u015fekilde hareket etmeyi kolayla\u015ft\u0131r\u0131r<\/span><\/li>\n<li><span>Menzil Geni\u015fletici d\u00fc\u011fmesine basarak kablosuz kapsama alan\u0131n\u0131 kolayca geni\u015fletin<\/span><\/li>\n<li><span>Tether Uygulamas\u0131, herhangi bir mobil cihaz\u0131 kullanarak kolay eri\u015fim ve y\u00f6netim sa\u011flar<\/span><\/li>\n<li><span>LED Kontrol i\u015flevi, huzurlu bir uyku i\u00e7in bir Gece Modu i\u00e7erir<\/span><\/li>\n<\/ul>\n<\/div>\n","protected":false},"excerpt":{"rendered":"<p>TL-WA854RE<\/p>\n","protected":false},"featured_media":12027,"comment_status":"open","ping_status":"closed","template":"","meta":[],"product_brand":[],"product_cat":[302],"product_tag":[],"class_list":{"0":"post-12020","1":"product","2":"type-product","3":"status-publish","4":"has-post-thumbnail","6":"product_cat-ag","8":"first","9":"instock","10":"shipping-taxable","11":"purchasable","12":"product-type-simple"},"aioseo_notices":[],"_links":{"self":[{"href":"https:\/\/flytechltd.com\/en\/wp-json\/wp\/v2\/product\/12020","targetHints":{"allow":["GET"]}}],"collection":[{"href":"https:\/\/flytechltd.com\/en\/wp-json\/wp\/v2\/product"}],"about":[{"href":"https:\/\/flytechltd.com\/en\/wp-json\/wp\/v2\/types\/product"}],"replies":[{"embeddable":true,"href":"https:\/\/flytechltd.com\/en\/wp-json\/wp\/v2\/comments?post=12020"}],"version-history":[{"count":0,"href":"https:\/\/flytechltd.com\/en\/wp-json\/wp\/v2\/product\/12020\/revisions"}],"wp:featuredmedia":[{"embeddable":true,"href":"https:\/\/flytechltd.com\/en\/wp-json\/wp\/v2\/media\/12027"}],"wp:attachment":[{"href":"https:\/\/flytechltd.com\/en\/wp-json\/wp\/v2\/media?parent=12020"}],"wp:term":[{"taxonomy":"product_brand","embeddable":true,"href":"https:\/\/flytechltd.com\/en\/wp-json\/wp\/v2\/product_brand?post=12020"},{"taxonomy":"product_cat","embeddable":true,"href":"https:\/\/flytechltd.com\/en\/wp-json\/wp\/v2\/product_cat?post=12020"},{"taxonomy":"product_tag","embeddable":true,"href":"https:\/\/flytechltd.com\/en\/wp-json\/wp\/v2\/product_tag?post=12020"}],"curies":[{"name":"wp","href":"https:\/\/api.w.org\/{rel}","templated":true}]}}