{"id":12199,"date":"2022-11-01T18:17:33","date_gmt":"2022-11-01T18:17:33","guid":{"rendered":"https:\/\/flytechltd.com\/?post_type=product&#038;p=12199"},"modified":"2022-11-01T18:17:34","modified_gmt":"2022-11-01T18:17:34","slug":"iphone-13-13-pro-okaliptus-kilif","status":"publish","type":"product","link":"https:\/\/flytechltd.com\/en\/p\/iphone-13-13-pro-okaliptus-kilif\/","title":{"rendered":"iPhone 13-13 Pro Okaliptus K\u0131l\u0131f"},"content":{"rendered":"<p>iPhone 13-13 Pro Okaliptus K\u0131l\u0131f<\/p>\n","protected":false},"excerpt":{"rendered":"<p>IP13-13PRO<\/p>\n","protected":false},"featured_media":12202,"comment_status":"open","ping_status":"closed","template":"","meta":[],"product_brand":[],"product_cat":[410],"product_tag":[],"class_list":{"0":"post-12199","1":"product","2":"type-product","3":"status-publish","4":"has-post-thumbnail","6":"product_cat-mobil-kilif","8":"first","9":"instock","10":"shipping-taxable","11":"purchasable","12":"product-type-simple"},"aioseo_notices":[],"_links":{"self":[{"href":"https:\/\/flytechltd.com\/en\/wp-json\/wp\/v2\/product\/12199","targetHints":{"allow":["GET"]}}],"collection":[{"href":"https:\/\/flytechltd.com\/en\/wp-json\/wp\/v2\/product"}],"about":[{"href":"https:\/\/flytechltd.com\/en\/wp-json\/wp\/v2\/types\/product"}],"replies":[{"embeddable":true,"href":"https:\/\/flytechltd.com\/en\/wp-json\/wp\/v2\/comments?post=12199"}],"version-history":[{"count":0,"href":"https:\/\/flytechltd.com\/en\/wp-json\/wp\/v2\/product\/12199\/revisions"}],"wp:featuredmedia":[{"embeddable":true,"href":"https:\/\/flytechltd.com\/en\/wp-json\/wp\/v2\/media\/12202"}],"wp:attachment":[{"href":"https:\/\/flytechltd.com\/en\/wp-json\/wp\/v2\/media?parent=12199"}],"wp:term":[{"taxonomy":"product_brand","embeddable":true,"href":"https:\/\/flytechltd.com\/en\/wp-json\/wp\/v2\/product_brand?post=12199"},{"taxonomy":"product_cat","embeddable":true,"href":"https:\/\/flytechltd.com\/en\/wp-json\/wp\/v2\/product_cat?post=12199"},{"taxonomy":"product_tag","embeddable":true,"href":"https:\/\/flytechltd.com\/en\/wp-json\/wp\/v2\/product_tag?post=12199"}],"curies":[{"name":"wp","href":"https:\/\/api.w.org\/{rel}","templated":true}]}}