{"id":12360,"date":"2022-11-09T17:30:47","date_gmt":"2022-11-09T17:30:47","guid":{"rendered":"https:\/\/flytechltd.com\/?post_type=product&#038;p=12360"},"modified":"2023-12-04T17:55:27","modified_gmt":"2023-12-04T17:55:27","slug":"oyuncu-koltugu-kirmizi-classic","status":"publish","type":"product","link":"https:\/\/flytechltd.com\/en\/p\/oyuncu-koltugu-kirmizi-classic\/","title":{"rendered":"Oyuncu Koltu\u011fu K\u0131rm\u0131z\u0131 Classic"},"content":{"rendered":"<p>Xrancer Profesyonel Oyuncu Koltuklar\u0131n\u0131n Ortak \u00d6zellikleri:<\/p>\n<p>Oturum Alan\u0131 ve S\u0131rt B\u00f6lgesi Terletmeyen Kuma\u015f.<br \/>\nV\u00fccut yap\u0131s\u0131na g\u00f6re tam ortobetik.<br \/>\nMetal i\u00e7 iskelet y\u00fcksek kalite i\u00e7 poleretan i\u00e7 s\u00fcngeriyle konforlu bir oturum sa\u011flar.<br \/>\nGeriye Do\u011fru 180\u00b0 kadar kademeli olarak Yatar.<br \/>\nSenkron Alt Mekan\u0131zmas\u0131yla 135\u00b0 Be\u015fik Sistemi (yaylanma) \u00c7ift Kol Mekanizma.<br \/>\n\u00d6zel yumu\u015fak dokusuyla Kol\u00e7aklar\u0131m\u0131z 3D Kol\u00e7aklar (Yukar\u0131 \u2013 A\u015fag\u0131 \u2013 \u0130leri \u2013 Geri \u2013 Sa\u011fa ve Sola)<br \/>\n1 Y\u0131l Garanti.<\/p>\n","protected":false},"excerpt":{"rendered":"<p>K\u0131rm\u0131z\u0131 Classic<\/p>\n","protected":false},"featured_media":12361,"comment_status":"open","ping_status":"closed","template":"","meta":[],"product_brand":[],"product_cat":[350],"product_tag":[],"class_list":{"0":"post-12360","1":"product","2":"type-product","3":"status-publish","4":"has-post-thumbnail","6":"product_cat-oyun-koltugu","8":"first","9":"instock","10":"sale","11":"shipping-taxable","12":"purchasable","13":"product-type-simple"},"aioseo_notices":[],"_links":{"self":[{"href":"https:\/\/flytechltd.com\/en\/wp-json\/wp\/v2\/product\/12360","targetHints":{"allow":["GET"]}}],"collection":[{"href":"https:\/\/flytechltd.com\/en\/wp-json\/wp\/v2\/product"}],"about":[{"href":"https:\/\/flytechltd.com\/en\/wp-json\/wp\/v2\/types\/product"}],"replies":[{"embeddable":true,"href":"https:\/\/flytechltd.com\/en\/wp-json\/wp\/v2\/comments?post=12360"}],"version-history":[{"count":0,"href":"https:\/\/flytechltd.com\/en\/wp-json\/wp\/v2\/product\/12360\/revisions"}],"wp:featuredmedia":[{"embeddable":true,"href":"https:\/\/flytechltd.com\/en\/wp-json\/wp\/v2\/media\/12361"}],"wp:attachment":[{"href":"https:\/\/flytechltd.com\/en\/wp-json\/wp\/v2\/media?parent=12360"}],"wp:term":[{"taxonomy":"product_brand","embeddable":true,"href":"https:\/\/flytechltd.com\/en\/wp-json\/wp\/v2\/product_brand?post=12360"},{"taxonomy":"product_cat","embeddable":true,"href":"https:\/\/flytechltd.com\/en\/wp-json\/wp\/v2\/product_cat?post=12360"},{"taxonomy":"product_tag","embeddable":true,"href":"https:\/\/flytechltd.com\/en\/wp-json\/wp\/v2\/product_tag?post=12360"}],"curies":[{"name":"wp","href":"https:\/\/api.w.org\/{rel}","templated":true}]}}