{"id":12613,"date":"2022-11-22T19:30:56","date_gmt":"2022-11-22T19:30:56","guid":{"rendered":"https:\/\/flytechltd.com\/?post_type=product&#038;p=12613"},"modified":"2022-11-22T19:30:56","modified_gmt":"2022-11-22T19:30:56","slug":"poe-combiner-splitter","status":"publish","type":"product","link":"https:\/\/flytechltd.com\/en\/p\/poe-combiner-splitter\/","title":{"rendered":"POE Combiner Splitter"},"content":{"rendered":"<p>Her Kamera i\u00e7in 1 set al\u0131nmal\u0131d\u0131r.\u00a0<strong>1 set 2 par\u00e7adan olu\u015fmaktad\u0131r<\/strong><\/p>\n<p>1.par\u00e7a : 2 u\u00e7\u00a0 POE switch&#8217;in 2 portuna tak\u0131l\u0131r. Di\u011fer taraf\u0131na kameralara giden kablo tak\u0131l\u0131r.<br \/>\n2.par\u00e7a : bir ucu POE sw\u0131tch&#8217;den gelen kablo tak\u0131l\u0131t. (T par\u00e7an\u0131n baca\u011f\u0131na). Di\u011fer 2 uca kameralara giden kablolar tak\u0131l\u0131r. (T&#8217;nin kollar\u0131)<\/p>\n","protected":false},"excerpt":{"rendered":"<p>Her Kamera i\u00e7in 1 set al\u0131nmal\u0131d\u0131r.\u00a01 set 2 par\u00e7adan olu\u015fmaktad\u0131r 1.par\u00e7a : 2 u\u00e7\u00a0 POE switch&#8217;in 2 portuna tak\u0131l\u0131r. Di\u011fer<\/p>\n","protected":false},"featured_media":12614,"comment_status":"open","ping_status":"closed","template":"","meta":[],"product_brand":[],"product_cat":[337],"product_tag":[],"class_list":{"0":"post-12613","1":"product","2":"type-product","3":"status-publish","4":"has-post-thumbnail","6":"product_cat-guvenlik","8":"first","9":"instock","10":"shipping-taxable","11":"purchasable","12":"product-type-simple"},"aioseo_notices":[],"_links":{"self":[{"href":"https:\/\/flytechltd.com\/en\/wp-json\/wp\/v2\/product\/12613","targetHints":{"allow":["GET"]}}],"collection":[{"href":"https:\/\/flytechltd.com\/en\/wp-json\/wp\/v2\/product"}],"about":[{"href":"https:\/\/flytechltd.com\/en\/wp-json\/wp\/v2\/types\/product"}],"replies":[{"embeddable":true,"href":"https:\/\/flytechltd.com\/en\/wp-json\/wp\/v2\/comments?post=12613"}],"version-history":[{"count":0,"href":"https:\/\/flytechltd.com\/en\/wp-json\/wp\/v2\/product\/12613\/revisions"}],"wp:featuredmedia":[{"embeddable":true,"href":"https:\/\/flytechltd.com\/en\/wp-json\/wp\/v2\/media\/12614"}],"wp:attachment":[{"href":"https:\/\/flytechltd.com\/en\/wp-json\/wp\/v2\/media?parent=12613"}],"wp:term":[{"taxonomy":"product_brand","embeddable":true,"href":"https:\/\/flytechltd.com\/en\/wp-json\/wp\/v2\/product_brand?post=12613"},{"taxonomy":"product_cat","embeddable":true,"href":"https:\/\/flytechltd.com\/en\/wp-json\/wp\/v2\/product_cat?post=12613"},{"taxonomy":"product_tag","embeddable":true,"href":"https:\/\/flytechltd.com\/en\/wp-json\/wp\/v2\/product_tag?post=12613"}],"curies":[{"name":"wp","href":"https:\/\/api.w.org\/{rel}","templated":true}]}}