{"id":12764,"date":"2022-11-26T13:16:37","date_gmt":"2022-11-26T13:16:37","guid":{"rendered":"https:\/\/flytechltd.com\/?post_type=product&#038;p=12764"},"modified":"2022-11-26T13:16:37","modified_gmt":"2022-11-26T13:16:37","slug":"samsung-note-20-ultra-mavi-kilif","status":"publish","type":"product","link":"https:\/\/flytechltd.com\/en\/p\/samsung-note-20-ultra-mavi-kilif\/","title":{"rendered":"Samsung Note 20 Ultra Mavi K\u0131l\u0131f"},"content":{"rendered":"<p>Samsung Note 20 Ultra Mavi Darbeye Dayan\u0131kl\u0131 Manyetik Halka Stand\u0131 K\u0131l\u0131f<\/p>\n<p><img decoding=\"async\" class=\"alignnone wp-image-12752\" src=\"https:\/\/flytechltd.com\/wp-content\/uploads\/2022\/11\/H76f46027ab754c57991a4eb201ff98bfr.jpg_640x640q90-180x300.jpg\" alt=\"\" width=\"149\" height=\"249\" srcset=\"https:\/\/flytechltd.com\/wp-content\/uploads\/2022\/11\/H76f46027ab754c57991a4eb201ff98bfr.jpg_640x640q90-180x300.jpg 180w, https:\/\/flytechltd.com\/wp-content\/uploads\/2022\/11\/H76f46027ab754c57991a4eb201ff98bfr.jpg_640x640q90-150x250.jpg 150w, https:\/\/flytechltd.com\/wp-content\/uploads\/2022\/11\/H76f46027ab754c57991a4eb201ff98bfr.jpg_640x640q90.jpg 384w\" sizes=\"(max-width: 149px) 100vw, 149px\" \/> <img decoding=\"async\" class=\"alignnone wp-image-12754\" src=\"https:\/\/flytechltd.com\/wp-content\/uploads\/2022\/11\/H373b32617a174aba80892af2001c3548N.jpg_640x640q90-180x300.jpg\" alt=\"\" width=\"150\" height=\"250\" srcset=\"https:\/\/flytechltd.com\/wp-content\/uploads\/2022\/11\/H373b32617a174aba80892af2001c3548N.jpg_640x640q90-180x300.jpg 180w, https:\/\/flytechltd.com\/wp-content\/uploads\/2022\/11\/H373b32617a174aba80892af2001c3548N.jpg_640x640q90-150x250.jpg 150w, https:\/\/flytechltd.com\/wp-content\/uploads\/2022\/11\/H373b32617a174aba80892af2001c3548N.jpg_640x640q90.jpg 384w\" sizes=\"(max-width: 150px) 100vw, 150px\" \/> <img decoding=\"async\" class=\"alignnone wp-image-12756\" src=\"https:\/\/flytechltd.com\/wp-content\/uploads\/2022\/11\/Hbb5d3f456d8e4cd2a4c362e6f806b5f46.jpg_640x640q90-180x300.jpg\" alt=\"\" width=\"150\" height=\"250\" srcset=\"https:\/\/flytechltd.com\/wp-content\/uploads\/2022\/11\/Hbb5d3f456d8e4cd2a4c362e6f806b5f46.jpg_640x640q90-180x300.jpg 180w, https:\/\/flytechltd.com\/wp-content\/uploads\/2022\/11\/Hbb5d3f456d8e4cd2a4c362e6f806b5f46.jpg_640x640q90-150x250.jpg 150w, https:\/\/flytechltd.com\/wp-content\/uploads\/2022\/11\/Hbb5d3f456d8e4cd2a4c362e6f806b5f46.jpg_640x640q90.jpg 384w\" sizes=\"(max-width: 150px) 100vw, 150px\" \/> <img loading=\"lazy\" decoding=\"async\" class=\"alignnone wp-image-12758\" src=\"https:\/\/flytechltd.com\/wp-content\/uploads\/2022\/11\/Hdc95dd0b5f1d4e10a983989f6b388a99q.jpg_640x640q90-180x300.jpg\" alt=\"\" width=\"150\" height=\"250\" srcset=\"https:\/\/flytechltd.com\/wp-content\/uploads\/2022\/11\/Hdc95dd0b5f1d4e10a983989f6b388a99q.jpg_640x640q90-180x300.jpg 180w, https:\/\/flytechltd.com\/wp-content\/uploads\/2022\/11\/Hdc95dd0b5f1d4e10a983989f6b388a99q.jpg_640x640q90-150x250.jpg 150w, https:\/\/flytechltd.com\/wp-content\/uploads\/2022\/11\/Hdc95dd0b5f1d4e10a983989f6b388a99q.jpg_640x640q90.jpg 384w\" sizes=\"(max-width: 150px) 100vw, 150px\" \/><\/p>\n","protected":false},"excerpt":{"rendered":"<p>Samsung Note 20 Ultra Mavi Darbeye Dayan\u0131kl\u0131 Manyetik Halka Stand\u0131 K\u0131l\u0131f<\/p>\n","protected":false},"featured_media":12765,"comment_status":"open","ping_status":"closed","template":"","meta":[],"product_brand":[],"product_cat":[410],"product_tag":[],"class_list":{"0":"post-12764","1":"product","2":"type-product","3":"status-publish","4":"has-post-thumbnail","6":"product_cat-mobil-kilif","8":"first","9":"instock","10":"shipping-taxable","11":"purchasable","12":"product-type-simple"},"aioseo_notices":[],"_links":{"self":[{"href":"https:\/\/flytechltd.com\/en\/wp-json\/wp\/v2\/product\/12764","targetHints":{"allow":["GET"]}}],"collection":[{"href":"https:\/\/flytechltd.com\/en\/wp-json\/wp\/v2\/product"}],"about":[{"href":"https:\/\/flytechltd.com\/en\/wp-json\/wp\/v2\/types\/product"}],"replies":[{"embeddable":true,"href":"https:\/\/flytechltd.com\/en\/wp-json\/wp\/v2\/comments?post=12764"}],"version-history":[{"count":0,"href":"https:\/\/flytechltd.com\/en\/wp-json\/wp\/v2\/product\/12764\/revisions"}],"wp:featuredmedia":[{"embeddable":true,"href":"https:\/\/flytechltd.com\/en\/wp-json\/wp\/v2\/media\/12765"}],"wp:attachment":[{"href":"https:\/\/flytechltd.com\/en\/wp-json\/wp\/v2\/media?parent=12764"}],"wp:term":[{"taxonomy":"product_brand","embeddable":true,"href":"https:\/\/flytechltd.com\/en\/wp-json\/wp\/v2\/product_brand?post=12764"},{"taxonomy":"product_cat","embeddable":true,"href":"https:\/\/flytechltd.com\/en\/wp-json\/wp\/v2\/product_cat?post=12764"},{"taxonomy":"product_tag","embeddable":true,"href":"https:\/\/flytechltd.com\/en\/wp-json\/wp\/v2\/product_tag?post=12764"}],"curies":[{"name":"wp","href":"https:\/\/api.w.org\/{rel}","templated":true}]}}