{"id":12800,"date":"2022-11-26T17:40:19","date_gmt":"2022-11-26T17:40:19","guid":{"rendered":"https:\/\/flytechltd.com\/?post_type=product&#038;p=12800"},"modified":"2025-12-23T08:33:46","modified_gmt":"2025-12-23T08:33:46","slug":"calisma-sandalyesi-oyuncu-koltugu-champion","status":"publish","type":"product","link":"https:\/\/flytechltd.com\/en\/p\/calisma-sandalyesi-oyuncu-koltugu-champion\/","title":{"rendered":"\u00c7al\u0131\u015fma Sandalyesi \/ Oyuncu Koltu\u011fu Champion"},"content":{"rendered":"<p>Ta\u015f\u0131ma Kapasitesi: 95 kg<br \/>\n\u00dcretim Yeri: T\u00fcrkiye<br \/>\nGaranti S\u00fcresi: 12 ay<br \/>\nMekanizma: Mx-Multitilt Yukar\u0131 a\u015fa\u011f\u0131 istenilen yerde sabitlenebilir, yatar pozisyonda ve dik pozisyonda istenilen yerde sabitlenebilir, serbest sallanabilir. Yaslanma sertli\u011fi ayarlanabilir<br \/>\nAmortis\u00f6r: Bifma Testli IIII-A Class<br \/>\nTekerlek: 50mm \u00c7ap &#8211; 360 Derece d\u00f6ner &#8211; Yumu\u015fak \/ Sert zemin kullan\u0131ma uygun<br \/>\nD\u00f6ner Hareketi: 360 Derece d\u00f6ner<br \/>\nS\u00fcnger: 55 DNS Poli\u00fcretan enjeksiyon s\u00fcnger<br \/>\nOturak Kaplama: Anti Bakteriyel Suni Deri<br \/>\nS\u0131rt Kaplama: Anti Bakteriyel Suni Deri<br \/>\nKol Deste\u011fi: Sabit<br \/>\nAyak B\u00f6l\u00fcm\u00fc: Dayan\u0131kl\u0131 plastik y\u0131ld\u0131z ayak<br \/>\nKurulum: De monte olarak g\u00f6nderilir. Tornavida, matkap vb. gerektirir. T\u00fcm par\u00e7alar pakette mevcuttur.<br \/>\nTemizleme: Hafif nemli bez ve eser miktarda deterjan ile temizlenebilir (Kimyasallar hari\u00e7)<br \/>\nPaket Koli: D:810mm \/ W:640mm \/ H:340mm | W:19kg<br \/>\n\u00d6l\u00e7\u00fcler Gen: 600mm | Der: 650mm | Y\u00fcks: 1260mm<br \/>\nOturum Y\u00fcks.: 420mm &#8211; 510mm<br \/>\nOturum D.: 520mm | Oturum G.: 500mm<br \/>\nS\u0131rt Y.: 770mm<br \/>\n\u00b115mm<\/p>\n","protected":false},"excerpt":{"rendered":"<p>Ta\u015f\u0131ma Kapasitesi: 95 kg \u00dcretim Yeri: T\u00fcrkiye Garanti S\u00fcresi: 12 ay Mekanizma: Mx-Multitilt Yukar\u0131 a\u015fa\u011f\u0131 istenilen yerde sabitlenebilir, yatar pozisyonda<\/p>\n","protected":false},"featured_media":12801,"comment_status":"open","ping_status":"closed","template":"","meta":[],"product_brand":[],"product_cat":[349],"product_tag":[],"class_list":{"0":"post-12800","1":"product","2":"type-product","3":"status-publish","4":"has-post-thumbnail","6":"product_cat-sandalye-sandalye","8":"first","9":"outofstock","10":"sale","11":"shipping-taxable","12":"purchasable","13":"product-type-simple"},"aioseo_notices":[],"_links":{"self":[{"href":"https:\/\/flytechltd.com\/en\/wp-json\/wp\/v2\/product\/12800","targetHints":{"allow":["GET"]}}],"collection":[{"href":"https:\/\/flytechltd.com\/en\/wp-json\/wp\/v2\/product"}],"about":[{"href":"https:\/\/flytechltd.com\/en\/wp-json\/wp\/v2\/types\/product"}],"replies":[{"embeddable":true,"href":"https:\/\/flytechltd.com\/en\/wp-json\/wp\/v2\/comments?post=12800"}],"version-history":[{"count":0,"href":"https:\/\/flytechltd.com\/en\/wp-json\/wp\/v2\/product\/12800\/revisions"}],"wp:featuredmedia":[{"embeddable":true,"href":"https:\/\/flytechltd.com\/en\/wp-json\/wp\/v2\/media\/12801"}],"wp:attachment":[{"href":"https:\/\/flytechltd.com\/en\/wp-json\/wp\/v2\/media?parent=12800"}],"wp:term":[{"taxonomy":"product_brand","embeddable":true,"href":"https:\/\/flytechltd.com\/en\/wp-json\/wp\/v2\/product_brand?post=12800"},{"taxonomy":"product_cat","embeddable":true,"href":"https:\/\/flytechltd.com\/en\/wp-json\/wp\/v2\/product_cat?post=12800"},{"taxonomy":"product_tag","embeddable":true,"href":"https:\/\/flytechltd.com\/en\/wp-json\/wp\/v2\/product_tag?post=12800"}],"curies":[{"name":"wp","href":"https:\/\/api.w.org\/{rel}","templated":true}]}}