{"id":12813,"date":"2022-11-26T18:11:27","date_gmt":"2022-11-26T18:11:27","guid":{"rendered":"https:\/\/flytechltd.com\/?post_type=product&#038;p=12813"},"modified":"2022-11-26T18:11:27","modified_gmt":"2022-11-26T18:11:27","slug":"cctv-kamera-guc-kaynagi-ms-cctv-9p","status":"publish","type":"product","link":"https:\/\/flytechltd.com\/en\/p\/cctv-kamera-guc-kaynagi-ms-cctv-9p\/","title":{"rendered":"CCTV Kamera G\u00fc\u00e7 Kayna\u011f\u0131 MS-CCTV-9P"},"content":{"rendered":"<p>CCTV Kamera G\u00fc\u00e7 Kayna\u011f\u0131 MS-CCTV-9P<br \/>\n\u00c7\u0131k\u0131\u015f G\u00fcc\u00fc  : 60 Watt<br \/>\nGiri\u015f Gerilimleri : 100-240 VAC 43-67 Hz.<br \/>\nTan\u0131mlamalar : 12 VDC 5A 9Port\/Ak\u00fc \u015earj<br \/>\n\u00d6l\u00e7\u00fcler : 200*230*75 mm<br \/>\nGiri\u015f Gerilimleri : 100-240 VAC 43-67 Hz.<\/p>\n","protected":false},"excerpt":{"rendered":"<p>CCTV Kamera G\u00fc\u00e7 Kayna\u011f\u0131 MS-CCTV-9P \u00c7\u0131k\u0131\u015f G\u00fcc\u00fc : 60 Watt Giri\u015f Gerilimleri : 100-240 VAC 43-67 Hz. Tan\u0131mlamalar : 12<\/p>\n","protected":false},"featured_media":12814,"comment_status":"open","ping_status":"closed","template":"","meta":[],"product_brand":[],"product_cat":[337],"product_tag":[],"class_list":{"0":"post-12813","1":"product","2":"type-product","3":"status-publish","4":"has-post-thumbnail","6":"product_cat-guvenlik","8":"first","9":"instock","10":"sale","11":"shipping-taxable","12":"purchasable","13":"product-type-simple"},"aioseo_notices":[],"_links":{"self":[{"href":"https:\/\/flytechltd.com\/en\/wp-json\/wp\/v2\/product\/12813","targetHints":{"allow":["GET"]}}],"collection":[{"href":"https:\/\/flytechltd.com\/en\/wp-json\/wp\/v2\/product"}],"about":[{"href":"https:\/\/flytechltd.com\/en\/wp-json\/wp\/v2\/types\/product"}],"replies":[{"embeddable":true,"href":"https:\/\/flytechltd.com\/en\/wp-json\/wp\/v2\/comments?post=12813"}],"version-history":[{"count":0,"href":"https:\/\/flytechltd.com\/en\/wp-json\/wp\/v2\/product\/12813\/revisions"}],"wp:featuredmedia":[{"embeddable":true,"href":"https:\/\/flytechltd.com\/en\/wp-json\/wp\/v2\/media\/12814"}],"wp:attachment":[{"href":"https:\/\/flytechltd.com\/en\/wp-json\/wp\/v2\/media?parent=12813"}],"wp:term":[{"taxonomy":"product_brand","embeddable":true,"href":"https:\/\/flytechltd.com\/en\/wp-json\/wp\/v2\/product_brand?post=12813"},{"taxonomy":"product_cat","embeddable":true,"href":"https:\/\/flytechltd.com\/en\/wp-json\/wp\/v2\/product_cat?post=12813"},{"taxonomy":"product_tag","embeddable":true,"href":"https:\/\/flytechltd.com\/en\/wp-json\/wp\/v2\/product_tag?post=12813"}],"curies":[{"name":"wp","href":"https:\/\/api.w.org\/{rel}","templated":true}]}}