{"id":12953,"date":"2023-02-08T18:19:01","date_gmt":"2023-02-08T18:19:01","guid":{"rendered":"https:\/\/flytechltd.com\/?post_type=product&#038;p=12953"},"modified":"2023-02-08T18:19:01","modified_gmt":"2023-02-08T18:19:01","slug":"kablosuz-mini-yaka-mikrofonu-iphone-ios-uyumlu","status":"publish","type":"product","link":"https:\/\/flytechltd.com\/en\/p\/kablosuz-mini-yaka-mikrofonu-iphone-ios-uyumlu\/","title":{"rendered":"Kablosuz Mini Yaka Mikrofonu Iphone Ios Uyumlu"},"content":{"rendered":"<div class=\"x11i5rnm xat24cr x1mh8g0r x1vvkbs xdj266r x126k92a\">\n<div dir=\"auto\"><span class=\"x3nfvp2 x1j61x8r x1fcty0u xdj266r xhhsvwb xat24cr xgzva0m xxymvpz xlup9mm x1kky2od\"><img decoding=\"async\" src=\"https:\/\/static.xx.fbcdn.net\/images\/emoji.php\/v9\/tf3\/1\/16\/1f539.png\" alt=\"\ud83d\udd39\" width=\"16\" height=\"16\" \/><\/span>Iphone Ios Uyumlu Kablosuz Mini Yaka Mikrofonu <span class=\"x3nfvp2 x1j61x8r x1fcty0u xdj266r xhhsvwb xat24cr xgzva0m xxymvpz xlup9mm x1kky2od\"><img decoding=\"async\" src=\"https:\/\/static.xx.fbcdn.net\/images\/emoji.php\/v9\/t7e\/1\/16\/1f3a4.png\" alt=\"\ud83c\udfa4\" width=\"16\" height=\"16\" \/><\/span><\/div>\n<\/div>\n<div class=\"x11i5rnm xat24cr x1mh8g0r x1vvkbs xtlvy1s x126k92a\">\n<div dir=\"auto\"><span class=\"x3nfvp2 x1j61x8r x1fcty0u xdj266r xhhsvwb xat24cr xgzva0m xxymvpz xlup9mm x1kky2od\"><img decoding=\"async\" src=\"https:\/\/static.xx.fbcdn.net\/images\/emoji.php\/v9\/t32\/1\/16\/1f516.png\" alt=\"\ud83d\udd16\" width=\"16\" height=\"16\" \/><\/span>Lightning giri\u015fli cihazlar i\u00e7in \u00fcretilmi\u015f net, y\u00fcksek kaliteli ses kayd\u0131 alman\u0131z\u0131 sa\u011flayan profesyonel dijital yaka mikrofonudur.<\/div>\n<\/div>\n<div class=\"x11i5rnm xat24cr x1mh8g0r x1vvkbs xtlvy1s x126k92a\">\n<div dir=\"auto\"><span class=\"x3nfvp2 x1j61x8r x1fcty0u xdj266r xhhsvwb xat24cr xgzva0m xxymvpz xlup9mm x1kky2od\"><img decoding=\"async\" src=\"https:\/\/static.xx.fbcdn.net\/images\/emoji.php\/v9\/t32\/1\/16\/1f516.png\" alt=\"\ud83d\udd16\" width=\"16\" height=\"16\" \/><\/span>Lightning al\u0131c\u0131y\u0131 telefon veya tabletinize tak\u0131p mikrofon ile e\u015fle\u015ftirmesini yapt\u0131\u011f\u0131n\u0131zda \u00e7al\u0131\u015fmaya haz\u0131rd\u0131r.<\/div>\n<\/div>\n<div class=\"x11i5rnm xat24cr x1mh8g0r x1vvkbs xtlvy1s x126k92a\">\n<div dir=\"auto\"><span class=\"x3nfvp2 x1j61x8r x1fcty0u xdj266r xhhsvwb xat24cr xgzva0m xxymvpz xlup9mm x1kky2od\"><img decoding=\"async\" src=\"https:\/\/static.xx.fbcdn.net\/images\/emoji.php\/v9\/t32\/1\/16\/1f516.png\" alt=\"\ud83d\udd16\" width=\"16\" height=\"16\" \/><\/span>Wireless \u00f6zelli\u011fi kablo kar\u0131\u015f\u0131kl\u0131klar\u0131ndan kurtar\u0131r. Daha esnek bir \u00e7al\u0131\u015fma imkan\u0131 sunar.<\/div>\n<\/div>\n<div class=\"x11i5rnm xat24cr x1mh8g0r x1vvkbs xtlvy1s x126k92a\">\n<div dir=\"auto\"><span class=\"x3nfvp2 x1j61x8r x1fcty0u xdj266r xhhsvwb xat24cr xgzva0m xxymvpz xlup9mm x1kky2od\"><img decoding=\"async\" src=\"https:\/\/static.xx.fbcdn.net\/images\/emoji.php\/v9\/t32\/1\/16\/1f516.png\" alt=\"\ud83d\udd16\" width=\"16\" height=\"16\" \/><\/span>Klipsi ile yakaya, cebe, kravat vb. yerlere tak\u0131l\u0131r. Y\u00fcksek ses kalitesi i\u00e7in aktif ses toplama teknolojisine sahiptir.<\/div>\n<\/div>\n<div class=\"x11i5rnm xat24cr x1mh8g0r x1vvkbs xtlvy1s x126k92a\">\n<div dir=\"auto\"><span class=\"x3nfvp2 x1j61x8r x1fcty0u xdj266r xhhsvwb xat24cr xgzva0m xxymvpz xlup9mm x1kky2od\"><img decoding=\"async\" src=\"https:\/\/static.xx.fbcdn.net\/images\/emoji.php\/v9\/t32\/1\/16\/1f516.png\" alt=\"\ud83d\udd16\" width=\"16\" height=\"16\" \/><\/span>Olduk\u00e7a sa\u011flam ve dayan\u0131kl\u0131d\u0131r.<\/div>\n<\/div>\n<div class=\"x11i5rnm xat24cr x1mh8g0r x1vvkbs xtlvy1s x126k92a\">\n<div dir=\"auto\"><span class=\"x3nfvp2 x1j61x8r x1fcty0u xdj266r xhhsvwb xat24cr xgzva0m xxymvpz xlup9mm x1kky2od\"><img decoding=\"async\" src=\"https:\/\/static.xx.fbcdn.net\/images\/emoji.php\/v9\/t32\/1\/16\/1f516.png\" alt=\"\ud83d\udd16\" width=\"16\" height=\"16\" \/><\/span>Ak\u0131ll\u0131 g\u00fcr\u00fclt\u00fc azaltma, \u00e7ok y\u00f6nl\u00fc ses toplama \u00f6zellikleriyle size kaliteli bir kay\u0131t olana\u011f\u0131 sa\u011flar.<\/div>\n<\/div>\n<div class=\"x11i5rnm xat24cr x1mh8g0r x1vvkbs xtlvy1s x126k92a\">\n<div dir=\"auto\"><span class=\"x3nfvp2 x1j61x8r x1fcty0u xdj266r xhhsvwb xat24cr xgzva0m xxymvpz xlup9mm x1kky2od\"><img decoding=\"async\" src=\"https:\/\/static.xx.fbcdn.net\/images\/emoji.php\/v9\/t32\/1\/16\/1f516.png\" alt=\"\ud83d\udd16\" width=\"16\" height=\"16\" \/><\/span>Sosyal medya platformlar\u0131ndada R\u00f6portaj, video kay\u0131t, \u015fark\u0131 kay\u0131t, online e\u011fitimler, video gibi \u00fcretimlerde kullan\u0131lmak i\u00e7in idealdir.<\/div>\n<\/div>\n","protected":false},"excerpt":{"rendered":"<p>Iphone Ios Uyumlu Kablosuz Mini Yaka Mikrofonu Lightning giri\u015fli cihazlar i\u00e7in \u00fcretilmi\u015f net, y\u00fcksek kaliteli ses kayd\u0131 alman\u0131z\u0131 sa\u011flayan profesyonel<\/p>\n","protected":false},"featured_media":12954,"comment_status":"open","ping_status":"closed","template":"","meta":[],"product_brand":[],"product_cat":[316],"product_tag":[],"class_list":{"0":"post-12953","1":"product","2":"type-product","3":"status-publish","4":"has-post-thumbnail","6":"product_cat-telefon-aksesuarlar","8":"first","9":"instock","10":"shipping-taxable","11":"purchasable","12":"product-type-simple"},"aioseo_notices":[],"_links":{"self":[{"href":"https:\/\/flytechltd.com\/en\/wp-json\/wp\/v2\/product\/12953","targetHints":{"allow":["GET"]}}],"collection":[{"href":"https:\/\/flytechltd.com\/en\/wp-json\/wp\/v2\/product"}],"about":[{"href":"https:\/\/flytechltd.com\/en\/wp-json\/wp\/v2\/types\/product"}],"replies":[{"embeddable":true,"href":"https:\/\/flytechltd.com\/en\/wp-json\/wp\/v2\/comments?post=12953"}],"version-history":[{"count":0,"href":"https:\/\/flytechltd.com\/en\/wp-json\/wp\/v2\/product\/12953\/revisions"}],"wp:featuredmedia":[{"embeddable":true,"href":"https:\/\/flytechltd.com\/en\/wp-json\/wp\/v2\/media\/12954"}],"wp:attachment":[{"href":"https:\/\/flytechltd.com\/en\/wp-json\/wp\/v2\/media?parent=12953"}],"wp:term":[{"taxonomy":"product_brand","embeddable":true,"href":"https:\/\/flytechltd.com\/en\/wp-json\/wp\/v2\/product_brand?post=12953"},{"taxonomy":"product_cat","embeddable":true,"href":"https:\/\/flytechltd.com\/en\/wp-json\/wp\/v2\/product_cat?post=12953"},{"taxonomy":"product_tag","embeddable":true,"href":"https:\/\/flytechltd.com\/en\/wp-json\/wp\/v2\/product_tag?post=12953"}],"curies":[{"name":"wp","href":"https:\/\/api.w.org\/{rel}","templated":true}]}}