{"id":12973,"date":"2023-02-28T17:50:05","date_gmt":"2023-02-28T17:50:05","guid":{"rendered":"https:\/\/flytechltd.com\/?post_type=product&#038;p=12973"},"modified":"2025-05-06T06:30:22","modified_gmt":"2025-05-06T06:30:22","slug":"mi-band-7-pro","status":"publish","type":"product","link":"https:\/\/flytechltd.com\/en\/p\/mi-band-7-pro\/","title":{"rendered":"Mi Band 7 Pro"},"content":{"rendered":"<h2>Xiaomi Smart Band 7 Pro \u00d6zellikleri<\/h2>\n<div id=\"bilgiler\" class=\"masonry\">\n<div id=\"grup\" class=\"masonry-brick\">\n<h3><img decoding=\"async\" src=\"https:\/\/resim.epey.com\/grup\/ekran-142.png\" alt=\"EKRAN\" \/>EKRAN<\/h3>\n<ul class=\"grup\">\n<li id=\"id1246\" class=\"cls0\"><strong id=\"cell\" class=\"ozellik1246\">Ekran<\/strong><span class=\"cell cs1\"><span class=\"\"><a class=\"degerVar\" title=\"Ekranl\u0131 Ak\u0131ll\u0131 Saatler\" href=\"https:\/\/www.epey.com\/akilli-saat\/ekran\/var\/\">Var<\/a><\/span><\/span><\/li>\n<li id=\"id1117\" class=\"cls0\"><strong id=\"cell\" class=\"ozellik1117\">Ekran Boyutu<\/strong><span class=\"cell cs1\"><span class=\"\"><a class=\"\" title=\"1.64 in\u00e7 Ekran Boyutuna Sahip Ak\u0131ll\u0131 Saatler\" href=\"https:\/\/www.epey.com\/akilli-saat\/ekran-boyutu\/1-64\/\">1.64 in\u00e7<\/a><\/span><\/span><\/li>\n<li id=\"id1116\" class=\"cls0\"><strong id=\"cell\" class=\"ozellik1116\">Ekran \u00c7\u00f6z\u00fcn\u00fcrl\u00fc\u011f\u00fc<\/strong><span class=\"cell cs1\"><span class=\"\">280&#215;456 piksel<\/span><\/span><\/li>\n<li id=\"id1124\" class=\"cls0\"><strong id=\"cell\" class=\"ozellik1124\">Piksel Yo\u011funlu\u011fu<\/strong><span class=\"cell cs1\"><span class=\"\">326 PPI<\/span><\/span><\/li>\n<li id=\"id1177\" class=\"cls0\"><strong id=\"cell\" class=\"ozellik1177\">Ekran Renk Say\u0131s\u0131<\/strong><span class=\"cell cs1\"><span class=\"\">Renkli<\/span><\/span><\/li>\n<li id=\"id1125\" class=\"cls0\"><strong id=\"cell\" class=\"ozellik1125\">Ekran Teknolojisi<\/strong><span class=\"cell cs1\"><span class=\"\"><a class=\"\" title=\"AMOLED Ekran Teknolojisine Sahip Ak\u0131ll\u0131 Saatler\" href=\"https:\/\/www.epey.com\/akilli-saat\/ekran-teknolojisi\/amoled\/\">AMOLED<\/a><\/span><\/span><\/li>\n<li id=\"id1126\" class=\"cls0\"><strong id=\"cell\" class=\"ozellik1126\">Ekran \u00d6zellikleri<\/strong><span class=\"cell cs1\"><span class=\"\"><a class=\"\" title=\"Dokunmatik \u00d6zellikli Ak\u0131ll\u0131 Saatler\" href=\"https:\/\/www.epey.com\/akilli-saat\/ekran-ozellikleri\/dokunmatik\/\">Dokunmatik<\/a><\/span><span class=\"\"><a class=\"\" title=\"Kavisli Ekran (2.5D) \u00d6zellikli Ak\u0131ll\u0131 Saatler\" href=\"https:\/\/www.epey.com\/akilli-saat\/ekran-ozellikleri\/kavisli-ekran-2-5d\/\">Kavisli Ekran (2.5D)<\/a><\/span><span class=\"\"><a class=\"\" title=\"Parmak \u0130zi B\u0131rakmaz Kaplama (Oleophobic coating) \u00d6zellikli Ak\u0131ll\u0131 Saatler\" href=\"https:\/\/www.epey.com\/akilli-saat\/ekran-ozellikleri\/parmak-izi-birakmaz-kaplama-oleophobic-coating\/\">Parmak \u0130zi B\u0131rakmaz Kaplama (Oleophobic coating)<\/a><\/span><span class=\"\"><a class=\"\" title=\"S\u00fcrekli A\u00e7\u0131k (Always-on) \u00d6zellikli Ak\u0131ll\u0131 Saatler\" href=\"https:\/\/www.epey.com\/akilli-saat\/ekran-ozellikleri\/surekli-acik-always-on\/\">S\u00fcrekli A\u00e7\u0131k (Always-on)<\/a><\/span><\/span><\/li>\n<\/ul>\n<\/div>\n<div id=\"grup\" class=\"masonry-brick\">\n<h3><img decoding=\"async\" src=\"https:\/\/resim.epey.com\/grup\/tasarim-136.png\" alt=\"TASARIM\" \/>TASARIM<\/h3>\n<ul class=\"grup\">\n<li id=\"id1300\" class=\"cls0\"><strong id=\"cell\" class=\"ozellik1300\">Cihaz Boyu (Kordonsuz)<\/strong><span class=\"cell cs1\"><span class=\"\">44.7 mm<\/span><\/span><\/li>\n<li id=\"id1301\" class=\"cls0\"><strong id=\"cell\" class=\"ozellik1301\">Cihaz Eni (Kordonsuz)<\/strong><span class=\"cell cs1\"><span class=\"\">28.8 mm<\/span><\/span><\/li>\n<li id=\"id1302\" class=\"cls0\"><strong id=\"cell\" class=\"ozellik1302\">Cihaz Kal\u0131nl\u0131\u011f\u0131 (Kordonsuz)<\/strong><span class=\"cell cs1\"><span class=\"\">11 mm<\/span><\/span><\/li>\n<li id=\"id1179\" class=\"cls0\"><strong id=\"cell\" class=\"ozellik1179\">G\u00f6vde A\u011f\u0131rl\u0131k<\/strong><span class=\"cell cs1\"><span class=\"\">20.5 g<\/span><\/span><\/li>\n<li id=\"id1120\" class=\"cls0\"><strong id=\"cell\" class=\"ozellik1120\">Ekran \u015eekli<\/strong><span class=\"cell cs1\"><span class=\"\">Dikd\u00f6rtgen<\/span><\/span><\/li>\n<li id=\"id1100\" class=\"cls0\"><strong id=\"cell\" class=\"ozellik1100\">G\u00f6vde Rengi<\/strong><span class=\"cell cs1\"><span class=\"\">Siyah<\/span><\/span><\/li>\n<li id=\"id1123\" class=\"cls0\"><strong id=\"cell\" class=\"ozellik1123\">Kordon Renkleri<\/strong><span class=\"cell cs1\"><span class=\"\">Siyah<\/span><\/span><\/li>\n<li id=\"id1121\" class=\"cls0\"><strong id=\"cell\" class=\"ozellik1121\">Kordon Malzemesi<\/strong><span class=\"cell cs1\"><span class=\"\">Silikon<\/span><\/span><\/li>\n<li id=\"id1122\" class=\"cls0\"><strong id=\"cell\" class=\"ozellik1122\">De\u011fi\u015ftirilebilir Kordon<\/strong><span class=\"cell cs1\"><span class=\"\"><a class=\"degerVar\" title=\"De\u011fi\u015ftirilebilir Kordonlu Ak\u0131ll\u0131 Saatler\" href=\"https:\/\/www.epey.com\/akilli-saat\/degistirilebilir-kordon\/var\/\">Var<\/a><\/span><\/span><\/li>\n<\/ul>\n<\/div>\n<div id=\"grup\" class=\"masonry-brick\">\n<h3><img decoding=\"async\" src=\"https:\/\/resim.epey.com\/grup\/genel-ozellikler-135.png\" alt=\"GENEL \u00d6ZELL\u0130KLER\" \/>GENEL \u00d6ZELL\u0130KLER<\/h3>\n<ul class=\"grup\">\n<li id=\"id1162\" class=\"cls0\"><strong id=\"cell\" class=\"ozellik1162\">Kamera<\/strong><span class=\"cell cs1\"><span class=\"degerYok\">Yok<\/span><\/span><\/li>\n<li id=\"id1146\" class=\"cls0\"><strong id=\"cell\" class=\"ozellik1146\">Titre\u015fim<\/strong><span class=\"cell cs1\"><span class=\"\"><a class=\"degerVar\" title=\"Titre\u015fimli Ak\u0131ll\u0131 Saatler\" href=\"https:\/\/www.epey.com\/akilli-saat\/titresim\/var\/\">Var<\/a><\/span><\/span><\/li>\n<li id=\"id1147\" class=\"cls0\"><strong id=\"cell\" class=\"ozellik1147\">Mikrofon<\/strong><span class=\"cell cs1\"><span class=\"\"><a class=\"degerVar\" title=\"Mikrofonlu Ak\u0131ll\u0131 Saatler\" href=\"https:\/\/www.epey.com\/akilli-saat\/mikrofon\/var\/\">Var<\/a><\/span><\/span><\/li>\n<li id=\"id1148\" class=\"cls0\"><strong id=\"cell\" class=\"ozellik1148\">Hoparl\u00f6r<\/strong><span class=\"cell cs1\"><span class=\"\"><a class=\"degerVar\" title=\"Hoparl\u00f6rl\u00fc Ak\u0131ll\u0131 Saatler\" href=\"https:\/\/www.epey.com\/akilli-saat\/hoparlor\/var\/\">Var<\/a><\/span><\/span><\/li>\n<li id=\"id7024\" class=\"cls0\"><strong id=\"cell\" class=\"ozellik7024\">Telefon G\u00f6r\u00fc\u015fmesi<\/strong><span class=\"cell cs1\"><span class=\"degerYok\">Yok<\/span><\/span><\/li>\n<li id=\"id1151\" class=\"cls0\"><strong id=\"cell\" class=\"ozellik1151\">Suya Dayan\u0131kl\u0131l\u0131k<\/strong><span class=\"cell cs1\"><span class=\"\"><a class=\"degerVar\" title=\"Suya Dayan\u0131kl\u0131 Ak\u0131ll\u0131 Saatler\" href=\"https:\/\/www.epey.com\/akilli-saat\/suya-dayaniklilik\/var\/\">Var<\/a><\/span><\/span><\/li>\n<li id=\"id1153\" class=\"cls0\"><strong id=\"cell\" class=\"ozellik1153\">Suya Dayan\u0131kl\u0131l\u0131k \u00d6zellikleri<\/strong><span class=\"cell cs1\"><span class=\"\"><a class=\"\" title=\"5 ATM Suya Dayan\u0131kl\u0131l\u0131k\" href=\"https:\/\/www.epey.com\/akilli-saat\/suya-dayaniklilik-ozellikleri\/5-atm\/\">5 ATM<\/a><\/span><\/span><\/li>\n<li id=\"id1149\" class=\"cls0\"><strong id=\"cell\" class=\"ozellik1149\">Servis ve Uygulamalar<\/strong><span class=\"cell cs1\"><span class=\"\"><a class=\"\" title=\"Ak\u0131ll\u0131 Bildirimler \u00d6zelli\u011fi Olan Ak\u0131ll\u0131 Saatler\" href=\"https:\/\/www.epey.com\/akilli-saat\/servis-ve-uygulamalar\/akilli-bildirimler\/\">Ak\u0131ll\u0131 Bildirimler<\/a><\/span><span class=\"\"><a class=\"\" title=\"Alarm \u00d6zelli\u011fi Olan Ak\u0131ll\u0131 Saatler\" href=\"https:\/\/www.epey.com\/akilli-saat\/servis-ve-uygulamalar\/alarm\/\">Alarm<\/a><\/span><span class=\"\"><a class=\"\" title=\"Alexa \u00d6zelli\u011fi Olan Ak\u0131ll\u0131 Saatler\" href=\"https:\/\/www.epey.com\/akilli-saat\/servis-ve-uygulamalar\/alexa\/\">Alexa<\/a><\/span><span class=\"\"><a class=\"\" title=\"Ayd\u0131nlatma (Flashlight) \u00d6zelli\u011fi Olan Ak\u0131ll\u0131 Saatler\" href=\"https:\/\/www.epey.com\/akilli-saat\/servis-ve-uygulamalar\/aydinlatma-flashlight\/\">Ayd\u0131nlatma (Flashlight)<\/a><\/span><span class=\"\"><a class=\"\" title=\"Hat\u0131rlat\u0131c\u0131lar \u00d6zelli\u011fi Olan Ak\u0131ll\u0131 Saatler\" href=\"https:\/\/www.epey.com\/akilli-saat\/servis-ve-uygulamalar\/hatirlaticilar\/\">Hat\u0131rlat\u0131c\u0131lar<\/a><\/span><span class=\"\"><a class=\"\" title=\"M\u00fczik \u00c7alar Kontrol\u00fc \u00d6zelli\u011fi Olan Ak\u0131ll\u0131 Saatler\" href=\"https:\/\/www.epey.com\/akilli-saat\/servis-ve-uygulamalar\/muzik-calar-kontrolu\/\">M\u00fczik \u00c7alar Kontrol\u00fc<\/a><\/span><span class=\"\"><a class=\"\" title=\"Zamanlay\u0131c\u0131 \u00d6zelli\u011fi Olan Ak\u0131ll\u0131 Saatler\" href=\"https:\/\/www.epey.com\/akilli-saat\/servis-ve-uygulamalar\/zamanlayici\/\">Zamanlay\u0131c\u0131<\/a><\/span><\/span><\/li>\n<li id=\"id7029\" class=\"cls0\"><strong id=\"cell\" class=\"ozellik7029\">Sa\u011fl\u0131k ve Ya\u015fam<\/strong><span class=\"cell cs1\"><span class=\"\"><a class=\"\" title=\"Nab\u0131z (Kalp At\u0131\u015f H\u0131z\u0131) Monit\u00f6r\u00fc \u00d6zellikli Ak\u0131ll\u0131 Saatler\" href=\"https:\/\/www.epey.com\/akilli-saat\/saglik-ve-yasam\/nabiz-kalp-atis-hizi-monitoru\/\">Nab\u0131z (Kalp At\u0131\u015f H\u0131z\u0131) Monit\u00f6r\u00fc<\/a><\/span><span class=\"\"><a class=\"\" title=\"Kad\u0131n Sa\u011fl\u0131\u011f\u0131 Takip\u00e7isi \u00d6zellikli Ak\u0131ll\u0131 Saatler\" href=\"https:\/\/www.epey.com\/akilli-saat\/saglik-ve-yasam\/kadin-sagligi-takipcisi\/\">Kad\u0131n Sa\u011fl\u0131\u011f\u0131 Takip\u00e7isi<\/a><\/span><span class=\"\"><a class=\"\" title=\"Kalori Takibi \u00d6zellikli Ak\u0131ll\u0131 Saatler\" href=\"https:\/\/www.epey.com\/akilli-saat\/saglik-ve-yasam\/kalori-takibi\/\">Kalori Takibi<\/a><\/span><span class=\"\"><a class=\"\" title=\"Kandaki Oksijen Seviyesi (SpO2 Monit\u00f6r\u00fc) \u00d6zellikli Ak\u0131ll\u0131 Saatler\" href=\"https:\/\/www.epey.com\/akilli-saat\/saglik-ve-yasam\/kandaki-oksijen-seviyesi\/\">Kandaki Oksijen Seviyesi (SpO2 Monit\u00f6r\u00fc)<\/a><\/span><span class=\"\"><a class=\"\" title=\"Stres Seviyesi G\u00f6sterimi \u00d6zellikli Ak\u0131ll\u0131 Saatler\" href=\"https:\/\/www.epey.com\/akilli-saat\/saglik-ve-yasam\/stres-seviyesi-gosterimi\/\">Stres Seviyesi G\u00f6sterimi<\/a><\/span><span class=\"\"><a class=\"\" title=\"Uyku Monit\u00f6r\u00fc \u00d6zellikli Ak\u0131ll\u0131 Saatler\" href=\"https:\/\/www.epey.com\/akilli-saat\/saglik-ve-yasam\/uyku-monitoru\/\">Uyku Monit\u00f6r\u00fc<\/a><\/span><\/span><\/li>\n<li id=\"id7030\" class=\"cls0\"><strong id=\"cell\" class=\"ozellik7030\">Spor ve Aktivite<\/strong><span class=\"cell cs1\"><span class=\"\"><a class=\"\" title=\"Aktivite Takibi ve Ge\u00e7mi\u015fi \u00d6zellikli Ak\u0131ll\u0131 Saatler\" href=\"https:\/\/www.epey.com\/akilli-saat\/spor-ve-aktivite\/aktivite-gecmisi\/\">Aktivite Takibi ve Ge\u00e7mi\u015fi<\/a><\/span><span class=\"\"><a class=\"\" title=\"\u00c7oklu Spor Modu \u00d6zellikli Ak\u0131ll\u0131 Saatler\" href=\"https:\/\/www.epey.com\/akilli-saat\/spor-ve-aktivite\/coklu-spor-modu\/\">\u00c7oklu Spor Modu<\/a><\/span><span class=\"\"><a class=\"\" title=\"Geri Say\u0131m Sayac\u0131 \u00d6zellikli Ak\u0131ll\u0131 Saatler\" href=\"https:\/\/www.epey.com\/akilli-saat\/spor-ve-aktivite\/geri-sayim-sayaci\/\">Geri Say\u0131m Sayac\u0131<\/a><\/span><span class=\"\"><a class=\"\" title=\"Hedef Belirleme \u00d6zellikli Ak\u0131ll\u0131 Saatler\" href=\"https:\/\/www.epey.com\/akilli-saat\/spor-ve-aktivite\/hedef-belirleme\/\">Hedef Belirleme<\/a><\/span><span class=\"\"><a class=\"\" title=\"Kronometre \u00d6zellikli Ak\u0131ll\u0131 Saatler\" href=\"https:\/\/www.epey.com\/akilli-saat\/spor-ve-aktivite\/kronometre\/\">Kronometre<\/a><\/span><span class=\"\"><a class=\"\" title=\"Mesafe \u00d6l\u00e7er \u00d6zellikli Ak\u0131ll\u0131 Saatler\" href=\"https:\/\/www.epey.com\/akilli-saat\/spor-ve-aktivite\/mesafe-olcer\/\">Mesafe \u00d6l\u00e7er<\/a><\/span><\/span><\/li>\n<li id=\"id5686\" class=\"cls0\"><strong id=\"cell\" class=\"ozellik5686\">Desteklenen Aktiviteler<\/strong><span class=\"cell cs1\"><span class=\"\"><a class=\"\" title=\"Aerobik Aktivitesi Destekli Ak\u0131ll\u0131 Saatler\" href=\"https:\/\/www.epey.com\/akilli-saat\/desteklenen-aktiviteler\/aerobik\/\">Aerobik<\/a><\/span><span class=\"\"><a class=\"\" title=\"Basketbol Aktivitesi Destekli Ak\u0131ll\u0131 Saatler\" href=\"https:\/\/www.epey.com\/akilli-saat\/desteklenen-aktiviteler\/basketbol\/\">Basketbol<\/a><\/span><span class=\"\"><a class=\"\" title=\"Bisiklet Aktivitesi Destekli Ak\u0131ll\u0131 Saatler\" href=\"https:\/\/www.epey.com\/akilli-saat\/desteklenen-aktiviteler\/bisiklet\/\">Bisiklet<\/a><\/span><span class=\"\"><a class=\"\" title=\"Eliptik Bisiklet Aktivitesi Destekli Ak\u0131ll\u0131 Saatler\" href=\"https:\/\/www.epey.com\/akilli-saat\/desteklenen-aktiviteler\/eliptik-bisiklet\/\">Eliptik Bisiklet<\/a><\/span><span class=\"\"><a class=\"\" title=\"\u0130p Atlama Aktivitesi Destekli Ak\u0131ll\u0131 Saatler\" href=\"https:\/\/www.epey.com\/akilli-saat\/desteklenen-aktiviteler\/ip-atlama\/\">\u0130p Atlama<\/a><\/span><span class=\"\"><a class=\"\" title=\"Ko\u015fu Aktivitesi Destekli Ak\u0131ll\u0131 Saatler\" href=\"https:\/\/www.epey.com\/akilli-saat\/desteklenen-aktiviteler\/kosu\/\">Ko\u015fu<\/a><\/span><span class=\"\"><a class=\"\" title=\"Nefes Egzersizleri Aktivitesi Destekli Ak\u0131ll\u0131 Saatler\" href=\"https:\/\/www.epey.com\/akilli-saat\/desteklenen-aktiviteler\/nefes-egzersizleri\/\">Nefes Egzersizleri<\/a><\/span><span class=\"\"><a class=\"\" title=\"Tenis Aktivitesi Destekli Ak\u0131ll\u0131 Saatler\" href=\"https:\/\/www.epey.com\/akilli-saat\/desteklenen-aktiviteler\/tenis\/\">Tenis<\/a><\/span><span class=\"\"><a class=\"\" title=\"T\u0131rman\u0131\u015f Aktivitesi Destekli Ak\u0131ll\u0131 Saatler\" href=\"https:\/\/www.epey.com\/akilli-saat\/desteklenen-aktiviteler\/tirmanis-climbing\/\">T\u0131rman\u0131\u015f<\/a><\/span><span class=\"\"><a class=\"\" title=\"Y\u00fcr\u00fcy\u00fc\u015f Aktivitesi Destekli Ak\u0131ll\u0131 Saatler\" href=\"https:\/\/www.epey.com\/akilli-saat\/desteklenen-aktiviteler\/yuruyus\/\">Y\u00fcr\u00fcy\u00fc\u015f<\/a><\/span><span class=\"\"><a class=\"\" title=\"Y\u00fczme Aktivitesi Destekli Ak\u0131ll\u0131 Saatler\" href=\"https:\/\/www.epey.com\/akilli-saat\/desteklenen-aktiviteler\/yuzme\/\">Y\u00fczme<\/a><\/span><\/span><\/li>\n<li id=\"id7840\" class=\"cls0\"><strong id=\"cell\" class=\"ozellik7840\">Antrenman Say\u0131s\u0131<\/strong><span class=\"cell cs1\"><span class=\"\">117 adet<\/span><\/span><\/li>\n<li id=\"id1141\" class=\"cls0\"><strong id=\"cell\" class=\"ozellik1141\">Ad\u0131msayar<\/strong><span class=\"cell cs1\"><span class=\"\"><a class=\"degerVar\" title=\"Ad\u0131msayar (Pedometer) \u00d6zellikli Ak\u0131ll\u0131 Saatler\" href=\"https:\/\/www.epey.com\/akilli-saat\/adimsayar\/var\/\">Var<\/a><\/span><\/span><\/li>\n<\/ul>\n<\/div>\n<div id=\"grup\" class=\"masonry-brick\">\n<h3><img decoding=\"async\" src=\"https:\/\/resim.epey.com\/grup\/baglantilar-139.png\" alt=\"BA\u011eLANTILAR\" \/>BA\u011eLANTILAR<\/h3>\n<ul class=\"grup\">\n<li id=\"id1167\" class=\"cls0\"><strong id=\"cell\" class=\"ozellik1167\">Konum Bilgisi<\/strong><span class=\"cell cs1\"><span class=\"\"><a class=\"degerVar\" title=\"GPS \u00d6zellikli Ak\u0131ll\u0131 Saatler\" href=\"https:\/\/www.epey.com\/akilli-saat\/konum-bilgisi\/var\/\">Var<\/a><\/span><\/span><\/li>\n<li id=\"id1168\" class=\"cls0\"><strong id=\"cell\" class=\"ozellik1168\">Konum Bilgisi \u00d6zellikleri<\/strong><span class=\"cell cs1\"><span class=\"\">Beidou<\/span><span class=\"\">Galileo<\/span><span class=\"\">Glonass<\/span><span class=\"\">GPS<\/span><span class=\"\">QZSS<\/span><\/span><\/li>\n<li id=\"id1169\" class=\"cls0\"><strong id=\"cell\" class=\"ozellik1169\">SIM Deste\u011fi<\/strong><span class=\"cell cs1\"><span class=\"degerYok\">Yok<\/span><\/span><\/li>\n<li id=\"id1127\" class=\"cls0\"><strong id=\"cell\" class=\"ozellik1127\">Bluetooth<\/strong><span class=\"cell cs1\"><span class=\"\"><a class=\"degerVar\" title=\"Bluetooth \u00d6zellikli Ak\u0131ll\u0131 Saatler\" href=\"https:\/\/www.epey.com\/akilli-saat\/bluetooth\/var\/\">Var<\/a><\/span><\/span><\/li>\n<li id=\"id1114\" class=\"cls0\"><strong id=\"cell\" class=\"ozellik1114\">Bluetooth Versiyonu<\/strong><span class=\"cell cs1\"><span class=\"\">5.2<\/span><\/span><\/li>\n<li id=\"id1128\" class=\"cls0\"><strong id=\"cell\" class=\"ozellik1128\">Bluetooth \u00d6zellikleri<\/strong><span class=\"cell cs1\"><span class=\"\">BLE<\/span><\/span><\/li>\n<li id=\"id1225\" class=\"cls0\"><strong id=\"cell\" class=\"ozellik1225\">Haf\u0131za Kart\u0131 Deste\u011fi<\/strong><span class=\"cell cs1\"><span class=\"degerYok\">Yok<\/span><\/span><\/li>\n<li id=\"id1129\" class=\"cls0\"><strong id=\"cell\" class=\"ozellik1129\">Wi-Fi<\/strong><span class=\"cell cs1\"><span class=\"degerYok\">Yok<\/span><\/span><\/li>\n<li id=\"id1131\" class=\"cls0\"><strong id=\"cell\" class=\"ozellik1131\">USB<\/strong><span class=\"cell cs1\"><span class=\"degerYok\">Yok<\/span><\/span><\/li>\n<li id=\"id1134\" class=\"cls0\"><strong id=\"cell\" class=\"ozellik1134\">NFC<\/strong><span class=\"cell cs1\"><span class=\"\"><a class=\"degerVar\" title=\"NFC \u00d6zellikli Ak\u0131ll\u0131 Saatler\" href=\"https:\/\/www.epey.com\/akilli-saat\/nfc\/var\/\">Var<\/a><\/span><\/span><\/li>\n<\/ul>\n<\/div>\n<div id=\"grup\" class=\"masonry-brick\">\n<h3><img decoding=\"async\" src=\"https:\/\/resim.epey.com\/grup\/batarya-141.png\" alt=\"BATARYA\" \/>BATARYA<\/h3>\n<ul class=\"grup\">\n<li id=\"id1108\" class=\"cls0\"><strong id=\"cell\" class=\"ozellik1108\">Batarya Kapasitesi<\/strong><span class=\"cell cs1\"><span class=\"\"><a class=\"\" title=\"235 mAh Kapasiteli Saat\/Bileklikler\" href=\"https:\/\/www.epey.com\/akilli-saat\/batarya-kapasitesi\/235-mah\/\">235 mAh<\/a><\/span><\/span><\/li>\n<li id=\"id1161\" class=\"cls0\"><strong id=\"cell\" class=\"ozellik1161\">\u015earj Bi\u00e7imi<\/strong><span class=\"cell cs1\"><span class=\"\">Manyetik \u015earj \u0130stasyonu<\/span><\/span><\/li>\n<li id=\"id1107\" class=\"cls0\"><strong id=\"cell\" class=\"ozellik1107\">Yo\u011fun Kullan\u0131mda Batarya \u00d6mr\u00fc<\/strong><span class=\"cell cs1\"><span class=\"\">144 sa<\/span><\/span><\/li>\n<li id=\"id1159\" class=\"cls0\"><strong id=\"cell\" class=\"ozellik1159\">Az Kullan\u0131mda Batarya \u00d6mr\u00fc<\/strong><span class=\"cell cs1\"><span class=\"\">12 g\u00fcn<\/span><\/span><\/li>\n<\/ul>\n<\/div>\n<div id=\"grup\" class=\"masonry-brick\">\n<h3><img decoding=\"async\" src=\"https:\/\/resim.epey.com\/grup\/sensorler-140.png\" alt=\"SENS\u00d6RLER\" \/>SENS\u00d6RLER<\/h3>\n<ul class=\"grup\">\n<li id=\"id1137\" class=\"cls0\"><strong id=\"cell\" class=\"ozellik1137\">\u0130vme\u00f6l\u00e7er<\/strong><span class=\"cell cs1\"><span class=\"\"><a class=\"degerVar\" title=\"\u0130vme\u00f6l\u00e7erli Ak\u0131ll\u0131 Saatler\" href=\"https:\/\/www.epey.com\/akilli-saat\/ivmeolcer\/var\/\">Var<\/a><\/span><\/span><\/li>\n<li id=\"id1138\" class=\"cls0\"><strong id=\"cell\" class=\"ozellik1138\">Jiroskop<\/strong><span class=\"cell cs1\"><span class=\"\"><a class=\"degerVar\" title=\"Jiroskoplu Ak\u0131ll\u0131 Saatler\" href=\"https:\/\/www.epey.com\/akilli-saat\/jiroskop\/var\/\">Var<\/a><\/span><\/span><\/li>\n<li id=\"id1140\" class=\"cls0\"><strong id=\"cell\" class=\"ozellik1140\">Ortam I\u015f\u0131\u011f\u0131 Sens\u00f6r\u00fc<\/strong><span class=\"cell cs1\"><span class=\"\"><a class=\"degerVar\" title=\"Ortam I\u015f\u0131\u011f\u0131 Sens\u00f6r\u00fc Olan Ak\u0131ll\u0131 Saatler\" href=\"https:\/\/www.epey.com\/akilli-saat\/ortam-isigi-sensoru\/var\/\">Var<\/a><\/span><\/span><\/li>\n<li id=\"id1175\" class=\"cls0\"><strong id=\"cell\" class=\"ozellik1175\">Barometre<\/strong><span class=\"cell cs1\"><span class=\"\"><a class=\"degerVar\" title=\"Barometreli Ak\u0131ll\u0131 Saatler\" href=\"https:\/\/www.epey.com\/akilli-saat\/barometre\/var\/\">Var<\/a><\/span><\/span><\/li>\n<li id=\"id1250\" class=\"cls0\"><strong id=\"cell\" class=\"ozellik1250\">Yak\u0131nl\u0131k Sens\u00f6r\u00fc<\/strong><span class=\"cell cs1\"><span class=\"\"><a class=\"degerVar\" title=\"Yak\u0131nl\u0131k Sens\u00f6rl\u00fc Ak\u0131ll\u0131 Saatler\" href=\"https:\/\/www.epey.com\/akilli-saat\/yakinlik-sensoru\/var\/\">Var<\/a><\/span><\/span><\/li>\n<\/ul>\n<\/div>\n<div id=\"grup\" class=\"masonry-brick\">\n<h3><img decoding=\"async\" src=\"https:\/\/resim.epey.com\/grup\/uyumluluk-147.png\" alt=\"UYUMLULUK\" \/>UYUMLULUK<\/h3>\n<ul class=\"grup\">\n<li id=\"id1264\" class=\"cls0\"><strong id=\"cell\" class=\"ozellik1264\">Uyumlu \u0130\u015fletim Sistemi<\/strong><span class=\"cell cs1\"><span class=\"\"><a class=\"\" title=\"Android Uyumlu Ak\u0131ll\u0131 Saat\/Bileklikler\" href=\"https:\/\/www.epey.com\/akilli-saat\/uyumlu-isletim-sistemi\/android\/\">Android<\/a><\/span><span class=\"\"><a class=\"\" title=\"iOS Uyumlu Ak\u0131ll\u0131 Saat\/Bileklikler\" href=\"https:\/\/www.epey.com\/akilli-saat\/uyumlu-isletim-sistemi\/ios\/\">iOS<\/a><\/span><\/span><\/li>\n<li id=\"id1265\" class=\"cls0\"><strong id=\"cell\" class=\"ozellik1265\">Uyumlu \u0130\u015fl. Sis. Versiyonu<\/strong><span class=\"cell cs1\"><span class=\"\">Android 6.0+<\/span><span class=\"\">iOS 12+<\/span><\/span><\/li>\n<\/ul>\n<\/div>\n<div id=\"grup\" class=\"masonry-brick\"><\/div>\n<\/div>\n","protected":false},"excerpt":{"rendered":"<p>7 Pro<\/p>\n","protected":false},"featured_media":12974,"comment_status":"open","ping_status":"closed","template":"","meta":[],"product_brand":[],"product_cat":[345,316],"product_tag":[],"class_list":{"0":"post-12973","1":"product","2":"type-product","3":"status-publish","4":"has-post-thumbnail","6":"product_cat-saatler","7":"product_cat-telefon-aksesuarlar","9":"first","10":"instock","11":"shipping-taxable","12":"purchasable","13":"product-type-simple"},"aioseo_notices":[],"_links":{"self":[{"href":"https:\/\/flytechltd.com\/en\/wp-json\/wp\/v2\/product\/12973","targetHints":{"allow":["GET"]}}],"collection":[{"href":"https:\/\/flytechltd.com\/en\/wp-json\/wp\/v2\/product"}],"about":[{"href":"https:\/\/flytechltd.com\/en\/wp-json\/wp\/v2\/types\/product"}],"replies":[{"embeddable":true,"href":"https:\/\/flytechltd.com\/en\/wp-json\/wp\/v2\/comments?post=12973"}],"version-history":[{"count":0,"href":"https:\/\/flytechltd.com\/en\/wp-json\/wp\/v2\/product\/12973\/revisions"}],"wp:featuredmedia":[{"embeddable":true,"href":"https:\/\/flytechltd.com\/en\/wp-json\/wp\/v2\/media\/12974"}],"wp:attachment":[{"href":"https:\/\/flytechltd.com\/en\/wp-json\/wp\/v2\/media?parent=12973"}],"wp:term":[{"taxonomy":"product_brand","embeddable":true,"href":"https:\/\/flytechltd.com\/en\/wp-json\/wp\/v2\/product_brand?post=12973"},{"taxonomy":"product_cat","embeddable":true,"href":"https:\/\/flytechltd.com\/en\/wp-json\/wp\/v2\/product_cat?post=12973"},{"taxonomy":"product_tag","embeddable":true,"href":"https:\/\/flytechltd.com\/en\/wp-json\/wp\/v2\/product_tag?post=12973"}],"curies":[{"name":"wp","href":"https:\/\/api.w.org\/{rel}","templated":true}]}}