{"id":13010,"date":"2023-03-12T17:40:39","date_gmt":"2023-03-12T17:40:39","guid":{"rendered":"https:\/\/flytechltd.com\/?post_type=product&#038;p=13010"},"modified":"2024-05-29T19:01:55","modified_gmt":"2024-05-29T19:01:55","slug":"bilgisayar-calisma-masasi-kirmizi","status":"publish","type":"product","link":"https:\/\/flytechltd.com\/en\/p\/bilgisayar-calisma-masasi-kirmizi\/","title":{"rendered":"Bilgisayar \u00c7al\u0131\u015fma Masas\u0131 K\u0131rm\u0131z\u0131"},"content":{"rendered":"<p>Derinlik 60 cm<\/p>\n<p>Geni\u015flik 90 cm<\/p>\n<p>Y\u00fckseklik 76 cm dir.<\/p>\n<p>40x40mm kal\u0131n profil metal aksam<\/p>\n<p>Uzun \u00f6m\u00fcrl\u00fcd\u00fcr. Y\u0131llarca sorunsuz kullanabilirsiniz.<\/p>\n<p>Ce sertifikal\u0131 1. S\u0131n\u0131f suntelam tabla<\/p>\n<p>Mat siyah 1.s\u0131n\u0131f statik f\u0131r\u0131n boyal\u0131 profil iskelet<\/p>\n<p>Ayaklar\u0131n y\u00fckseklikleri ayarlanabilir<\/p>\n<p>Kulakl\u0131k tutaca\u011f\u0131<\/p>\n","protected":false},"excerpt":{"rendered":"<p>Derinlik 60 cm Geni\u015flik 90 cm Y\u00fckseklik 76 cm dir. 40x40mm kal\u0131n profil metal aksam Uzun \u00f6m\u00fcrl\u00fcd\u00fcr. Y\u0131llarca sorunsuz kullanabilirsiniz.<\/p>\n","protected":false},"featured_media":13019,"comment_status":"open","ping_status":"closed","template":"","meta":[],"product_brand":[],"product_cat":[355,356],"product_tag":[],"class_list":{"0":"post-13010","1":"product","2":"type-product","3":"status-publish","4":"has-post-thumbnail","6":"product_cat-bilgisayar-masasi","7":"product_cat-calisma-masasi","9":"first","10":"instock","11":"sale","12":"shipping-taxable","13":"purchasable","14":"product-type-simple"},"aioseo_notices":[],"_links":{"self":[{"href":"https:\/\/flytechltd.com\/en\/wp-json\/wp\/v2\/product\/13010","targetHints":{"allow":["GET"]}}],"collection":[{"href":"https:\/\/flytechltd.com\/en\/wp-json\/wp\/v2\/product"}],"about":[{"href":"https:\/\/flytechltd.com\/en\/wp-json\/wp\/v2\/types\/product"}],"replies":[{"embeddable":true,"href":"https:\/\/flytechltd.com\/en\/wp-json\/wp\/v2\/comments?post=13010"}],"version-history":[{"count":0,"href":"https:\/\/flytechltd.com\/en\/wp-json\/wp\/v2\/product\/13010\/revisions"}],"wp:featuredmedia":[{"embeddable":true,"href":"https:\/\/flytechltd.com\/en\/wp-json\/wp\/v2\/media\/13019"}],"wp:attachment":[{"href":"https:\/\/flytechltd.com\/en\/wp-json\/wp\/v2\/media?parent=13010"}],"wp:term":[{"taxonomy":"product_brand","embeddable":true,"href":"https:\/\/flytechltd.com\/en\/wp-json\/wp\/v2\/product_brand?post=13010"},{"taxonomy":"product_cat","embeddable":true,"href":"https:\/\/flytechltd.com\/en\/wp-json\/wp\/v2\/product_cat?post=13010"},{"taxonomy":"product_tag","embeddable":true,"href":"https:\/\/flytechltd.com\/en\/wp-json\/wp\/v2\/product_tag?post=13010"}],"curies":[{"name":"wp","href":"https:\/\/api.w.org\/{rel}","templated":true}]}}