{"id":13027,"date":"2023-03-12T17:51:53","date_gmt":"2023-03-12T17:51:53","guid":{"rendered":"https:\/\/flytechltd.com\/?post_type=product&#038;p=13027"},"modified":"2024-03-25T19:00:37","modified_gmt":"2024-03-25T19:00:37","slug":"yonetici-mudur-makam-deri-calisma-koltugu","status":"publish","type":"product","link":"https:\/\/flytechltd.com\/en\/p\/yonetici-mudur-makam-deri-calisma-koltugu\/","title":{"rendered":"Y\u00f6netici M\u00fcd\u00fcr Makam Deri \u00c7al\u0131\u015fma Koltu\u011fu"},"content":{"rendered":"<p>Yeni versiyon deri kaplamad\u0131r,ergonomik ve beli tam kavrar. -koltu\u011fun iskeleti metalden olu\u015fturulmu\u015f olup k\u0131r\u0131lma ve da\u011f\u0131lmaya kar\u015f\u0131 korunakl\u0131d\u0131r. Mekanizmas\u0131 ile a\u015fa\u011f\u0131 yukar\u0131 hareket ve sallanma ve istenilen noktada kilit \u00f6zelli\u011fi vard\u0131r, Oturum k\u0131sm\u0131 22 dns s\u00fcnger deri kaplamad\u0131r.<\/p>\n","protected":false},"excerpt":{"rendered":"<p>Yeni versiyon deri kaplamad\u0131r,ergonomik ve beli tam kavrar. -koltu\u011fun iskeleti metalden olu\u015fturulmu\u015f olup k\u0131r\u0131lma ve da\u011f\u0131lmaya kar\u015f\u0131 korunakl\u0131d\u0131r. Mekanizmas\u0131 ile<\/p>\n","protected":false},"featured_media":13028,"comment_status":"open","ping_status":"closed","template":"","meta":[],"product_brand":[],"product_cat":[349],"product_tag":[],"class_list":{"0":"post-13027","1":"product","2":"type-product","3":"status-publish","4":"has-post-thumbnail","6":"product_cat-sandalye-sandalye","8":"first","9":"instock","10":"sale","11":"shipping-taxable","12":"purchasable","13":"product-type-simple"},"aioseo_notices":[],"_links":{"self":[{"href":"https:\/\/flytechltd.com\/en\/wp-json\/wp\/v2\/product\/13027","targetHints":{"allow":["GET"]}}],"collection":[{"href":"https:\/\/flytechltd.com\/en\/wp-json\/wp\/v2\/product"}],"about":[{"href":"https:\/\/flytechltd.com\/en\/wp-json\/wp\/v2\/types\/product"}],"replies":[{"embeddable":true,"href":"https:\/\/flytechltd.com\/en\/wp-json\/wp\/v2\/comments?post=13027"}],"version-history":[{"count":0,"href":"https:\/\/flytechltd.com\/en\/wp-json\/wp\/v2\/product\/13027\/revisions"}],"wp:featuredmedia":[{"embeddable":true,"href":"https:\/\/flytechltd.com\/en\/wp-json\/wp\/v2\/media\/13028"}],"wp:attachment":[{"href":"https:\/\/flytechltd.com\/en\/wp-json\/wp\/v2\/media?parent=13027"}],"wp:term":[{"taxonomy":"product_brand","embeddable":true,"href":"https:\/\/flytechltd.com\/en\/wp-json\/wp\/v2\/product_brand?post=13027"},{"taxonomy":"product_cat","embeddable":true,"href":"https:\/\/flytechltd.com\/en\/wp-json\/wp\/v2\/product_cat?post=13027"},{"taxonomy":"product_tag","embeddable":true,"href":"https:\/\/flytechltd.com\/en\/wp-json\/wp\/v2\/product_tag?post=13027"}],"curies":[{"name":"wp","href":"https:\/\/api.w.org\/{rel}","templated":true}]}}