{"id":13041,"date":"2023-03-12T18:15:25","date_gmt":"2023-03-12T18:15:25","guid":{"rendered":"https:\/\/flytechltd.com\/?post_type=product&#038;p=13041"},"modified":"2023-03-19T17:53:13","modified_gmt":"2023-03-19T17:53:13","slug":"cok-fonksiyonlu-sik-makyaj-cantasi","status":"publish","type":"product","link":"https:\/\/flytechltd.com\/en\/p\/cok-fonksiyonlu-sik-makyaj-cantasi\/","title":{"rendered":"\u00c7ok Fonksiyonlu, \u015e\u0131k Makyaj \u00c7antas\u0131"},"content":{"rendered":"<p>\u00c7ok Fonksiyonlu, \u015e\u0131k Makyaj \u00c7antas\u0131<\/p>\n<p>Su ge\u00e7irmez polyester malzeme, kolay temizlenebilir.<br \/>\n11x19x14 cm boyutlar\u0131ndad\u0131r.<\/p>\n","protected":false},"excerpt":{"rendered":"<p>\u00c7ok Fonksiyonlu, \u015e\u0131k Makyaj \u00c7antas\u0131 Su ge\u00e7irmez polyester malzeme, kolay temizlenebilir. 11x19x14 cm boyutlar\u0131ndad\u0131r.<\/p>\n","protected":false},"featured_media":13044,"comment_status":"open","ping_status":"closed","template":"","meta":[],"product_brand":[],"product_cat":[326,341],"product_tag":[],"class_list":{"0":"post-13041","1":"product","2":"type-product","3":"status-publish","4":"has-post-thumbnail","6":"product_cat-kisisel-bakim","7":"product_cat-moda","9":"first","10":"instock","11":"shipping-taxable","12":"purchasable","13":"product-type-simple"},"aioseo_notices":[],"_links":{"self":[{"href":"https:\/\/flytechltd.com\/en\/wp-json\/wp\/v2\/product\/13041","targetHints":{"allow":["GET"]}}],"collection":[{"href":"https:\/\/flytechltd.com\/en\/wp-json\/wp\/v2\/product"}],"about":[{"href":"https:\/\/flytechltd.com\/en\/wp-json\/wp\/v2\/types\/product"}],"replies":[{"embeddable":true,"href":"https:\/\/flytechltd.com\/en\/wp-json\/wp\/v2\/comments?post=13041"}],"version-history":[{"count":0,"href":"https:\/\/flytechltd.com\/en\/wp-json\/wp\/v2\/product\/13041\/revisions"}],"wp:featuredmedia":[{"embeddable":true,"href":"https:\/\/flytechltd.com\/en\/wp-json\/wp\/v2\/media\/13044"}],"wp:attachment":[{"href":"https:\/\/flytechltd.com\/en\/wp-json\/wp\/v2\/media?parent=13041"}],"wp:term":[{"taxonomy":"product_brand","embeddable":true,"href":"https:\/\/flytechltd.com\/en\/wp-json\/wp\/v2\/product_brand?post=13041"},{"taxonomy":"product_cat","embeddable":true,"href":"https:\/\/flytechltd.com\/en\/wp-json\/wp\/v2\/product_cat?post=13041"},{"taxonomy":"product_tag","embeddable":true,"href":"https:\/\/flytechltd.com\/en\/wp-json\/wp\/v2\/product_tag?post=13041"}],"curies":[{"name":"wp","href":"https:\/\/api.w.org\/{rel}","templated":true}]}}