{"id":13062,"date":"2023-05-05T17:38:21","date_gmt":"2023-05-05T17:38:21","guid":{"rendered":"https:\/\/flytechltd.com\/?post_type=product&#038;p=13062"},"modified":"2025-09-02T09:44:01","modified_gmt":"2025-09-02T09:44:01","slug":"ampul-kamera-ptz-harekete-duyarli-gece-goruslu","status":"publish","type":"product","link":"https:\/\/flytechltd.com\/en\/p\/ampul-kamera-ptz-harekete-duyarli-gece-goruslu\/","title":{"rendered":"Ampul Kamera Ptz Harekete Duyarl\u0131 Gece G\u00f6r\u00fc\u015fl\u00fc"},"content":{"rendered":"<div class=\"xdj266r x11i5rnm xat24cr x1mh8g0r x1vvkbs x126k92a\">\n<div dir=\"auto\">Ampul Kamera Ptz Harekete Duyarl\u0131 Gece G\u00f6r\u00fc\u015fl\u00fc<\/div>\n<\/div>\n<div class=\"x11i5rnm xat24cr x1mh8g0r x1vvkbs xtlvy1s x126k92a\">\n<div dir=\"auto\"><span class=\"x3nfvp2 x1j61x8r x1fcty0u xdj266r xhhsvwb xat24cr xgzva0m xxymvpz xlup9mm x1kky2od\"><img decoding=\"async\" src=\"https:\/\/static.xx.fbcdn.net\/images\/emoji.php\/v9\/t7a\/1\/16\/31_20e3.png\" alt=\"1\ufe0f\u20e3\" width=\"16\" height=\"16\" \/><\/span>Lamba tutucu evrensel E27 lamba tutucu, kurulumu kolay, \u00e7ift \u0131\u015f\u0131k destek ayd\u0131nlatma,<\/div>\n<div dir=\"auto\">360 derece panoramik rotasyon a\u00e7\u0131s\u0131, cep telefonu uzaktan izleme, wifi ba\u011flant\u0131, ak\u0131ll\u0131 insan hareket alg\u0131lama ve ekran anormal alarm, birisi tespit edildi\u011finde kamera aktif olarak alarm ve fla\u015f \u00e7alabiliyor, Ger\u00e7ek zamanl\u0131 ak\u0131ll\u0131 iki y\u00f6nl\u00fc sesli interkom, 2 milyon y\u00fcksek \u00e7\u00f6z\u00fcn\u00fcrl\u00fckl\u00fc piksel, maksimum destek 128G haf\u0131za kart\u0131, bulut depolama ve TF kart depolama deste\u011fi.<\/div>\n<div dir=\"auto\"><span class=\"x3nfvp2 x1j61x8r x1fcty0u xdj266r xhhsvwb xat24cr xgzva0m xxymvpz xlup9mm x1kky2od\"><img decoding=\"async\" src=\"https:\/\/static.xx.fbcdn.net\/images\/emoji.php\/v9\/t99\/1\/16\/32_20e3.png\" alt=\"2\ufe0f\u20e3\" width=\"16\" height=\"16\" \/><\/span>Ama\u00e7: ev g\u00fcvenlik izleme, ofis, depo ve ma\u011faza g\u00fcvenlik izleme i\u00e7in kullan\u0131l\u0131r.<\/div>\n<div dir=\"auto\"><span class=\"x3nfvp2 x1j61x8r x1fcty0u xdj266r xhhsvwb xat24cr xgzva0m xxymvpz xlup9mm x1kky2od\"><img decoding=\"async\" src=\"https:\/\/static.xx.fbcdn.net\/images\/emoji.php\/v9\/tb8\/1\/16\/33_20e3.png\" alt=\"3\ufe0f\u20e3\" width=\"16\" height=\"16\" \/><\/span>Uygulanabilir insanlar: g\u00fcvenlik izleme ihtiya\u00e7lar\u0131 olan t\u00fcm insanlar i\u00e7in uygundur.<\/div>\n<div dir=\"auto\"><span class=\"x3nfvp2 x1j61x8r x1fcty0u xdj266r xhhsvwb xat24cr xgzva0m xxymvpz xlup9mm x1kky2od\"><img loading=\"lazy\" decoding=\"async\" src=\"https:\/\/static.xx.fbcdn.net\/images\/emoji.php\/v9\/td7\/1\/16\/34_20e3.png\" alt=\"4\ufe0f\u20e3\" width=\"16\" height=\"16\" \/><\/span>G\u00f6r\u00fcn\u00fcm tasar\u0131m\u0131: ampul\u00fcn \u015feklini sim\u00fcle etmek, kompakt ve yuvarlak.<\/div>\n<div dir=\"auto\"><span class=\"x3nfvp2 x1j61x8r x1fcty0u xdj266r xhhsvwb xat24cr xgzva0m xxymvpz xlup9mm x1kky2od\"><img loading=\"lazy\" decoding=\"async\" src=\"https:\/\/static.xx.fbcdn.net\/images\/emoji.php\/v9\/tf6\/1\/16\/35_20e3.png\" alt=\"5\ufe0f\u20e3\" width=\"16\" height=\"16\" \/><\/span>Kurulum s\u00fcper basit, s\u0131radan ev E27 lamba tutucu aray\u00fcz\u00fc kullan\u0131labilir, ger\u00e7ek bir kablosuz g\u00f6zetim kamera, kablolama sorunlar\u0131 \u00fccretsiz.<\/div>\n<div dir=\"auto\"><span class=\"x3nfvp2 x1j61x8r x1fcty0u xdj266r xhhsvwb xat24cr xgzva0m xxymvpz xlup9mm x1kky2od\"><img loading=\"lazy\" decoding=\"async\" src=\"https:\/\/static.xx.fbcdn.net\/images\/emoji.php\/v9\/t15\/1\/16\/36_20e3.png\" alt=\"6\ufe0f\u20e3\" width=\"16\" height=\"16\" \/><\/span>\u00c7ift \u0131\u015f\u0131k s\u00fcr\u00fcm\u00fc: LED lamba yuvas\u0131, beyaz \u0131\u015f\u0131k ayd\u0131nlatma olarak kullan\u0131labilir ve \u0131\u015f\u0131k a\u00e7\u0131ld\u0131ktan sonra renkli ekran g\u00f6r\u00fcnt\u00fclenir<\/div>\n<\/div>\n<div class=\"x11i5rnm xat24cr x1mh8g0r x1vvkbs xtlvy1s x126k92a\">\n<div dir=\"auto\"><span class=\"x3nfvp2 x1j61x8r x1fcty0u xdj266r xhhsvwb xat24cr xgzva0m xxymvpz xlup9mm x1kky2od\"><img loading=\"lazy\" decoding=\"async\" src=\"https:\/\/static.xx.fbcdn.net\/images\/emoji.php\/v9\/t8c\/1\/16\/1f4bb.png\" alt=\"\ud83d\udcbb\" width=\"16\" height=\"16\" \/><\/span>\ud835\udc98\ud835\udc98\ud835\udc98.\ud835\udc87\ud835\udc8d\ud835\udc9a\ud835\udc95\ud835\udc86\ud835\udc84\ud835\udc89\ud835\udc8d\ud835\udc95\ud835\udc85.\ud835\udc84\ud835\udc90\ud835\udc8e<\/div>\n<\/div>\n","protected":false},"excerpt":{"rendered":"<p>Ampul Kamera Ptz Harekete Duyarl\u0131 Gece G\u00f6r\u00fc\u015fl\u00fc Lamba tutucu evrensel E27 lamba tutucu, kurulumu kolay, \u00e7ift \u0131\u015f\u0131k destek ayd\u0131nlatma, 360<\/p>\n","protected":false},"featured_media":13077,"comment_status":"open","ping_status":"closed","template":"","meta":[],"product_brand":[],"product_cat":[785,337,338],"product_tag":[],"class_list":{"0":"post-13062","1":"product","2":"type-product","3":"status-publish","4":"has-post-thumbnail","6":"product_cat-bebek-kamera-ve-cocuk-lambasi","7":"product_cat-guvenlik","8":"product_cat-guvenlik-kamerasi","10":"first","11":"instock","12":"sale","13":"shipping-taxable","14":"purchasable","15":"product-type-simple"},"aioseo_notices":[],"_links":{"self":[{"href":"https:\/\/flytechltd.com\/en\/wp-json\/wp\/v2\/product\/13062","targetHints":{"allow":["GET"]}}],"collection":[{"href":"https:\/\/flytechltd.com\/en\/wp-json\/wp\/v2\/product"}],"about":[{"href":"https:\/\/flytechltd.com\/en\/wp-json\/wp\/v2\/types\/product"}],"replies":[{"embeddable":true,"href":"https:\/\/flytechltd.com\/en\/wp-json\/wp\/v2\/comments?post=13062"}],"version-history":[{"count":0,"href":"https:\/\/flytechltd.com\/en\/wp-json\/wp\/v2\/product\/13062\/revisions"}],"wp:featuredmedia":[{"embeddable":true,"href":"https:\/\/flytechltd.com\/en\/wp-json\/wp\/v2\/media\/13077"}],"wp:attachment":[{"href":"https:\/\/flytechltd.com\/en\/wp-json\/wp\/v2\/media?parent=13062"}],"wp:term":[{"taxonomy":"product_brand","embeddable":true,"href":"https:\/\/flytechltd.com\/en\/wp-json\/wp\/v2\/product_brand?post=13062"},{"taxonomy":"product_cat","embeddable":true,"href":"https:\/\/flytechltd.com\/en\/wp-json\/wp\/v2\/product_cat?post=13062"},{"taxonomy":"product_tag","embeddable":true,"href":"https:\/\/flytechltd.com\/en\/wp-json\/wp\/v2\/product_tag?post=13062"}],"curies":[{"name":"wp","href":"https:\/\/api.w.org\/{rel}","templated":true}]}}