{"id":13079,"date":"2023-05-05T17:45:19","date_gmt":"2023-05-05T17:45:19","guid":{"rendered":"https:\/\/flytechltd.com\/?post_type=product&#038;p=13079"},"modified":"2023-12-04T18:21:23","modified_gmt":"2023-12-04T18:21:23","slug":"gul-kristal-golgeler-elmas-lamba","status":"publish","type":"product","link":"https:\/\/flytechltd.com\/en\/p\/gul-kristal-golgeler-elmas-lamba\/","title":{"rendered":"G\u00fcl Kristal G\u00f6lgeler Elmas lamba"},"content":{"rendered":"<p>RGB 16 LED renk se\u00e7enekleri: S\u0131cak \u0131\u015f\u0131k, beyaz \u0131\u015f\u0131k, mavi \u0131\u015f\u0131k, ye\u015fil \u0131\u015f\u0131k, komodin i\u00e7in uygun k\u0131rm\u0131z\u0131 \u0131\u015f\u0131k, bebek odas\u0131 \u0131\u015f\u0131klar\u0131, rahatlat\u0131c\u0131 \u0131\u015f\u0131klar, romantik atmosfer \u0131\u015f\u0131klar\u0131 vb.<br \/>\n\u0130ki kontrol modu: dokunmatik sens\u00f6r kontrol\u00fc ve uzaktan kumanda.<br \/>\nPremium Akrilikten yap\u0131lm\u0131\u015f Clear Crystal g\u00f6r\u00fcn\u00fcm tasar\u0131m\u0131.<br \/>\nG\u00fcl Kristal g\u00f6lgeler Elmas lamba.<br \/>\nHerhangi bir ev, yatak odas\u0131, oturma odas\u0131, bebek odas\u0131, ofis, sehpa, \u00fcniversite yurdu, kafeterya, kitapl\u0131k veya kitapl\u0131\u011f\u0131n\u0131zdaki kitapl\u0131k i\u00e7in uygun dekoratif bir atmosfer masa lambas\u0131 \u00fczerine konabilir.<br \/>\nBoyut: 9&#215;21.5cm<\/p>\n<p><a href=\"https:\/\/flytechltd.com\/wp-content\/uploads\/2023\/05\/IMG_1515.mp4\">IMG_1515<\/a><\/p>\n","protected":false},"excerpt":{"rendered":"<p>RGB 16 LED renk se\u00e7enekleri: S\u0131cak \u0131\u015f\u0131k, beyaz \u0131\u015f\u0131k, mavi \u0131\u015f\u0131k, ye\u015fil \u0131\u015f\u0131k, komodin i\u00e7in uygun k\u0131rm\u0131z\u0131 \u0131\u015f\u0131k, bebek odas\u0131<\/p>\n","protected":false},"featured_media":13080,"comment_status":"open","ping_status":"closed","template":"","meta":[],"product_brand":[],"product_cat":[325],"product_tag":[],"class_list":{"0":"post-13079","1":"product","2":"type-product","3":"status-publish","4":"has-post-thumbnail","6":"product_cat-lamba","8":"first","9":"instock","10":"shipping-taxable","11":"purchasable","12":"product-type-simple"},"aioseo_notices":[],"_links":{"self":[{"href":"https:\/\/flytechltd.com\/en\/wp-json\/wp\/v2\/product\/13079","targetHints":{"allow":["GET"]}}],"collection":[{"href":"https:\/\/flytechltd.com\/en\/wp-json\/wp\/v2\/product"}],"about":[{"href":"https:\/\/flytechltd.com\/en\/wp-json\/wp\/v2\/types\/product"}],"replies":[{"embeddable":true,"href":"https:\/\/flytechltd.com\/en\/wp-json\/wp\/v2\/comments?post=13079"}],"version-history":[{"count":0,"href":"https:\/\/flytechltd.com\/en\/wp-json\/wp\/v2\/product\/13079\/revisions"}],"wp:featuredmedia":[{"embeddable":true,"href":"https:\/\/flytechltd.com\/en\/wp-json\/wp\/v2\/media\/13080"}],"wp:attachment":[{"href":"https:\/\/flytechltd.com\/en\/wp-json\/wp\/v2\/media?parent=13079"}],"wp:term":[{"taxonomy":"product_brand","embeddable":true,"href":"https:\/\/flytechltd.com\/en\/wp-json\/wp\/v2\/product_brand?post=13079"},{"taxonomy":"product_cat","embeddable":true,"href":"https:\/\/flytechltd.com\/en\/wp-json\/wp\/v2\/product_cat?post=13079"},{"taxonomy":"product_tag","embeddable":true,"href":"https:\/\/flytechltd.com\/en\/wp-json\/wp\/v2\/product_tag?post=13079"}],"curies":[{"name":"wp","href":"https:\/\/api.w.org\/{rel}","templated":true}]}}