{"id":13214,"date":"2023-08-24T16:27:28","date_gmt":"2023-08-24T16:27:28","guid":{"rendered":"https:\/\/flytechltd.com\/?post_type=product&#038;p=13214"},"modified":"2023-10-06T12:37:53","modified_gmt":"2023-10-06T12:37:53","slug":"awei-h26-akilli-saat-2-0-inc-siyah","status":"publish","type":"product","link":"https:\/\/flytechltd.com\/en\/p\/awei-h26-akilli-saat-2-0-inc-siyah\/","title":{"rendered":"Awei H26 Ak\u0131ll\u0131 Saat 2.0 Inc (Siyah)"},"content":{"rendered":"<p>\u00d6zellik:<\/p>\n<p>1, 1.95-Inch &amp; 240*282 TFT Screen<\/p>\n<p>2, Bluetooth 5.2, One-Touch Connection<\/p>\n<p>3, IP67 Waterproof Rate<\/p>\n<p>4, Bluetooth Call, Heart-Rate \/ Blood-Pressure \/ Blood-Oxygen Monitoring, Weather Forecast, Sleep Information, Breathing Training<\/p>\n<p>5, 100+ Sports Modes<\/p>\n<p>6, 260mAh Li-Polymer Battery, 3~4 Days of Standby Time<\/p>\n<p>7, Multiple Dials are Switchable Freely<\/p>\n<p>8, Wireless Fast Charge, Auto Magnetism<\/p>\n<p>9, Call &amp; SMS Reminder<\/p>\n<p>10, Colors: Black, White, Blue<\/p>\n<p>11, Main control chip: RT8763EWE<\/p>\n<p>12, PPG chip: Vcare VP60<\/p>\n<p>13, Battery capacity: 260mAh<\/p>\n<p>14, Memory: 128Mb<\/p>\n<p>&nbsp;<\/p>\n","protected":false},"excerpt":{"rendered":"<p>\u00d6zellik: 1, 1.95-Inch &amp; 240*282 TFT Screen 2, Bluetooth 5.2, One-Touch Connection 3, IP67 Waterproof Rate 4, Bluetooth Call, Heart-Rate<\/p>\n","protected":false},"featured_media":13212,"comment_status":"open","ping_status":"closed","template":"","meta":[],"product_brand":[],"product_cat":[345,316],"product_tag":[],"class_list":{"0":"post-13214","1":"product","2":"type-product","3":"status-publish","4":"has-post-thumbnail","6":"product_cat-saatler","7":"product_cat-telefon-aksesuarlar","9":"first","10":"instock","11":"sale","12":"shipping-taxable","13":"purchasable","14":"product-type-simple"},"aioseo_notices":[],"_links":{"self":[{"href":"https:\/\/flytechltd.com\/en\/wp-json\/wp\/v2\/product\/13214","targetHints":{"allow":["GET"]}}],"collection":[{"href":"https:\/\/flytechltd.com\/en\/wp-json\/wp\/v2\/product"}],"about":[{"href":"https:\/\/flytechltd.com\/en\/wp-json\/wp\/v2\/types\/product"}],"replies":[{"embeddable":true,"href":"https:\/\/flytechltd.com\/en\/wp-json\/wp\/v2\/comments?post=13214"}],"version-history":[{"count":0,"href":"https:\/\/flytechltd.com\/en\/wp-json\/wp\/v2\/product\/13214\/revisions"}],"wp:featuredmedia":[{"embeddable":true,"href":"https:\/\/flytechltd.com\/en\/wp-json\/wp\/v2\/media\/13212"}],"wp:attachment":[{"href":"https:\/\/flytechltd.com\/en\/wp-json\/wp\/v2\/media?parent=13214"}],"wp:term":[{"taxonomy":"product_brand","embeddable":true,"href":"https:\/\/flytechltd.com\/en\/wp-json\/wp\/v2\/product_brand?post=13214"},{"taxonomy":"product_cat","embeddable":true,"href":"https:\/\/flytechltd.com\/en\/wp-json\/wp\/v2\/product_cat?post=13214"},{"taxonomy":"product_tag","embeddable":true,"href":"https:\/\/flytechltd.com\/en\/wp-json\/wp\/v2\/product_tag?post=13214"}],"curies":[{"name":"wp","href":"https:\/\/api.w.org\/{rel}","templated":true}]}}