{"id":13561,"date":"2023-11-06T18:32:05","date_gmt":"2023-11-06T18:32:05","guid":{"rendered":"https:\/\/flytechltd.com\/?post_type=product&#038;p=13561"},"modified":"2024-01-31T20:50:48","modified_gmt":"2024-01-31T20:50:48","slug":"calisma-masasi-9060cm-siyah","status":"publish","type":"product","link":"https:\/\/flytechltd.com\/en\/p\/calisma-masasi-9060cm-siyah\/","title":{"rendered":"\u00c7al\u0131\u015fma Masas\u0131 90*60cm Siyah"},"content":{"rendered":"<p>90\/60 TABLA \u00d6L\u00c7\u00dcLER\u0130NDE S\u0130YAH TABLASI BULUNAN 72 CM Y\u00dcKSEKL\u0130\u011e\u0130NDE S\u0130YAH METAL AYAKLI OYUN VE \u00c7ALI\u015eMA MASASI . AYAKLARINDA PLAST\u0130K AYARLI PAPU\u00c7LARI \u0130LE DENGES\u0130 AYARLANAB\u0130L\u0130R. TABLASININ K\u00d6\u015eELER\u0130NE VER\u0130LEN RAD\u00dcS SAYES\u0130NDE K\u00d6\u015eE KESK\u0130NL\u0130KLER\u0130 KALMAMI\u015eTIR<\/p>\n","protected":false},"excerpt":{"rendered":"<p>90\/60 TABLA \u00d6L\u00c7\u00dcLER\u0130NDE S\u0130YAH TABLASI BULUNAN 72 CM Y\u00dcKSEKL\u0130\u011e\u0130NDE S\u0130YAH METAL AYAKLI OYUN VE \u00c7ALI\u015eMA MASASI . AYAKLARINDA PLAST\u0130K AYARLI<\/p>\n","protected":false},"featured_media":13562,"comment_status":"open","ping_status":"closed","template":"","meta":[],"product_brand":[],"product_cat":[356],"product_tag":[],"class_list":{"0":"post-13561","1":"product","2":"type-product","3":"status-publish","4":"has-post-thumbnail","6":"product_cat-calisma-masasi","8":"first","9":"instock","10":"sale","11":"shipping-taxable","12":"purchasable","13":"product-type-simple"},"aioseo_notices":[],"_links":{"self":[{"href":"https:\/\/flytechltd.com\/en\/wp-json\/wp\/v2\/product\/13561","targetHints":{"allow":["GET"]}}],"collection":[{"href":"https:\/\/flytechltd.com\/en\/wp-json\/wp\/v2\/product"}],"about":[{"href":"https:\/\/flytechltd.com\/en\/wp-json\/wp\/v2\/types\/product"}],"replies":[{"embeddable":true,"href":"https:\/\/flytechltd.com\/en\/wp-json\/wp\/v2\/comments?post=13561"}],"version-history":[{"count":0,"href":"https:\/\/flytechltd.com\/en\/wp-json\/wp\/v2\/product\/13561\/revisions"}],"wp:featuredmedia":[{"embeddable":true,"href":"https:\/\/flytechltd.com\/en\/wp-json\/wp\/v2\/media\/13562"}],"wp:attachment":[{"href":"https:\/\/flytechltd.com\/en\/wp-json\/wp\/v2\/media?parent=13561"}],"wp:term":[{"taxonomy":"product_brand","embeddable":true,"href":"https:\/\/flytechltd.com\/en\/wp-json\/wp\/v2\/product_brand?post=13561"},{"taxonomy":"product_cat","embeddable":true,"href":"https:\/\/flytechltd.com\/en\/wp-json\/wp\/v2\/product_cat?post=13561"},{"taxonomy":"product_tag","embeddable":true,"href":"https:\/\/flytechltd.com\/en\/wp-json\/wp\/v2\/product_tag?post=13561"}],"curies":[{"name":"wp","href":"https:\/\/api.w.org\/{rel}","templated":true}]}}