{"id":13635,"date":"2023-11-21T15:41:09","date_gmt":"2023-11-21T15:41:09","guid":{"rendered":"https:\/\/flytechltd.com\/?post_type=product&#038;p=13635"},"modified":"2023-11-21T15:41:09","modified_gmt":"2023-11-21T15:41:09","slug":"awei-t26-pro-tws-kablosuz-kulaklik-bluetooth-5-3","status":"publish","type":"product","link":"https:\/\/flytechltd.com\/en\/p\/awei-t26-pro-tws-kablosuz-kulaklik-bluetooth-5-3\/","title":{"rendered":"Awei T26 Pro TWS Kablosuz Kulakl\u0131k Bluetooth 5.3"},"content":{"rendered":"<p>Awei T26 Pro TWS kablosuz kulakl\u0131k Bluetooth 5.3 su ge\u00e7irmez Stereo spor kulakl\u0131klar g\u00fcr\u00fclt\u00fc azaltma mikrofonlu kulakl\u0131k<\/p>\n<div><strong><span id=\"tl_1\">\u00d6zellik:<\/span><\/strong><\/div>\n<div><span id=\"tl_2\">Marka: Awei T26 Pro<\/span><\/div>\n<div><span id=\"tl_3\">Bluetooth s\u00fcr\u00fcm 5.3 (AD6973D4)<\/span><\/div>\n<div><span id=\"tl_4\">Desteklenen protokoller: HSP, HFP, A2DP, AVRCP<\/span><\/div>\n<div><span id=\"tl_5\">Kanal sistemi: Stereo<\/span><\/div>\n<div><span id=\"tl_6\">Kulaki\u00e7i pil kapasitesi: 35mAh * 2 (koruma levhas\u0131 ama IC olmadan)<\/span><\/div>\n<div><span id=\"tl_7\">\u015earj durumunda pil kapasitesi: 3.7V\/300mAh (koruyucu plaka ile)<\/span><\/div>\n<div><span id=\"tl_8\">Boynuz \u00e7ap\u0131: 13mm<\/span><\/div>\n<div><span id=\"tl_9\">\u015earj s\u00fcresi 1h konu\u015fma s\u00fcresi 7h<\/span><\/div>\n<div><span id=\"tl_10\">\u00c7alma s\u00fcresi: 6h (80% hacim alt\u0131nda \u015farj durumunda kullan\u0131l\u0131r: 20h)<\/span><\/div>\n<div><span id=\"tl_11\">Bekleme s\u00fcresi: 200h<\/span><\/div>\n<div><span id=\"tl_12\">Hassasiyet 93 \u00b1 3dB<\/span><\/div>\n<div><span id=\"tl_13\">Empedans: 32\u03a9<\/span><\/div>\n<div><span id=\"tl_14\">Giri\u015f standart voltaj: DC 5V<\/span><\/div>\n<div><span id=\"tl_15\">Frekans tepki aral\u0131\u011f\u0131: 2.402GHz ~ 2.480GHz<\/span><\/div>\n<div><span id=\"tl_16\">Maksimum iletim mesafesi: 10m<\/span><\/div>\n<div><span id=\"tl_17\">Ses istemi: desteklenen<\/span><\/div>\n<div><span id=\"tl_18\">\u00c7ok noktal\u0131 ba\u011flant\u0131: desteklenmeyen<\/span><\/div>\n<div><span id=\"tl_19\">A\u015f\u0131nma y\u00f6ntemi: yar\u0131 kulak<\/span><\/div>\n<div><span id=\"tl_20\">Kullan\u0131m k\u0131lavuzu: \u00e7ince ve \u0130ngilizce<\/span><\/div>\n<div><span id=\"tl_21\">Liman: tip-c su ge\u00e7irmez \u00f6fke: IPX6<\/span><\/div>\n","protected":false},"excerpt":{"rendered":"<p>T26PRO<\/p>\n","protected":false},"featured_media":13636,"comment_status":"open","ping_status":"closed","template":"","meta":[],"product_brand":[],"product_cat":[319],"product_tag":[],"class_list":{"0":"post-13635","1":"product","2":"type-product","3":"status-publish","4":"has-post-thumbnail","6":"product_cat-phone-kulakliklar","8":"first","9":"instock","10":"sale","11":"shipping-taxable","12":"purchasable","13":"product-type-simple"},"aioseo_notices":[],"_links":{"self":[{"href":"https:\/\/flytechltd.com\/en\/wp-json\/wp\/v2\/product\/13635","targetHints":{"allow":["GET"]}}],"collection":[{"href":"https:\/\/flytechltd.com\/en\/wp-json\/wp\/v2\/product"}],"about":[{"href":"https:\/\/flytechltd.com\/en\/wp-json\/wp\/v2\/types\/product"}],"replies":[{"embeddable":true,"href":"https:\/\/flytechltd.com\/en\/wp-json\/wp\/v2\/comments?post=13635"}],"version-history":[{"count":0,"href":"https:\/\/flytechltd.com\/en\/wp-json\/wp\/v2\/product\/13635\/revisions"}],"wp:featuredmedia":[{"embeddable":true,"href":"https:\/\/flytechltd.com\/en\/wp-json\/wp\/v2\/media\/13636"}],"wp:attachment":[{"href":"https:\/\/flytechltd.com\/en\/wp-json\/wp\/v2\/media?parent=13635"}],"wp:term":[{"taxonomy":"product_brand","embeddable":true,"href":"https:\/\/flytechltd.com\/en\/wp-json\/wp\/v2\/product_brand?post=13635"},{"taxonomy":"product_cat","embeddable":true,"href":"https:\/\/flytechltd.com\/en\/wp-json\/wp\/v2\/product_cat?post=13635"},{"taxonomy":"product_tag","embeddable":true,"href":"https:\/\/flytechltd.com\/en\/wp-json\/wp\/v2\/product_tag?post=13635"}],"curies":[{"name":"wp","href":"https:\/\/api.w.org\/{rel}","templated":true}]}}