{"id":13640,"date":"2023-11-21T15:52:38","date_gmt":"2023-11-21T15:52:38","guid":{"rendered":"https:\/\/flytechltd.com\/?post_type=product&#038;p=13640"},"modified":"2023-11-21T15:52:38","modified_gmt":"2023-11-21T15:52:38","slug":"awei-t53-tws-bluetooth-kulakliklar-oyun-kablosuz-kulakliklar-cagri-gurultu-azaltma","status":"publish","type":"product","link":"https:\/\/flytechltd.com\/en\/p\/awei-t53-tws-bluetooth-kulakliklar-oyun-kablosuz-kulakliklar-cagri-gurultu-azaltma\/","title":{"rendered":"Awei T53 TWS Bluetooth Kulakl\u0131klar Oyun Kablosuz Kulakl\u0131klar \u00c7a\u011fr\u0131 G\u00fcr\u00fclt\u00fc Azaltma"},"content":{"rendered":"<div><\/div>\n<div><\/div>\n<div><strong id=\"tl_3\">\u00d6zellik:<\/strong><\/div>\n<div><span id=\"tl_4\">1. Yarat\u0131c\u0131 tasar\u0131m. Serin degrade \u0131\u015f\u0131klar r\u00fcya y\u0131ld\u0131zl\u0131 g\u00f6ky\u00fcz\u00fc parl\u0131yor<\/span><\/div>\n<div><span id=\"tl_5\">2. Kulaklar\u0131n\u0131zda bir Hifi Mini hoparl\u00f6r olarak geni\u015f ses alan\u0131, do\u011fal bir Stereo alan yaratmak, ses kalitesinin stabilitesini artt\u0131r\u0131r ve clarit&#8217;i geli\u015ftirmek i\u00e7in akustik Resonance ans\u0131 azalt\u0131r.<\/span><\/div>\n<div><span id=\"tl_6\">Sizin i\u00e7in 3.360 \u00b0 etkileyici Stereo canl\u0131 deneyim. Daha temiz, daha dolgun orta kademe ve daha derin bas ile daha zengin m\u00fczik detaylar\u0131 g\u00f6r\u00fcnt\u00fcler.<\/span><\/div>\n<div><span id=\"tl_7\">4. Amiral gemisi kalitesi. 65ms anlams\u0131z gecikme, ses ve Video senkronizasyonu.<\/span><\/div>\n<div><span id=\"tl_8\">Ses ve Video ile bir maraton 5.8 saat \u00e7alma s\u00fcresi. \u015earj vakalar\u0131 ile devlet 300 saate kadar ula\u015fabilir.<\/span><\/div>\n<div><span id=\"tl_9\">6.Bluetooth 5.3. Ipek, andi-elektromanyetik giri\u015fim, s\u0131k\u0131\u015fma veya kopukluk yok, y\u00fcksek h\u0131zl\u0131 iletim, elma ve Android cihazlarla kompozisyon.<\/span><\/div>\n","protected":false},"excerpt":{"rendered":"<p>T53<\/p>\n","protected":false},"featured_media":13643,"comment_status":"open","ping_status":"closed","template":"","meta":[],"product_brand":[],"product_cat":[319],"product_tag":[],"class_list":{"0":"post-13640","1":"product","2":"type-product","3":"status-publish","4":"has-post-thumbnail","6":"product_cat-phone-kulakliklar","8":"first","9":"instock","10":"sale","11":"shipping-taxable","12":"purchasable","13":"product-type-simple"},"aioseo_notices":[],"_links":{"self":[{"href":"https:\/\/flytechltd.com\/en\/wp-json\/wp\/v2\/product\/13640","targetHints":{"allow":["GET"]}}],"collection":[{"href":"https:\/\/flytechltd.com\/en\/wp-json\/wp\/v2\/product"}],"about":[{"href":"https:\/\/flytechltd.com\/en\/wp-json\/wp\/v2\/types\/product"}],"replies":[{"embeddable":true,"href":"https:\/\/flytechltd.com\/en\/wp-json\/wp\/v2\/comments?post=13640"}],"version-history":[{"count":0,"href":"https:\/\/flytechltd.com\/en\/wp-json\/wp\/v2\/product\/13640\/revisions"}],"wp:featuredmedia":[{"embeddable":true,"href":"https:\/\/flytechltd.com\/en\/wp-json\/wp\/v2\/media\/13643"}],"wp:attachment":[{"href":"https:\/\/flytechltd.com\/en\/wp-json\/wp\/v2\/media?parent=13640"}],"wp:term":[{"taxonomy":"product_brand","embeddable":true,"href":"https:\/\/flytechltd.com\/en\/wp-json\/wp\/v2\/product_brand?post=13640"},{"taxonomy":"product_cat","embeddable":true,"href":"https:\/\/flytechltd.com\/en\/wp-json\/wp\/v2\/product_cat?post=13640"},{"taxonomy":"product_tag","embeddable":true,"href":"https:\/\/flytechltd.com\/en\/wp-json\/wp\/v2\/product_tag?post=13640"}],"curies":[{"name":"wp","href":"https:\/\/api.w.org\/{rel}","templated":true}]}}