{"id":13693,"date":"2023-11-21T17:03:38","date_gmt":"2023-11-21T17:03:38","guid":{"rendered":"https:\/\/flytechltd.com\/?post_type=product&#038;p=13693"},"modified":"2023-11-21T17:03:39","modified_gmt":"2023-11-21T17:03:39","slug":"metal-dekoratif-3-rafli-kitaplik-antrasit","status":"publish","type":"product","link":"https:\/\/flytechltd.com\/en\/p\/metal-dekoratif-3-rafli-kitaplik-antrasit\/","title":{"rendered":"Metal Dekoratif 3 Rafl\u0131 Kitapl\u0131k Antrasit"},"content":{"rendered":"<p>Dekoratif 3 Rafl\u0131 Kitapl\u0131k Metal Kitapl\u0131k Antrasit 3 Rafl\u0131 Kitapl\u0131k, \u00f6zel kolisi i\u00e7erisinde, demonte olarak sevk edilir. Kitapl\u0131k \u00d6l\u00e7\u00fcleri Geni\u015flik: 66 cm Derinlik: 34 cm Y\u00fckseklik: 85 cm Raf geni\u015flik: 66 cm Raf derinlik: 30 cm Raf aral\u0131\u011f\u0131: 33 cm<\/p>\n","protected":false},"excerpt":{"rendered":"<p>Raf<\/p>\n","protected":false},"featured_media":13694,"comment_status":"open","ping_status":"closed","template":"","meta":[],"product_brand":[],"product_cat":[353],"product_tag":[],"class_list":{"0":"post-13693","1":"product","2":"type-product","3":"status-publish","4":"has-post-thumbnail","6":"product_cat-masa","8":"first","9":"instock","10":"sale","11":"shipping-taxable","12":"purchasable","13":"product-type-simple"},"aioseo_notices":[],"_links":{"self":[{"href":"https:\/\/flytechltd.com\/en\/wp-json\/wp\/v2\/product\/13693","targetHints":{"allow":["GET"]}}],"collection":[{"href":"https:\/\/flytechltd.com\/en\/wp-json\/wp\/v2\/product"}],"about":[{"href":"https:\/\/flytechltd.com\/en\/wp-json\/wp\/v2\/types\/product"}],"replies":[{"embeddable":true,"href":"https:\/\/flytechltd.com\/en\/wp-json\/wp\/v2\/comments?post=13693"}],"version-history":[{"count":0,"href":"https:\/\/flytechltd.com\/en\/wp-json\/wp\/v2\/product\/13693\/revisions"}],"wp:featuredmedia":[{"embeddable":true,"href":"https:\/\/flytechltd.com\/en\/wp-json\/wp\/v2\/media\/13694"}],"wp:attachment":[{"href":"https:\/\/flytechltd.com\/en\/wp-json\/wp\/v2\/media?parent=13693"}],"wp:term":[{"taxonomy":"product_brand","embeddable":true,"href":"https:\/\/flytechltd.com\/en\/wp-json\/wp\/v2\/product_brand?post=13693"},{"taxonomy":"product_cat","embeddable":true,"href":"https:\/\/flytechltd.com\/en\/wp-json\/wp\/v2\/product_cat?post=13693"},{"taxonomy":"product_tag","embeddable":true,"href":"https:\/\/flytechltd.com\/en\/wp-json\/wp\/v2\/product_tag?post=13693"}],"curies":[{"name":"wp","href":"https:\/\/api.w.org\/{rel}","templated":true}]}}