{"id":13741,"date":"2023-12-10T14:49:39","date_gmt":"2023-12-10T14:49:39","guid":{"rendered":"https:\/\/flytechltd.com\/?post_type=product&#038;p=13741"},"modified":"2024-10-18T12:26:43","modified_gmt":"2024-10-18T12:26:43","slug":"calisma-masasi-laptop-bilgisayar-masasi-ofis-masasi-beyaz","status":"publish","type":"product","link":"https:\/\/flytechltd.com\/en\/p\/calisma-masasi-laptop-bilgisayar-masasi-ofis-masasi-beyaz\/","title":{"rendered":"\u00c7al\u0131\u015fma Masas\u0131, Laptop Bilgisayar Masas\u0131 Ofis Masas\u0131 Beyaz"},"content":{"rendered":"<h1 class=\"pr-new-br\" data-drroot=\"h1\">2 Rafl\u0131 Ders \u00c7al\u0131\u015fma Masas\u0131,laptop Bilgisayar Masas\u0131,ofis Ders Yemek \u00c7ocuk Masas\u0131 Modern<\/h1>\n<p>&nbsp;<\/p>\n<ul class=\"detail-desc-list two-columns\">\n<li>\u00c7al\u0131\u015fma Masam\u0131z\u0131n y\u00fczeyinde 18mm kal\u0131nl\u0131\u011f\u0131nda 1. Kalite yonga levha kullan\u0131lm\u0131\u015ft\u0131r.<\/li>\n<li>Masam\u0131z\u0131n g\u00f6vdesinde 1. Kalite sa\u011flam profil kullan\u0131lm\u0131\u015ft\u0131r. Paslanma yapmaz, \u00e7izilmeye dayan\u0131kl\u0131 elektrostatik toz boya ile boyanm\u0131\u015ft\u0131r<\/li>\n<li>\u00dcr\u00fcn \u00d6l\u00e7\u00fcs\u00fc:<\/li>\n<li>Geni\u015flik : 105 Cm<\/li>\n<li>Y\u00fckseklik: 75 Cm<\/li>\n<li>Derinlik : 50 Cm<\/li>\n<li>Raf \u00d6l\u00e7\u00fcleri:<\/li>\n<li>Raflar Aras\u0131 Y\u00fckseklik: 34 Cm<\/li>\n<li>Raf Geni\u015fli\u011fi: 29 Cm &#8211; Raf Derinli\u011fi: 49 Cm<\/li>\n<\/ul>\n","protected":false},"excerpt":{"rendered":"<p>2 Rafl\u0131 Ders \u00c7al\u0131\u015fma Masas\u0131,laptop Bilgisayar Masas\u0131,ofis Ders Yemek \u00c7ocuk Masas\u0131 Modern &nbsp; \u00c7al\u0131\u015fma Masam\u0131z\u0131n y\u00fczeyinde 18mm kal\u0131nl\u0131\u011f\u0131nda 1. Kalite<\/p>\n","protected":false},"featured_media":13742,"comment_status":"open","ping_status":"closed","template":"","meta":[],"product_brand":[],"product_cat":[355,356,354,353],"product_tag":[],"class_list":{"0":"post-13741","1":"product","2":"type-product","3":"status-publish","4":"has-post-thumbnail","6":"product_cat-bilgisayar-masasi","7":"product_cat-calisma-masasi","8":"product_cat-dizustu-bilgisayar-masasi","9":"product_cat-masa","11":"first","12":"instock","13":"sale","14":"shipping-taxable","15":"purchasable","16":"product-type-simple"},"aioseo_notices":[],"_links":{"self":[{"href":"https:\/\/flytechltd.com\/en\/wp-json\/wp\/v2\/product\/13741","targetHints":{"allow":["GET"]}}],"collection":[{"href":"https:\/\/flytechltd.com\/en\/wp-json\/wp\/v2\/product"}],"about":[{"href":"https:\/\/flytechltd.com\/en\/wp-json\/wp\/v2\/types\/product"}],"replies":[{"embeddable":true,"href":"https:\/\/flytechltd.com\/en\/wp-json\/wp\/v2\/comments?post=13741"}],"version-history":[{"count":0,"href":"https:\/\/flytechltd.com\/en\/wp-json\/wp\/v2\/product\/13741\/revisions"}],"wp:featuredmedia":[{"embeddable":true,"href":"https:\/\/flytechltd.com\/en\/wp-json\/wp\/v2\/media\/13742"}],"wp:attachment":[{"href":"https:\/\/flytechltd.com\/en\/wp-json\/wp\/v2\/media?parent=13741"}],"wp:term":[{"taxonomy":"product_brand","embeddable":true,"href":"https:\/\/flytechltd.com\/en\/wp-json\/wp\/v2\/product_brand?post=13741"},{"taxonomy":"product_cat","embeddable":true,"href":"https:\/\/flytechltd.com\/en\/wp-json\/wp\/v2\/product_cat?post=13741"},{"taxonomy":"product_tag","embeddable":true,"href":"https:\/\/flytechltd.com\/en\/wp-json\/wp\/v2\/product_tag?post=13741"}],"curies":[{"name":"wp","href":"https:\/\/api.w.org\/{rel}","templated":true}]}}