{"id":13746,"date":"2023-12-10T15:08:16","date_gmt":"2023-12-10T15:08:16","guid":{"rendered":"https:\/\/flytechltd.com\/?post_type=product&#038;p=13746"},"modified":"2024-12-24T20:54:31","modified_gmt":"2024-12-24T20:54:31","slug":"calisma-masasi-laptop-bilgisayar-masasi-ofis-masasi-ahsap","status":"publish","type":"product","link":"https:\/\/flytechltd.com\/en\/p\/calisma-masasi-laptop-bilgisayar-masasi-ofis-masasi-ahsap\/","title":{"rendered":"\u00c7al\u0131\u015fma Masas\u0131, Laptop Bilgisayar Masas\u0131 Ofis Masas\u0131 Ah\u015fap"},"content":{"rendered":"<p>BU \u00dcR\u00dcNDE KULLANILAN MALZEME B\u0130R\u0130NC\u0130 SINIF YONGA LAM OLUP AYAKLAR \u00c7EL\u0130K PROF\u0130LD\u0130R FIRINLANMI\u015e ELOKTROSTAT\u0130K S\u0130YAH BOYADIR. KOLAY KURULUM SAYES\u0130NDE 5 DAK\u0130KA \u0130\u00c7\u0130NDE KURAB\u0130L\u0130RS\u0130N\u0130Z . MASA \u00d6L\u00c7\u00dcLER\u0130 \u015e\u00d6YLED\u0130R Y\u00dcKSEKL\u0130K: 72 GEN\u0130\u015eL\u0130K : 120 DER\u0130NL\u0130K : 60 TIR.<\/p>\n","protected":false},"excerpt":{"rendered":"<p>BU \u00dcR\u00dcNDE KULLANILAN MALZEME B\u0130R\u0130NC\u0130 SINIF YONGA LAM OLUP AYAKLAR \u00c7EL\u0130K PROF\u0130LD\u0130R FIRINLANMI\u015e ELOKTROSTAT\u0130K S\u0130YAH BOYADIR. KOLAY KURULUM SAYES\u0130NDE 5<\/p>\n","protected":false},"featured_media":13747,"comment_status":"open","ping_status":"closed","template":"","meta":[],"product_brand":[],"product_cat":[355,356,354,353],"product_tag":[],"class_list":{"0":"post-13746","1":"product","2":"type-product","3":"status-publish","4":"has-post-thumbnail","6":"product_cat-bilgisayar-masasi","7":"product_cat-calisma-masasi","8":"product_cat-dizustu-bilgisayar-masasi","9":"product_cat-masa","11":"first","12":"instock","13":"sale","14":"shipping-taxable","15":"purchasable","16":"product-type-simple"},"aioseo_notices":[],"_links":{"self":[{"href":"https:\/\/flytechltd.com\/en\/wp-json\/wp\/v2\/product\/13746","targetHints":{"allow":["GET"]}}],"collection":[{"href":"https:\/\/flytechltd.com\/en\/wp-json\/wp\/v2\/product"}],"about":[{"href":"https:\/\/flytechltd.com\/en\/wp-json\/wp\/v2\/types\/product"}],"replies":[{"embeddable":true,"href":"https:\/\/flytechltd.com\/en\/wp-json\/wp\/v2\/comments?post=13746"}],"version-history":[{"count":0,"href":"https:\/\/flytechltd.com\/en\/wp-json\/wp\/v2\/product\/13746\/revisions"}],"wp:featuredmedia":[{"embeddable":true,"href":"https:\/\/flytechltd.com\/en\/wp-json\/wp\/v2\/media\/13747"}],"wp:attachment":[{"href":"https:\/\/flytechltd.com\/en\/wp-json\/wp\/v2\/media?parent=13746"}],"wp:term":[{"taxonomy":"product_brand","embeddable":true,"href":"https:\/\/flytechltd.com\/en\/wp-json\/wp\/v2\/product_brand?post=13746"},{"taxonomy":"product_cat","embeddable":true,"href":"https:\/\/flytechltd.com\/en\/wp-json\/wp\/v2\/product_cat?post=13746"},{"taxonomy":"product_tag","embeddable":true,"href":"https:\/\/flytechltd.com\/en\/wp-json\/wp\/v2\/product_tag?post=13746"}],"curies":[{"name":"wp","href":"https:\/\/api.w.org\/{rel}","templated":true}]}}