{"id":13854,"date":"2023-12-22T19:22:11","date_gmt":"2023-12-22T19:22:11","guid":{"rendered":"https:\/\/flytechltd.com\/?post_type=product&#038;p=13854"},"modified":"2023-12-22T19:22:11","modified_gmt":"2023-12-22T19:22:11","slug":"xiaomi-tv-box-mi-box-s-2nd-gen-4k-uhd-wi-fi-usb-2-0-2gb-ram-and-8gb-storage-android-os","status":"publish","type":"product","link":"https:\/\/flytechltd.com\/en\/p\/xiaomi-tv-box-mi-box-s-2nd-gen-4k-uhd-wi-fi-usb-2-0-2gb-ram-and-8gb-storage-android-os\/","title":{"rendered":"Xiaomi TV Box Mi Box S 2nd Gen 4K UHD Wi-Fi USB 2.0 2GB RAM and 8GB Storage Android OS"},"content":{"rendered":"<ul>\n<li>Ultra ak\u0131c\u0131 g\u00f6rsel-ses deneyim Dolby Vision\u201d ve HDR10+ destekli 4K1 Ultra HD \u00e7\u00f6z\u00fcn\u00fcrl\u00fc\u011fe sahip Xiaomi TV Box S (2. Nesil), ger\u00e7e\u011fe daha yak\u0131n bir resim kalitesiyle her parlak ve karanl\u0131k detay\u0131n net bir \u015fekilde g\u00f6sterilmesine yard\u0131mc\u0131 olarak her g\u00f6r\u00fcnt\u00fcn\u00fcn daha canl\u0131 ve s\u00fcr\u00fckleyici g\u00f6r\u00fcnmesini sa\u011flar. Xiaomi Tv Box ayr\u0131ca, oturma odan\u0131z\u0131n rahatl\u0131\u011f\u0131nda veya istedi\u011finiz herhangi bir yerden harika ve sinema benzeri, sizi i\u00e7ine \u00e7eken bir ses deneyimi getiren Dolby Atmos\u201d ve DTS-HD teknolojisini de destekler. Sonsuz e\u011flenceye kesintisiz eri\u015fim Xiaomi TV Box S (2. Nesil), Google TVTN2 \u00fczerinde \u00e7al\u0131\u015f\u0131r ve kullan\u0131c\u0131lar\u0131 sonsuz bir i\u00e7erik ve e\u011flence d\u00fcnyas\u0131na ba\u011flar. Art\u0131k yerle\u015fik Google Asistan* ile kullan\u0131c\u0131lar, di\u011fer Google2 Home uyumlu cihazlar\u0131 kontrol etmenin yan\u0131 s\u0131ra program veya video aramak, hava durumunu kontrol etmek ve takvimi ayarlamak gibi sesli komutlar verebilir. Bunun \u00f6tesinde, Xiaomi TV Box S (2. Nesil), en sevdi\u011finiz e\u011flence ve uygulamalar\u0131 telefonunuzdan, tabletinizden veya diz\u00fcst\u00fc bilgisayar\u0131n\u0131zdan do\u011frudan TV&#8217;nize veya hoparl\u00f6rlerinize aktarman\u0131za olanak tan\u0131yan Google2 Chromecast yerle\u015fik teknolojisini de sunar. \u00dcst\u00fcn performans ve i\u015flevsellik Bu b\u00fcy\u00fcleyici \u00f6zelliklere g\u00fc\u00e7 sa\u011flamak i\u00e7in, Xiaomi TV Box S (2. Nesil), daha esnek bilgi i\u015flem performans\u0131 sunan h\u0131zl\u0131 ve g\u00fc\u00e7l\u00fc bir d\u00f6rt \u00e7ekirdekli i\u015flemci ile donat\u0131lm\u0131\u015ft\u0131r. Xiaomi TV Box S (2. tatmin edici g\u00f6rsel-i\u015fitsel deneyimlerin keyfini \u00e7\u0131kar\u0131n ve hayat\u0131n\u0131za daha fazla renk kat\u0131n.\n<p>Donan\u0131m Bilgisi<br \/>\n\u2022 CPU: D\u00f6rt \u00e7ekirdekli Cortex, 2,0 GHz&#8217;e kadar<br \/>\n\u2022 GPU: ARM Mali-G31 MP2<br \/>\n\u2022 RAM: 2GB<br \/>\n\u2022 Depolama: 8 GB<br \/>\n\u2022 \u0130\u015fletim Sistemi: Google TV TN2 Kablosuz ba\u011flant\u0131<br \/>\n\u2022 WiFi: 2,4 GHz\/5 GHz<br \/>\n\u2022 Bluetooth^ 5.2 Decoder<br \/>\n\u2022 Video Kod \u00c7\u00f6z\u00fcc\u00fc: 4K1@60fps&#8217;ye kadar<br \/>\n\u2022 Dolby Atmos \u00ae ve DTS-H D Desteklerini Destekler<br \/>\n\u2022 Dolby Vision\u00ae ve HDR10+<\/p>\n<p>Boyutlar<br \/>\n\u2022 Ambalajs\u0131z: 95,25 x 95,25 x 16,7 mm<br \/>\n\u2022 Ambalajl\u0131: 100,0 x 168,8 x 53,1 mm<br \/>\n\u2022 A\u011f\u0131rl\u0131k: 142 gr \u2022 Siyah renk Verim<\/li>\n<\/ul>\n<p>Ba\u011flant\u0131lar<br \/>\n\u2022 HDMI 2.1&#215;1<br \/>\n\u2022 USB 2.0 x 1<br \/>\n\u2022 G\u00fc\u00e7 Aray\u00fcz\u00fc x 1<br \/>\n\u2022 Ses \u00c7\u0131k\u0131\u015f\u0131 x 1<\/p>\n<p>Kutu \u0130\u00e7eri\u011fi<br \/>\n\u2022 Xiaomi TV Box S (2. Nesil) x1, Kullan\u0131m K\u0131lavuzu x1, Uzaktan Kumanda x1, HDMI Kablosu ve Adapt\u00f6r x1<\/p>\n<p>&nbsp;<\/p>\n<p><img decoding=\"async\" class=\"alignnone size-medium wp-image-13875\" src=\"https:\/\/flytechltd.com\/wp-content\/uploads\/2023\/12\/overview03_01-300x113.png\" alt=\"\" width=\"300\" height=\"113\" srcset=\"https:\/\/flytechltd.com\/wp-content\/uploads\/2023\/12\/overview03_01-300x113.png 300w, https:\/\/flytechltd.com\/wp-content\/uploads\/2023\/12\/overview03_01-1024x386.png 1024w, https:\/\/flytechltd.com\/wp-content\/uploads\/2023\/12\/overview03_01-768x289.png 768w, https:\/\/flytechltd.com\/wp-content\/uploads\/2023\/12\/overview03_01-1536x579.png 1536w, https:\/\/flytechltd.com\/wp-content\/uploads\/2023\/12\/overview03_01-1200x452.png 1200w, https:\/\/flytechltd.com\/wp-content\/uploads\/2023\/12\/overview03_01-150x57.png 150w, https:\/\/flytechltd.com\/wp-content\/uploads\/2023\/12\/overview03_01.png 2046w\" sizes=\"(max-width: 300px) 100vw, 300px\" \/><\/p>\n","protected":false},"excerpt":{"rendered":"<p>M\u0130TVBOX<\/p>\n","protected":false},"featured_media":13869,"comment_status":"open","ping_status":"closed","template":"","meta":[],"product_brand":[],"product_cat":[357],"product_tag":[],"class_list":{"0":"post-13854","1":"product","2":"type-product","3":"status-publish","4":"has-post-thumbnail","6":"product_cat-elektronik","8":"first","9":"instock","10":"sale","11":"shipping-taxable","12":"purchasable","13":"product-type-simple"},"aioseo_notices":[],"_links":{"self":[{"href":"https:\/\/flytechltd.com\/en\/wp-json\/wp\/v2\/product\/13854","targetHints":{"allow":["GET"]}}],"collection":[{"href":"https:\/\/flytechltd.com\/en\/wp-json\/wp\/v2\/product"}],"about":[{"href":"https:\/\/flytechltd.com\/en\/wp-json\/wp\/v2\/types\/product"}],"replies":[{"embeddable":true,"href":"https:\/\/flytechltd.com\/en\/wp-json\/wp\/v2\/comments?post=13854"}],"version-history":[{"count":0,"href":"https:\/\/flytechltd.com\/en\/wp-json\/wp\/v2\/product\/13854\/revisions"}],"wp:featuredmedia":[{"embeddable":true,"href":"https:\/\/flytechltd.com\/en\/wp-json\/wp\/v2\/media\/13869"}],"wp:attachment":[{"href":"https:\/\/flytechltd.com\/en\/wp-json\/wp\/v2\/media?parent=13854"}],"wp:term":[{"taxonomy":"product_brand","embeddable":true,"href":"https:\/\/flytechltd.com\/en\/wp-json\/wp\/v2\/product_brand?post=13854"},{"taxonomy":"product_cat","embeddable":true,"href":"https:\/\/flytechltd.com\/en\/wp-json\/wp\/v2\/product_cat?post=13854"},{"taxonomy":"product_tag","embeddable":true,"href":"https:\/\/flytechltd.com\/en\/wp-json\/wp\/v2\/product_tag?post=13854"}],"curies":[{"name":"wp","href":"https:\/\/api.w.org\/{rel}","templated":true}]}}